{"id":21885,"date":"2025-02-24T19:10:21","date_gmt":"2025-02-25T00:10:21","guid":{"rendered":"https:\/\/estudio-dokidoki.com\/fr\/?page_id=21885"},"modified":"2026-01-23T15:15:36","modified_gmt":"2026-01-23T20:15:36","slug":"strategie-seo-pour-refonte-de-site-internet","status":"publish","type":"page","link":"https:\/\/estudio-dokidoki.com\/fr\/strategie-seo-pour-refonte-de-site-internet\/","title":{"rendered":"Strat\u00e9gie SEO pour refonte de site internet"},"content":{"rendered":"\t\t<div data-elementor-type=\"wp-page\" data-elementor-id=\"21885\" class=\"elementor elementor-21885\">\n\t\t\t\t\t\t<section class=\"elementor-section elementor-top-section elementor-element elementor-element-3c63a5c8 elementor-section-full_width scheme_dark elementor-section-height-min-height elementor-section-stretched elementor-section-height-default elementor-section-items-middle sc_fly_static\" data-id=\"3c63a5c8\" data-element_type=\"section\" data-settings=\"{&quot;background_background&quot;:&quot;classic&quot;,&quot;stretch_section&quot;:&quot;section-stretched&quot;}\">\n\t\t\t\t\t\t\t<div class=\"elementor-background-overlay\"><\/div>\n\t\t\t\t\t\t\t<div class=\"elementor-container elementor-column-gap-default\">\n\t\t\t\t\t<div class=\"elementor-column elementor-col-100 elementor-top-column elementor-element elementor-element-3e666197 sc_inner_width_none sc_content_align_inherit sc_layouts_column_icons_position_left sc_fly_static\" data-id=\"3e666197\" data-element_type=\"column\">\n\t\t\t<div class=\"elementor-widget-wrap elementor-element-populated\">\n\t\t\t\t\t\t<div class=\"elementor-element elementor-element-1265903c animation_type_block sc_fly_static elementor-widget elementor-widget-spacer\" data-id=\"1265903c\" data-element_type=\"widget\" data-widget_type=\"spacer.default\">\n\t\t\t\t<div class=\"elementor-widget-container\">\n\t\t\t\t\t\t\t<div class=\"elementor-spacer\">\n\t\t\t<div class=\"elementor-spacer-inner\"><\/div>\n\t\t<\/div>\n\t\t\t\t\t\t<\/div>\n\t\t\t\t<\/div>\n\t\t\t\t<section class=\"elementor-section elementor-inner-section elementor-element elementor-element-5ddf23da elementor-section-boxed elementor-section-height-default elementor-section-height-default sc_fly_static\" data-id=\"5ddf23da\" data-element_type=\"section\">\n\t\t\t\t\t\t<div class=\"elementor-container elementor-column-gap-default\">\n\t\t\t\t\t<div class=\"elementor-column elementor-col-16 elementor-inner-column elementor-element elementor-element-74d3a418 sc_inner_width_none sc_content_align_inherit sc_layouts_column_icons_position_left sc_fly_static\" data-id=\"74d3a418\" data-element_type=\"column\">\n\t\t\t<div class=\"elementor-widget-wrap\">\n\t\t\t\t\t\t\t<\/div>\n\t\t<\/div>\n\t\t\t\t<div class=\"elementor-column elementor-col-66 elementor-inner-column elementor-element elementor-element-54890920 sc_inner_width_none sc_content_align_inherit sc_layouts_column_icons_position_left sc_fly_static\" data-id=\"54890920\" data-element_type=\"column\">\n\t\t\t<div class=\"elementor-widget-wrap elementor-element-populated\">\n\t\t\t\t\t\t<div class=\"elementor-element elementor-element-1b5b26cd animation_type_block sc_fly_static elementor-widget elementor-widget-trx_sc_title\" data-id=\"1b5b26cd\" data-element_type=\"widget\" data-widget_type=\"trx_sc_title.default\">\n\t\t\t\t<div class=\"elementor-widget-container\">\n\t\t\t\t\t<div\t\tclass=\"sc_title color_style_dark sc_title_default\" ><h1 class=\"sc_item_title sc_title_title sc_align_center sc_item_title_style_default sc_item_title_tag\"\n\t\t\t><span class=\"sc_item_title_text\">Strat\u00e9gie SEO\/GEO pour refonte de site internet<\/span><\/h1><\/div>\t\t\t\t<\/div>\n\t\t\t\t<\/div>\n\t\t\t\t\t<\/div>\n\t\t<\/div>\n\t\t\t\t<div class=\"elementor-column elementor-col-16 elementor-inner-column elementor-element elementor-element-30633e32 sc_inner_width_none sc_content_align_inherit sc_layouts_column_icons_position_left sc_fly_static\" data-id=\"30633e32\" data-element_type=\"column\">\n\t\t\t<div class=\"elementor-widget-wrap\">\n\t\t\t\t\t\t\t<\/div>\n\t\t<\/div>\n\t\t\t\t\t<\/div>\n\t\t<\/section>\n\t\t\t\t<div class=\"elementor-element elementor-element-21f3d3f2 animation_type_block sc_fly_static elementor-widget elementor-widget-spacer\" data-id=\"21f3d3f2\" data-element_type=\"widget\" data-widget_type=\"spacer.default\">\n\t\t\t\t<div class=\"elementor-widget-container\">\n\t\t\t\t\t\t\t<div class=\"elementor-spacer\">\n\t\t\t<div class=\"elementor-spacer-inner\"><\/div>\n\t\t<\/div>\n\t\t\t\t\t\t<\/div>\n\t\t\t\t<\/div>\n\t\t\t\t\t<\/div>\n\t\t<\/div>\n\t\t\t\t\t<\/div>\n\t\t<\/section>\n\t\t\t\t<section class=\"elementor-section elementor-top-section elementor-element elementor-element-610dca91 scheme_default elementor-section-boxed elementor-section-height-default elementor-section-height-default sc_fly_static\" data-id=\"610dca91\" data-element_type=\"section\" data-settings=\"{&quot;background_background&quot;:&quot;classic&quot;}\">\n\t\t\t\t\t\t<div class=\"elementor-container elementor-column-gap-default\">\n\t\t\t\t\t<div class=\"elementor-column elementor-col-100 elementor-top-column elementor-element elementor-element-22d31ce0 sc_inner_width_none sc_content_align_inherit sc_layouts_column_icons_position_left sc_fly_static\" data-id=\"22d31ce0\" data-element_type=\"column\">\n\t\t\t<div class=\"elementor-widget-wrap elementor-element-populated\">\n\t\t\t\t\t\t<div class=\"elementor-element elementor-element-2de9dd04 animation_type_block sc_fly_static elementor-widget elementor-widget-spacer\" data-id=\"2de9dd04\" data-element_type=\"widget\" data-widget_type=\"spacer.default\">\n\t\t\t\t<div class=\"elementor-widget-container\">\n\t\t\t\t\t\t\t<div class=\"elementor-spacer\">\n\t\t\t<div class=\"elementor-spacer-inner\"><\/div>\n\t\t<\/div>\n\t\t\t\t\t\t<\/div>\n\t\t\t\t<\/div>\n\t\t\t\t<div class=\"elementor-element elementor-element-6738f89b sc_layouts_hide_on_notebook sc_layouts_hide_on_tablet sc_layouts_hide_on_mobile animation_type_block sc_fly_static elementor-widget elementor-widget-spacer\" data-id=\"6738f89b\" data-element_type=\"widget\" data-widget_type=\"spacer.default\">\n\t\t\t\t<div class=\"elementor-widget-container\">\n\t\t\t\t\t\t\t<div class=\"elementor-spacer\">\n\t\t\t<div class=\"elementor-spacer-inner\"><\/div>\n\t\t<\/div>\n\t\t\t\t\t\t<\/div>\n\t\t\t\t<\/div>\n\t\t\t\t<section class=\"elementor-section-with-custom-width elementor-section elementor-inner-section elementor-element elementor-element-4e1c2da2 elementor-section-boxed elementor-section-height-default elementor-section-height-default sc_fly_static\" data-id=\"4e1c2da2\" data-element_type=\"section\">\n\t\t\t\t\t\t<div class=\"elementor-container elementor-column-gap-default\">\n\t\t\t\t\t<div class=\"elementor-column elementor-col-100 elementor-inner-column elementor-element elementor-element-28937634 sc_inner_width_none sc_content_align_inherit sc_layouts_column_icons_position_left sc_fly_static\" data-id=\"28937634\" data-element_type=\"column\">\n\t\t\t<div class=\"elementor-widget-wrap elementor-element-populated\">\n\t\t\t\t\t\t<div class=\"elementor-element elementor-element-44b4417 animation_type_block sc_fly_static elementor-widget elementor-widget-heading\" data-id=\"44b4417\" data-element_type=\"widget\" data-widget_type=\"heading.default\">\n\t\t\t\t<div class=\"elementor-widget-container\">\n\t\t\t\t\t<h1 class=\"elementor-heading-title elementor-size-default\">En quoi cela consiste ?<\/h1>\t\t\t\t<\/div>\n\t\t\t\t<\/div>\n\t\t\t\t<div class=\"elementor-element elementor-element-2b59578 animation_type_block sc_fly_static elementor-widget elementor-widget-spacer\" data-id=\"2b59578\" data-element_type=\"widget\" data-widget_type=\"spacer.default\">\n\t\t\t\t<div class=\"elementor-widget-container\">\n\t\t\t\t\t\t\t<div class=\"elementor-spacer\">\n\t\t\t<div class=\"elementor-spacer-inner\"><\/div>\n\t\t<\/div>\n\t\t\t\t\t\t<\/div>\n\t\t\t\t<\/div>\n\t\t\t\t<div class=\"elementor-element elementor-element-d194b72 animation_type_block sc_fly_static elementor-widget elementor-widget-text-editor\" data-id=\"d194b72\" data-element_type=\"widget\" data-widget_type=\"text-editor.default\">\n\t\t\t\t<div class=\"elementor-widget-container\">\n\t\t\t\t\t\t\t\t\t<p>Vous \u00eates sur le point de refaire ou actualiser votre site internet ?<\/p><p>Le meilleur conseil que nous pouvons vous donner dans ce cas de figure consiste \u00e0 faire un point sur vos performances g\u00e9n\u00e9rales en SEO (r\u00e9f\u00e9rencement naturel) et GEO (r\u00e9f\u00e9rencement sur les IA) avant de commencer \u00e0 restructurer votre site.<\/p><p>En amont de votre refonte, vous devez faire des audits, afin de savoir clairement d&rsquo;o\u00f9 viennent vos performances actuelles, ce qui vous permettra de les sauvegarder pour la suite.<\/p><p>Un <a href=\"https:\/\/estudio-dokidoki.com\/fr\/audits-techniques\/\"><strong>audit technique<\/strong><\/a> ainsi qu&rsquo;un <strong><a href=\"https:\/\/estudio-dokidoki.com\/fr\/audits-de-visibilite\/\">audit de visibilit\u00e9<\/a><\/strong> vous permettront d&rsquo;avoir un clair visuel sur tout cela.<\/p><p>Vos prochains objectifs seront clairement li\u00e9s au fait de r\u00e9ussir \u00e0 am\u00e9liorer vos performances, KPI et visibilit\u00e9 g\u00e9n\u00e9rale.<\/p><p>Afin d&rsquo;am\u00e9liorer votre positionnement strat\u00e9gique sur les moteurs de recherche, vous devrez vous concentrer sur :<\/p><ul><li>mieux maitriser vos mots cl\u00e9s<\/li><li>mieux identifier les besoins de vos clients et publics<\/li><li>mieux vous positionner par rapport \u00e0 vos concurrents<\/li><\/ul><p>Nous pouvons vous aider \u00e0 chaque \u00e9tape de ce processus, en r\u00e9alisant avec vous<strong> <a href=\"https:\/\/estudio-dokidoki.com\/fr\/services\/recherche-de-mots-cles\/\">une \u00e9tude de recherche de mots cl\u00e9s,\u00a0<\/a><\/strong> <strong><a href=\"https:\/\/estudio-dokidoki.com\/fr\/nos-prestations-seo\/identification-de-vos-personae\/\">une \u00e9tude de marche : identification de votre public et ses besoins<\/a> <\/strong>et<strong> <a href=\"https:\/\/estudio-dokidoki.com\/fr\/nos-prestations-seo\/audit-concurrentiel\/\">une \u00e9tude de march\u00e9 concurrentielle.<\/a><\/strong><\/p>\t\t\t\t\t\t\t\t<\/div>\n\t\t\t\t<\/div>\n\t\t\t\t<div class=\"elementor-element elementor-element-50620b2 animation_type_block sc_fly_static elementor-widget elementor-widget-spacer\" data-id=\"50620b2\" data-element_type=\"widget\" data-widget_type=\"spacer.default\">\n\t\t\t\t<div class=\"elementor-widget-container\">\n\t\t\t\t\t\t\t<div class=\"elementor-spacer\">\n\t\t\t<div class=\"elementor-spacer-inner\"><\/div>\n\t\t<\/div>\n\t\t\t\t\t\t<\/div>\n\t\t\t\t<\/div>\n\t\t\t\t<div class=\"elementor-element elementor-element-fa334fe animation_type_block sc_fly_static elementor-widget elementor-widget-image\" data-id=\"fa334fe\" data-element_type=\"widget\" data-widget_type=\"image.default\">\n\t\t\t\t<div class=\"elementor-widget-container\">\n\t\t\t\t\t\t\t\t\t\t\t\t\t\t\t<img fetchpriority=\"high\" decoding=\"async\" width=\"1024\" height=\"400\" src=\"https:\/\/estudio-dokidoki.com\/fr\/wp-content\/uploads\/2021\/11\/estrategia-seo-web-doki.jpg\" class=\"attachment-large size-large wp-image-18074\" alt=\"\" srcset=\"https:\/\/estudio-dokidoki.com\/fr\/wp-content\/uploads\/2021\/11\/estrategia-seo-web-doki.jpg 1024w, https:\/\/estudio-dokidoki.com\/fr\/wp-content\/uploads\/2021\/11\/estrategia-seo-web-doki-300x117.jpg 300w, https:\/\/estudio-dokidoki.com\/fr\/wp-content\/uploads\/2021\/11\/estrategia-seo-web-doki-768x300.jpg 768w, https:\/\/estudio-dokidoki.com\/fr\/wp-content\/uploads\/2021\/11\/estrategia-seo-web-doki-370x145.jpg 370w, https:\/\/estudio-dokidoki.com\/fr\/wp-content\/uploads\/2021\/11\/estrategia-seo-web-doki-840x328.jpg 840w, https:\/\/estudio-dokidoki.com\/fr\/wp-content\/uploads\/2021\/11\/estrategia-seo-web-doki-410x160.jpg 410w\" sizes=\"(max-width: 1024px) 100vw, 1024px\" \/>\t\t\t\t\t\t\t\t\t\t\t\t\t\t\t<\/div>\n\t\t\t\t<\/div>\n\t\t\t\t<div class=\"elementor-element elementor-element-5da09d94 animation_type_block sc_fly_static elementor-widget elementor-widget-spacer\" data-id=\"5da09d94\" data-element_type=\"widget\" data-widget_type=\"spacer.default\">\n\t\t\t\t<div class=\"elementor-widget-container\">\n\t\t\t\t\t\t\t<div class=\"elementor-spacer\">\n\t\t\t<div class=\"elementor-spacer-inner\"><\/div>\n\t\t<\/div>\n\t\t\t\t\t\t<\/div>\n\t\t\t\t<\/div>\n\t\t\t\t\t<\/div>\n\t\t<\/div>\n\t\t\t\t\t<\/div>\n\t\t<\/section>\n\t\t\t\t<section class=\"elementor-section-with-custom-width elementor-section elementor-inner-section elementor-element elementor-element-2c30cf02 elementor-section-boxed elementor-section-height-default elementor-section-height-default sc_fly_static\" data-id=\"2c30cf02\" data-element_type=\"section\">\n\t\t\t\t\t\t<div class=\"elementor-container elementor-column-gap-default\">\n\t\t\t\t\t<div class=\"elementor-column elementor-col-100 elementor-inner-column elementor-element elementor-element-4c32fda0 sc_inner_width_none sc_content_align_inherit sc_layouts_column_icons_position_left sc_fly_static\" data-id=\"4c32fda0\" data-element_type=\"column\">\n\t\t\t<div class=\"elementor-widget-wrap elementor-element-populated\">\n\t\t\t\t\t\t<div class=\"elementor-element elementor-element-86e5ed6 animation_type_block sc_fly_static elementor-widget elementor-widget-heading\" data-id=\"86e5ed6\" data-element_type=\"widget\" data-widget_type=\"heading.default\">\n\t\t\t\t<div class=\"elementor-widget-container\">\n\t\t\t\t\t<h2 class=\"elementor-heading-title elementor-size-default\">1. Construire votre nouvelle arborescence (Sitemap)<\/h2>\t\t\t\t<\/div>\n\t\t\t\t<\/div>\n\t\t\t\t<div class=\"elementor-element elementor-element-57f70f7 animation_type_block sc_fly_static elementor-widget elementor-widget-spacer\" data-id=\"57f70f7\" data-element_type=\"widget\" data-widget_type=\"spacer.default\">\n\t\t\t\t<div class=\"elementor-widget-container\">\n\t\t\t\t\t\t\t<div class=\"elementor-spacer\">\n\t\t\t<div class=\"elementor-spacer-inner\"><\/div>\n\t\t<\/div>\n\t\t\t\t\t\t<\/div>\n\t\t\t\t<\/div>\n\t\t\t\t<div class=\"elementor-element elementor-element-d814e85 animation_type_block sc_fly_static elementor-widget elementor-widget-text-editor\" data-id=\"d814e85\" data-element_type=\"widget\" data-widget_type=\"text-editor.default\">\n\t\t\t\t<div class=\"elementor-widget-container\">\n\t\t\t\t\t\t\t\t\t<p>Dans certaines grandes entreprises cette t\u00e2che peut faire l&rsquo;objet d&rsquo;un m\u00e9tier \u00e0 plein temps : L&rsquo;Architecte de contenu.<\/p><p><strong><a href=\"https:\/\/estudio-dokidoki.com\/fr\/services\/construction-darborescence\/\">L&rsquo;arborescence d&rsquo;un site<\/a><\/strong> est cruciale pour orienter correctement vos visiteurs \u00e0 l&rsquo;int\u00e9rieur de votre site mais aussi pour communiquer les bonnes informations aux algorithmes, qui seront attentifs \u00e0 comment vous classez vos diff\u00e9rentes sections et rubriques.<\/p><p>Si en amont vous avez r\u00e9alis\u00e9 les <strong><a href=\"https:\/\/estudio-dokidoki.com\/fr\/etudes-de-marche-digitales\/\">3 \u00e9tudes de march\u00e9<\/a><\/strong> que nous vous recommandons, alors vous saurez comment cr\u00e9er votre page d&rsquo;accueil ainsi que votre menu principal de navigation, ce qui est un bon d\u00e9but.<\/p><p>Vous devez d\u00e9sormais avancer avec m\u00e9thode depuis des informations dites g\u00e9n\u00e9rales (page d&rsquo;accueil + menu) vers des sections plus cibl\u00e9es (sous menus et sections) et enfin plus pr\u00e9cises (un produit).<\/p>\t\t\t\t\t\t\t\t<\/div>\n\t\t\t\t<\/div>\n\t\t\t\t<div class=\"elementor-element elementor-element-4d5aadad animation_type_block sc_fly_static elementor-widget elementor-widget-spacer\" data-id=\"4d5aadad\" data-element_type=\"widget\" data-widget_type=\"spacer.default\">\n\t\t\t\t<div class=\"elementor-widget-container\">\n\t\t\t\t\t\t\t<div class=\"elementor-spacer\">\n\t\t\t<div class=\"elementor-spacer-inner\"><\/div>\n\t\t<\/div>\n\t\t\t\t\t\t<\/div>\n\t\t\t\t<\/div>\n\t\t\t\t\t<\/div>\n\t\t<\/div>\n\t\t\t\t\t<\/div>\n\t\t<\/section>\n\t\t\t\t<section class=\"elementor-section-with-custom-width elementor-section elementor-inner-section elementor-element elementor-element-3462474e elementor-section-boxed elementor-section-height-default elementor-section-height-default sc_fly_static\" data-id=\"3462474e\" data-element_type=\"section\">\n\t\t\t\t\t\t<div class=\"elementor-container elementor-column-gap-default\">\n\t\t\t\t\t<div class=\"elementor-column elementor-col-100 elementor-inner-column elementor-element elementor-element-67e9e9eb sc_inner_width_none sc_content_align_inherit sc_layouts_column_icons_position_left sc_fly_static\" data-id=\"67e9e9eb\" data-element_type=\"column\">\n\t\t\t<div class=\"elementor-widget-wrap elementor-element-populated\">\n\t\t\t\t\t\t<div class=\"elementor-element elementor-element-32a13e7 animation_type_block sc_fly_static elementor-widget elementor-widget-heading\" data-id=\"32a13e7\" data-element_type=\"widget\" data-widget_type=\"heading.default\">\n\t\t\t\t<div class=\"elementor-widget-container\">\n\t\t\t\t\t<h2 class=\"elementor-heading-title elementor-size-default\">2. Configurer les pages de votre menu principal<\/h2>\t\t\t\t<\/div>\n\t\t\t\t<\/div>\n\t\t\t\t<div class=\"elementor-element elementor-element-2db11af animation_type_block sc_fly_static elementor-widget elementor-widget-spacer\" data-id=\"2db11af\" data-element_type=\"widget\" data-widget_type=\"spacer.default\">\n\t\t\t\t<div class=\"elementor-widget-container\">\n\t\t\t\t\t\t\t<div class=\"elementor-spacer\">\n\t\t\t<div class=\"elementor-spacer-inner\"><\/div>\n\t\t<\/div>\n\t\t\t\t\t\t<\/div>\n\t\t\t\t<\/div>\n\t\t\t\t<div class=\"elementor-element elementor-element-33a9095 animation_type_block sc_fly_static elementor-widget elementor-widget-text-editor\" data-id=\"33a9095\" data-element_type=\"widget\" data-widget_type=\"text-editor.default\">\n\t\t\t\t<div class=\"elementor-widget-container\">\n\t\t\t\t\t\t\t\t\t<p>Le menu principal de votre site est constitu\u00e9 de pages qui se trouvent \u00e0 1 clic de la page d&rsquo;accueil c&rsquo;est pourquoi ces pages sont consid\u00e9r\u00e9e de <strong>niveau 1<\/strong>.<\/p><p>Cr\u00e9er les sections de votre menu principal est une t\u00e2che d\u00e9licate et qui a \u00e9norm\u00e9ment d&rsquo;impact sur de nombreux domaines : l&rsquo;ergonomie de votre site, l&rsquo;exp\u00e9rience utilisateur, votre SEO, etc.<\/p><p>Certaines sections consid\u00e9r\u00e9es comme incontournables doivent s&rsquo;y trouver dans plus de 95% des cas, c&rsquo;est le cas de la page <strong>\u00e0 propos <\/strong>ou <strong>nous contacter<\/strong> par exemple.<\/p><p>En dessous des pages de niveau 1 se trouvent les pages de niveau 2 (sous menu) puis niveau 3 (cat\u00e9gorie produit) et enfin de niveau 4 (produit).<\/p>\t\t\t\t\t\t\t\t<\/div>\n\t\t\t\t<\/div>\n\t\t\t\t<div class=\"elementor-element elementor-element-2cd7046 animation_type_block sc_fly_static elementor-widget elementor-widget-spacer\" data-id=\"2cd7046\" data-element_type=\"widget\" data-widget_type=\"spacer.default\">\n\t\t\t\t<div class=\"elementor-widget-container\">\n\t\t\t\t\t\t\t<div class=\"elementor-spacer\">\n\t\t\t<div class=\"elementor-spacer-inner\"><\/div>\n\t\t<\/div>\n\t\t\t\t\t\t<\/div>\n\t\t\t\t<\/div>\n\t\t\t\t\t<\/div>\n\t\t<\/div>\n\t\t\t\t\t<\/div>\n\t\t<\/section>\n\t\t\t\t<section class=\"elementor-section-with-custom-width elementor-section elementor-inner-section elementor-element elementor-element-13cc2f62 elementor-section-boxed elementor-section-height-default elementor-section-height-default sc_fly_static\" data-id=\"13cc2f62\" data-element_type=\"section\">\n\t\t\t\t\t\t<div class=\"elementor-container elementor-column-gap-default\">\n\t\t\t\t\t<div class=\"elementor-column elementor-col-100 elementor-inner-column elementor-element elementor-element-30293e86 sc_inner_width_none sc_content_align_inherit sc_layouts_column_icons_position_left sc_fly_static\" data-id=\"30293e86\" data-element_type=\"column\">\n\t\t\t<div class=\"elementor-widget-wrap elementor-element-populated\">\n\t\t\t\t\t\t<div class=\"elementor-element elementor-element-cb5033c animation_type_block sc_fly_static elementor-widget elementor-widget-heading\" data-id=\"cb5033c\" data-element_type=\"widget\" data-widget_type=\"heading.default\">\n\t\t\t\t<div class=\"elementor-widget-container\">\n\t\t\t\t\t<h2 class=\"elementor-heading-title elementor-size-default\">3. Configurer des pages plus profondes<\/h2>\t\t\t\t<\/div>\n\t\t\t\t<\/div>\n\t\t\t\t<div class=\"elementor-element elementor-element-140e0b3 animation_type_block sc_fly_static elementor-widget elementor-widget-spacer\" data-id=\"140e0b3\" data-element_type=\"widget\" data-widget_type=\"spacer.default\">\n\t\t\t\t<div class=\"elementor-widget-container\">\n\t\t\t\t\t\t\t<div class=\"elementor-spacer\">\n\t\t\t<div class=\"elementor-spacer-inner\"><\/div>\n\t\t<\/div>\n\t\t\t\t\t\t<\/div>\n\t\t\t\t<\/div>\n\t\t\t\t<div class=\"elementor-element elementor-element-b6a3d1b animation_type_block sc_fly_static elementor-widget elementor-widget-text-editor\" data-id=\"b6a3d1b\" data-element_type=\"widget\" data-widget_type=\"text-editor.default\">\n\t\t\t\t<div class=\"elementor-widget-container\">\n\t\t\t\t\t\t\t\t\t<p>Les pages de niveau 3, 4 et 5 sont consid\u00e9r\u00e9es comme profondes et par cons\u00e9quent plus difficiles \u00e0 atteindre, par vos utilisateurs mais aussi et surtout par les robots indexeurs de Google et Bing.<\/p><p>Pour bien <strong><a href=\"https:\/\/estudio-dokidoki.com\/fr\/services\/construction-darborescence\/\">optimiser votre arborescence, menus et contenu de site<\/a><\/strong>, nous pouvons vous aider et utiliser \u00e0 bon escient l&rsquo;expertise professionnelle de notre \u00e9quipe.\u00a0<\/p>\t\t\t\t\t\t\t\t<\/div>\n\t\t\t\t<\/div>\n\t\t\t\t<div class=\"elementor-element elementor-element-7f784ea9 animation_type_block sc_fly_static elementor-widget elementor-widget-spacer\" data-id=\"7f784ea9\" data-element_type=\"widget\" data-widget_type=\"spacer.default\">\n\t\t\t\t<div class=\"elementor-widget-container\">\n\t\t\t\t\t\t\t<div class=\"elementor-spacer\">\n\t\t\t<div class=\"elementor-spacer-inner\"><\/div>\n\t\t<\/div>\n\t\t\t\t\t\t<\/div>\n\t\t\t\t<\/div>\n\t\t\t\t\t<\/div>\n\t\t<\/div>\n\t\t\t\t\t<\/div>\n\t\t<\/section>\n\t\t\t\t\t<\/div>\n\t\t<\/div>\n\t\t\t\t\t<\/div>\n\t\t<\/section>\n\t\t\t\t<section class=\"elementor-section-with-custom-width elementor-section elementor-top-section elementor-element elementor-element-1d6db3bc elementor-section-height-min-height elementor-section-stretched elementor-section-boxed elementor-section-height-default elementor-section-items-middle sc_fly_static\" data-id=\"1d6db3bc\" data-element_type=\"section\" data-settings=\"{&quot;stretch_section&quot;:&quot;section-stretched&quot;,&quot;background_background&quot;:&quot;classic&quot;}\">\n\t\t\t\t\t\t<div class=\"elementor-container elementor-column-gap-default\">\n\t\t\t\t\t<div class=\"elementor-column elementor-col-66 elementor-top-column elementor-element elementor-element-567ef652 sc_inner_width_none sc_content_align_inherit sc_layouts_column_icons_position_left sc_fly_static\" data-id=\"567ef652\" data-element_type=\"column\">\n\t\t\t<div class=\"elementor-widget-wrap elementor-element-populated\">\n\t\t\t\t\t\t<div class=\"elementor-element elementor-element-632fc47f animation_type_block sc_fly_static elementor-widget elementor-widget-heading\" data-id=\"632fc47f\" data-element_type=\"widget\" data-widget_type=\"heading.default\">\n\t\t\t\t<div class=\"elementor-widget-container\">\n\t\t\t\t\t<h5 class=\"elementor-heading-title elementor-size-default\">\"Nos experts peuvent vous aider \u00e0 d\u00e9terminer quelle strat\u00e9gie adopter, et quelles d\u00e9cisions prendre.\"<\/h5>\t\t\t\t<\/div>\n\t\t\t\t<\/div>\n\t\t\t\t\t<\/div>\n\t\t<\/div>\n\t\t\t\t<div class=\"elementor-column elementor-col-33 elementor-top-column elementor-element elementor-element-67bbdaac sc_inner_width_none sc_content_align_inherit sc_layouts_column_icons_position_left sc_fly_static\" data-id=\"67bbdaac\" data-element_type=\"column\">\n\t\t\t<div class=\"elementor-widget-wrap elementor-element-populated\">\n\t\t\t\t\t\t<div class=\"elementor-element elementor-element-54ca9edb elementor-align-center animation_type_block sc_fly_static elementor-widget elementor-widget-button\" data-id=\"54ca9edb\" data-element_type=\"widget\" data-widget_type=\"button.default\">\n\t\t\t\t<div class=\"elementor-widget-container\">\n\t\t\t\t\t\t\t\t\t<div class=\"elementor-button-wrapper\">\n\t\t\t\t\t<a class=\"elementor-button elementor-button-link elementor-size-sm\" href=\"https:\/\/estudio-dokidoki.com\/fr\/nous-contacter\/\">\n\t\t\t\t\t\t<span class=\"elementor-button-content-wrapper\">\n\t\t\t\t\t\t\t\t\t<span class=\"elementor-button-text\">Contactez-nous !<\/span>\n\t\t\t\t\t<\/span>\n\t\t\t\t\t<\/a>\n\t\t\t\t<\/div>\n\t\t\t\t\t\t\t\t<\/div>\n\t\t\t\t<\/div>\n\t\t\t\t\t<\/div>\n\t\t<\/div>\n\t\t\t\t\t<\/div>\n\t\t<\/section>\n\t\t\t\t<\/div>\n\t\t","protected":false},"excerpt":{"rendered":"<p>Strat\u00e9gie SEO\/GEO pour refonte de site internet En quoi cela consiste ? Vous \u00eates sur&hellip;<\/p>\n","protected":false},"author":4,"featured_media":0,"parent":0,"menu_order":0,"comment_status":"closed","ping_status":"closed","template":"","meta":{"footnotes":""},"class_list":["post-21885","page","type-page","status-publish","hentry"],"_links":{"self":[{"href":"https:\/\/estudio-dokidoki.com\/fr\/wp-json\/wp\/v2\/pages\/21885","targetHints":{"allow":["GET"]}}],"collection":[{"href":"https:\/\/estudio-dokidoki.com\/fr\/wp-json\/wp\/v2\/pages"}],"about":[{"href":"https:\/\/estudio-dokidoki.com\/fr\/wp-json\/wp\/v2\/types\/page"}],"author":[{"embeddable":true,"href":"https:\/\/estudio-dokidoki.com\/fr\/wp-json\/wp\/v2\/users\/4"}],"replies":[{"embeddable":true,"href":"https:\/\/estudio-dokidoki.com\/fr\/wp-json\/wp\/v2\/comments?post=21885"}],"version-history":[{"count":18,"href":"https:\/\/estudio-dokidoki.com\/fr\/wp-json\/wp\/v2\/pages\/21885\/revisions"}],"predecessor-version":[{"id":22109,"href":"https:\/\/estudio-dokidoki.com\/fr\/wp-json\/wp\/v2\/pages\/21885\/revisions\/22109"}],"wp:attachment":[{"href":"https:\/\/estudio-dokidoki.com\/fr\/wp-json\/wp\/v2\/media?parent=21885"}],"curies":[{"name":"wp","href":"https:\/\/api.w.org\/{rel}","templated":true}]}}