{"id":21825,"date":"2025-02-22T17:19:29","date_gmt":"2025-02-22T22:19:29","guid":{"rendered":"https:\/\/estudio-dokidoki.com\/fr\/?page_id=21825"},"modified":"2025-02-22T17:28:16","modified_gmt":"2025-02-22T22:28:16","slug":"nos-audits-sea","status":"publish","type":"page","link":"https:\/\/estudio-dokidoki.com\/fr\/nos-audits-sea\/","title":{"rendered":"Nos audits SEA"},"content":{"rendered":"\t\t<div data-elementor-type=\"wp-page\" data-elementor-id=\"21825\" class=\"elementor elementor-21825\">\n\t\t\t\t\t\t<section class=\"elementor-section elementor-top-section elementor-element elementor-element-49f1b9ef elementor-section-full_width scheme_dark elementor-section-height-min-height elementor-section-stretched elementor-section-height-default elementor-section-items-middle sc_fly_static\" data-id=\"49f1b9ef\" data-element_type=\"section\" data-settings=\"{&quot;background_background&quot;:&quot;classic&quot;,&quot;stretch_section&quot;:&quot;section-stretched&quot;}\">\n\t\t\t\t\t\t\t<div class=\"elementor-background-overlay\"><\/div>\n\t\t\t\t\t\t\t<div class=\"elementor-container elementor-column-gap-default\">\n\t\t\t\t\t<div class=\"elementor-column elementor-col-100 elementor-top-column elementor-element elementor-element-5ada81ca sc_inner_width_none sc_content_align_inherit sc_layouts_column_icons_position_left sc_fly_static\" data-id=\"5ada81ca\" data-element_type=\"column\">\n\t\t\t<div class=\"elementor-widget-wrap elementor-element-populated\">\n\t\t\t\t\t\t<div class=\"elementor-element elementor-element-3e986a4e animation_type_block sc_fly_static elementor-widget elementor-widget-spacer\" data-id=\"3e986a4e\" data-element_type=\"widget\" data-widget_type=\"spacer.default\">\n\t\t\t\t<div class=\"elementor-widget-container\">\n\t\t\t\t\t\t\t<div class=\"elementor-spacer\">\n\t\t\t<div class=\"elementor-spacer-inner\"><\/div>\n\t\t<\/div>\n\t\t\t\t\t\t<\/div>\n\t\t\t\t<\/div>\n\t\t\t\t<section class=\"elementor-section elementor-inner-section elementor-element elementor-element-77b3cc2c elementor-section-boxed elementor-section-height-default elementor-section-height-default sc_fly_static\" data-id=\"77b3cc2c\" data-element_type=\"section\">\n\t\t\t\t\t\t<div class=\"elementor-container elementor-column-gap-default\">\n\t\t\t\t\t<div class=\"elementor-column elementor-col-16 elementor-inner-column elementor-element elementor-element-60a65a3 sc_inner_width_none sc_content_align_inherit sc_layouts_column_icons_position_left sc_fly_static\" data-id=\"60a65a3\" data-element_type=\"column\">\n\t\t\t<div class=\"elementor-widget-wrap\">\n\t\t\t\t\t\t\t<\/div>\n\t\t<\/div>\n\t\t\t\t<div class=\"elementor-column elementor-col-66 elementor-inner-column elementor-element elementor-element-71481e0e sc_inner_width_none sc_content_align_inherit sc_layouts_column_icons_position_left sc_fly_static\" data-id=\"71481e0e\" data-element_type=\"column\">\n\t\t\t<div class=\"elementor-widget-wrap elementor-element-populated\">\n\t\t\t\t\t\t<div class=\"elementor-element elementor-element-5735269d animation_type_block sc_fly_static elementor-widget elementor-widget-trx_sc_title\" data-id=\"5735269d\" data-element_type=\"widget\" data-widget_type=\"trx_sc_title.default\">\n\t\t\t\t<div class=\"elementor-widget-container\">\n\t\t\t\t\t<div\t\tclass=\"sc_title color_style_dark sc_title_default\" ><h1 class=\"sc_item_title sc_title_title sc_align_center sc_item_title_style_default sc_item_title_tag\"\n\t\t\t><span class=\"sc_item_title_text\">Nos audits SEA<\/span><\/h1><\/div>\t\t\t\t<\/div>\n\t\t\t\t<\/div>\n\t\t\t\t\t<\/div>\n\t\t<\/div>\n\t\t\t\t<div class=\"elementor-column elementor-col-16 elementor-inner-column elementor-element elementor-element-555c93d sc_inner_width_none sc_content_align_inherit sc_layouts_column_icons_position_left sc_fly_static\" data-id=\"555c93d\" data-element_type=\"column\">\n\t\t\t<div class=\"elementor-widget-wrap\">\n\t\t\t\t\t\t\t<\/div>\n\t\t<\/div>\n\t\t\t\t\t<\/div>\n\t\t<\/section>\n\t\t\t\t<div class=\"elementor-element elementor-element-547dbc3c animation_type_block sc_fly_static elementor-widget elementor-widget-spacer\" data-id=\"547dbc3c\" data-element_type=\"widget\" data-widget_type=\"spacer.default\">\n\t\t\t\t<div class=\"elementor-widget-container\">\n\t\t\t\t\t\t\t<div class=\"elementor-spacer\">\n\t\t\t<div class=\"elementor-spacer-inner\"><\/div>\n\t\t<\/div>\n\t\t\t\t\t\t<\/div>\n\t\t\t\t<\/div>\n\t\t\t\t\t<\/div>\n\t\t<\/div>\n\t\t\t\t\t<\/div>\n\t\t<\/section>\n\t\t\t\t<section class=\"elementor-section-with-custom-width elementor-section elementor-top-section elementor-element elementor-element-610dca91 scheme_default elementor-section-boxed elementor-section-height-default elementor-section-height-default sc_fly_static\" data-id=\"610dca91\" data-element_type=\"section\" data-settings=\"{&quot;background_background&quot;:&quot;classic&quot;}\">\n\t\t\t\t\t\t<div class=\"elementor-container elementor-column-gap-default\">\n\t\t\t\t\t<div class=\"elementor-column elementor-col-100 elementor-top-column elementor-element elementor-element-22d31ce0 sc_inner_width_none sc_content_align_inherit sc_layouts_column_icons_position_left sc_fly_static\" data-id=\"22d31ce0\" data-element_type=\"column\">\n\t\t\t<div class=\"elementor-widget-wrap elementor-element-populated\">\n\t\t\t\t\t\t<div class=\"elementor-element elementor-element-2de9dd04 animation_type_block sc_fly_static elementor-widget elementor-widget-spacer\" data-id=\"2de9dd04\" data-element_type=\"widget\" data-widget_type=\"spacer.default\">\n\t\t\t\t<div class=\"elementor-widget-container\">\n\t\t\t\t\t\t\t<div class=\"elementor-spacer\">\n\t\t\t<div class=\"elementor-spacer-inner\"><\/div>\n\t\t<\/div>\n\t\t\t\t\t\t<\/div>\n\t\t\t\t<\/div>\n\t\t\t\t<div class=\"elementor-element elementor-element-6738f89b sc_layouts_hide_on_notebook sc_layouts_hide_on_tablet sc_layouts_hide_on_mobile animation_type_block sc_fly_static elementor-widget elementor-widget-spacer\" data-id=\"6738f89b\" data-element_type=\"widget\" data-widget_type=\"spacer.default\">\n\t\t\t\t<div class=\"elementor-widget-container\">\n\t\t\t\t\t\t\t<div class=\"elementor-spacer\">\n\t\t\t<div class=\"elementor-spacer-inner\"><\/div>\n\t\t<\/div>\n\t\t\t\t\t\t<\/div>\n\t\t\t\t<\/div>\n\t\t\t\t<section class=\"elementor-section-with-custom-width elementor-section elementor-inner-section elementor-element elementor-element-3462474e elementor-section-boxed elementor-section-height-default elementor-section-height-default sc_fly_static\" data-id=\"3462474e\" data-element_type=\"section\">\n\t\t\t\t\t\t<div class=\"elementor-container elementor-column-gap-default\">\n\t\t\t\t\t<div class=\"elementor-column elementor-col-100 elementor-inner-column elementor-element elementor-element-67e9e9eb sc_inner_width_none sc_content_align_inherit sc_layouts_column_icons_position_left sc_fly_static\" data-id=\"67e9e9eb\" data-element_type=\"column\">\n\t\t\t<div class=\"elementor-widget-wrap elementor-element-populated\">\n\t\t\t\t\t\t<div class=\"elementor-element elementor-element-0513b95 animation_type_block sc_fly_static elementor-widget elementor-widget-heading\" data-id=\"0513b95\" data-element_type=\"widget\" data-widget_type=\"heading.default\">\n\t\t\t\t<div class=\"elementor-widget-container\">\n\t\t\t\t\t<h2 class=\"elementor-heading-title elementor-size-default\">Auditez vos campagnes SEA<\/h2>\t\t\t\t<\/div>\n\t\t\t\t<\/div>\n\t\t\t\t<div class=\"elementor-element elementor-element-50b3e23 animation_type_block sc_fly_static elementor-widget elementor-widget-spacer\" data-id=\"50b3e23\" data-element_type=\"widget\" data-widget_type=\"spacer.default\">\n\t\t\t\t<div class=\"elementor-widget-container\">\n\t\t\t\t\t\t\t<div class=\"elementor-spacer\">\n\t\t\t<div class=\"elementor-spacer-inner\"><\/div>\n\t\t<\/div>\n\t\t\t\t\t\t<\/div>\n\t\t\t\t<\/div>\n\t\t\t\t<div class=\"elementor-element elementor-element-bbda5aa sc_layouts_hide_on_mobile animation_type_block sc_fly_static elementor-widget elementor-widget-trx_sc_services\" data-id=\"bbda5aa\" data-element_type=\"widget\" data-widget_type=\"trx_sc_services.default\">\n\t\t\t\t<div class=\"elementor-widget-container\">\n\t\t\t\t\t<div class=\"sc_services sc_services_price sc_services_featured_top\"><div class=\"sc_services_columns_wrap sc_item_columns sc_item_posts_container sc_item_columns_3 trx_addons_columns_wrap columns_padding_bottom columns_in_single_row\"><div class=\"trx_addons_column-1_3\"><div data-post-id=\"20674\" class=\"sc_services_item sc_item_container post_container with_content with_image sc_services_item_featured_top post-20674 cpt_services type-cpt_services status-publish has-post-thumbnail hentry cpt_services_group-audits-sea\">\n\t<div class=\"post_featured with_thumb hover_link sc_services_item_thumb\"><img fetchpriority=\"high\" decoding=\"async\" width=\"890\" height=\"664\" src=\"https:\/\/estudio-dokidoki.com\/fr\/wp-content\/uploads\/2022\/08\/lukas-blazek-mcSDtbWXUZU-unsplash-890x664.jpg\" class=\"attachment-qwery-thumb-square size-qwery-thumb-square wp-post-image\" alt=\"\" \/>\t\t\t\t\t\t<div class=\"mask\"><\/div>\n\t\t\t\t\t\t<a class=\"post_link sc_services_item_link\" href=\"https:\/\/estudio-dokidoki.com\/fr\/nos-prestations-sea\/audit-de-compte\/\"><\/a>\t\t\t<a href=\"https:\/\/estudio-dokidoki.com\/fr\/nos-prestations-sea\/audit-de-compte\/\"  aria-hidden=\"true\" class=\"link\"><\/a>\n\t\t\t<\/div>\t\n\t<div class=\"sc_services_item_info\">\n\t\t\t\t<div class=\"sc_services_item_header\">\n\t\t\t            <div class=\"sc_services_item_title_wrap\">\n                <h4 class=\"sc_services_item_title entry-title\"><a href=\"https:\/\/estudio-dokidoki.com\/fr\/nos-prestations-sea\/audit-de-compte\/\">Audit de compte<\/a><\/h4>\n                <\/div>\t\t<\/div>\n\t\t\t\t\t\t\t<div class=\"sc_services_item_content\"><p>Faites un \u00e9tat des lieux complet de vos campagnes d\u2019acquisition (sur Google Ads et Bing Ads). Identifiez les domaines qui peuvent \u00eatre am\u00e9lior\u00e9s pour booster vos performances de campagnes et obtenir un meilleur retour sur investissement.<\/p>\n<\/div><div class=\"sc_services_item_button sc_item_button\">\n            <a href=\"https:\/\/estudio-dokidoki.com\/fr\/nos-prestations-sea\/audit-de-compte\/\" class=\"sc_services_item_more_link\">\n                <span class=\"link_text\">Voir plus<\/span><span class=\"link_icon\"><\/span>\n            <\/a>\n            <\/div><\/div>\n<\/div>\n<\/div><div class=\"trx_addons_column-1_3\"><div data-post-id=\"20851\" class=\"sc_services_item sc_item_container post_container with_content with_image sc_services_item_featured_top post-20851 cpt_services type-cpt_services status-publish has-post-thumbnail hentry cpt_services_group-audits-sea\">\n\t<div class=\"post_featured with_thumb hover_link sc_services_item_thumb\"><img decoding=\"async\" width=\"890\" height=\"664\" src=\"https:\/\/estudio-dokidoki.com\/fr\/wp-content\/uploads\/2023\/03\/charlesdeluvio-tcwNN4B9uWE-unsplash-890x664.jpg\" class=\"attachment-qwery-thumb-square size-qwery-thumb-square wp-post-image\" alt=\"\" \/>\t\t\t\t\t\t<div class=\"mask\"><\/div>\n\t\t\t\t\t\t<a class=\"post_link sc_services_item_link\" href=\"https:\/\/estudio-dokidoki.com\/fr\/nos-prestations-sea\/audit-de-compte-merchant-center\/\"><\/a>\t\t\t<a href=\"https:\/\/estudio-dokidoki.com\/fr\/nos-prestations-sea\/audit-de-compte-merchant-center\/\"  aria-hidden=\"true\" class=\"link\"><\/a>\n\t\t\t<\/div>\t\n\t<div class=\"sc_services_item_info\">\n\t\t\t\t<div class=\"sc_services_item_header\">\n\t\t\t            <div class=\"sc_services_item_title_wrap\">\n                <h4 class=\"sc_services_item_title entry-title\"><a href=\"https:\/\/estudio-dokidoki.com\/fr\/nos-prestations-sea\/audit-de-compte-merchant-center\/\">Audit de compte Merchant Center<\/a><\/h4>\n                <\/div>\t\t<\/div>\n\t\t\t\t\t\t\t<div class=\"sc_services_item_content\"><p>Faites une \u00e9valuation approfondie de votre compte Merchant Center pour en d\u00e9terminer les forces et les faiblesses.<\/p>\n<\/div><div class=\"sc_services_item_button sc_item_button\">\n            <a href=\"https:\/\/estudio-dokidoki.com\/fr\/nos-prestations-sea\/audit-de-compte-merchant-center\/\" class=\"sc_services_item_more_link\">\n                <span class=\"link_text\">Voir plus<\/span><span class=\"link_icon\"><\/span>\n            <\/a>\n            <\/div><\/div>\n<\/div>\n<\/div><\/div><\/div>\t\t\t\t<\/div>\n\t\t\t\t<\/div>\n\t\t\t\t<div class=\"elementor-element elementor-element-b7d1348 sc_layouts_hide_on_wide sc_layouts_hide_on_desktop sc_layouts_hide_on_notebook sc_layouts_hide_on_tablet animation_type_block sc_fly_static elementor-widget elementor-widget-heading\" data-id=\"b7d1348\" data-element_type=\"widget\" data-widget_type=\"heading.default\">\n\t\t\t\t<div class=\"elementor-widget-container\">\n\t\t\t\t\t<h2 class=\"elementor-heading-title elementor-size-default\">Auditez vos campagnes SEA<\/h2>\t\t\t\t<\/div>\n\t\t\t\t<\/div>\n\t\t\t\t<div class=\"elementor-element elementor-element-264b87e sc_layouts_hide_on_wide sc_layouts_hide_on_desktop sc_layouts_hide_on_notebook sc_layouts_hide_on_tablet animation_type_block sc_fly_static elementor-widget elementor-widget-spacer\" data-id=\"264b87e\" data-element_type=\"widget\" data-widget_type=\"spacer.default\">\n\t\t\t\t<div class=\"elementor-widget-container\">\n\t\t\t\t\t\t\t<div class=\"elementor-spacer\">\n\t\t\t<div class=\"elementor-spacer-inner\"><\/div>\n\t\t<\/div>\n\t\t\t\t\t\t<\/div>\n\t\t\t\t<\/div>\n\t\t\t\t<div class=\"elementor-element elementor-element-4fa9553 sc_layouts_hide_on_wide sc_layouts_hide_on_desktop sc_layouts_hide_on_notebook sc_layouts_hide_on_tablet animation_type_block sc_fly_static elementor-widget elementor-widget-trx_sc_services\" data-id=\"4fa9553\" data-element_type=\"widget\" data-widget_type=\"trx_sc_services.default\">\n\t\t\t\t<div class=\"elementor-widget-container\">\n\t\t\t\t\t<div class=\"sc_services sc_services_price sc_services_featured_top\"><div class=\"sc_services_content sc_item_content sc_item_posts_container sc_item_columns_1\"><div data-post-id=\"20674\" class=\"sc_services_item sc_item_container post_container with_content with_image sc_services_item_featured_top post-20674 cpt_services type-cpt_services status-publish has-post-thumbnail hentry cpt_services_group-audits-sea\">\n\t<div class=\"post_featured with_thumb hover_link sc_services_item_thumb\"><img decoding=\"async\" width=\"840\" height=\"473\" src=\"https:\/\/estudio-dokidoki.com\/fr\/wp-content\/uploads\/2022\/08\/lukas-blazek-mcSDtbWXUZU-unsplash-840x473.jpg\" class=\"attachment-qwery-thumb-big size-qwery-thumb-big wp-post-image\" alt=\"\" srcset=\"https:\/\/estudio-dokidoki.com\/fr\/wp-content\/uploads\/2022\/08\/lukas-blazek-mcSDtbWXUZU-unsplash-840x473.jpg 840w, https:\/\/estudio-dokidoki.com\/fr\/wp-content\/uploads\/2022\/08\/lukas-blazek-mcSDtbWXUZU-unsplash-1290x725.jpg 1290w, https:\/\/estudio-dokidoki.com\/fr\/wp-content\/uploads\/2022\/08\/lukas-blazek-mcSDtbWXUZU-unsplash-410x230.jpg 410w, https:\/\/estudio-dokidoki.com\/fr\/wp-content\/uploads\/2022\/08\/lukas-blazek-mcSDtbWXUZU-unsplash-270x152.jpg 270w\" sizes=\"(max-width: 840px) 100vw, 840px\" \/>\t\t\t\t\t\t<div class=\"mask\"><\/div>\n\t\t\t\t\t\t<a class=\"post_link sc_services_item_link\" href=\"https:\/\/estudio-dokidoki.com\/fr\/nos-prestations-sea\/audit-de-compte\/\"><\/a>\t\t\t<a href=\"https:\/\/estudio-dokidoki.com\/fr\/nos-prestations-sea\/audit-de-compte\/\"  aria-hidden=\"true\" class=\"link\"><\/a>\n\t\t\t<\/div>\t\n\t<div class=\"sc_services_item_info\">\n\t\t\t\t<div class=\"sc_services_item_header\">\n\t\t\t            <div class=\"sc_services_item_title_wrap\">\n                <h4 class=\"sc_services_item_title entry-title\"><a href=\"https:\/\/estudio-dokidoki.com\/fr\/nos-prestations-sea\/audit-de-compte\/\">Audit de compte<\/a><\/h4>\n                <\/div>\t\t<\/div>\n\t\t\t\t\t\t\t<div class=\"sc_services_item_content\"><p>Faites un \u00e9tat des lieux complet de vos campagnes d\u2019acquisition (sur Google Ads et Bing Ads). Identifiez les domaines qui peuvent \u00eatre am\u00e9lior\u00e9s pour booster vos performances de campagnes et obtenir un meilleur retour sur investissement.<\/p>\n<\/div><div class=\"sc_services_item_button sc_item_button\">\n            <a href=\"https:\/\/estudio-dokidoki.com\/fr\/nos-prestations-sea\/audit-de-compte\/\" class=\"sc_services_item_more_link\">\n                <span class=\"link_text\">Voir plus<\/span><span class=\"link_icon\"><\/span>\n            <\/a>\n            <\/div><\/div>\n<\/div>\n<\/div><\/div>\t\t\t\t<\/div>\n\t\t\t\t<\/div>\n\t\t\t\t<div class=\"elementor-element elementor-element-1eb21b1 sc_layouts_hide_on_wide sc_layouts_hide_on_desktop sc_layouts_hide_on_notebook sc_layouts_hide_on_tablet animation_type_block sc_fly_static elementor-widget elementor-widget-trx_sc_services\" data-id=\"1eb21b1\" data-element_type=\"widget\" data-widget_type=\"trx_sc_services.default\">\n\t\t\t\t<div class=\"elementor-widget-container\">\n\t\t\t\t\t<div class=\"sc_services sc_services_price sc_services_featured_top\"><div class=\"sc_services_content sc_item_content sc_item_posts_container sc_item_columns_1\"><div data-post-id=\"20851\" class=\"sc_services_item sc_item_container post_container with_content with_image sc_services_item_featured_top post-20851 cpt_services type-cpt_services status-publish has-post-thumbnail hentry cpt_services_group-audits-sea\">\n\t<div class=\"post_featured with_thumb hover_link sc_services_item_thumb\"><img loading=\"lazy\" decoding=\"async\" width=\"840\" height=\"473\" src=\"https:\/\/estudio-dokidoki.com\/fr\/wp-content\/uploads\/2023\/03\/charlesdeluvio-tcwNN4B9uWE-unsplash-840x473.jpg\" class=\"attachment-qwery-thumb-big size-qwery-thumb-big wp-post-image\" alt=\"\" srcset=\"https:\/\/estudio-dokidoki.com\/fr\/wp-content\/uploads\/2023\/03\/charlesdeluvio-tcwNN4B9uWE-unsplash-840x473.jpg 840w, https:\/\/estudio-dokidoki.com\/fr\/wp-content\/uploads\/2023\/03\/charlesdeluvio-tcwNN4B9uWE-unsplash-1290x725.jpg 1290w, https:\/\/estudio-dokidoki.com\/fr\/wp-content\/uploads\/2023\/03\/charlesdeluvio-tcwNN4B9uWE-unsplash-410x230.jpg 410w, https:\/\/estudio-dokidoki.com\/fr\/wp-content\/uploads\/2023\/03\/charlesdeluvio-tcwNN4B9uWE-unsplash-270x152.jpg 270w\" sizes=\"(max-width: 840px) 100vw, 840px\" \/>\t\t\t\t\t\t<div class=\"mask\"><\/div>\n\t\t\t\t\t\t<a class=\"post_link sc_services_item_link\" href=\"https:\/\/estudio-dokidoki.com\/fr\/nos-prestations-sea\/audit-de-compte-merchant-center\/\"><\/a>\t\t\t<a href=\"https:\/\/estudio-dokidoki.com\/fr\/nos-prestations-sea\/audit-de-compte-merchant-center\/\"  aria-hidden=\"true\" class=\"link\"><\/a>\n\t\t\t<\/div>\t\n\t<div class=\"sc_services_item_info\">\n\t\t\t\t<div class=\"sc_services_item_header\">\n\t\t\t            <div class=\"sc_services_item_title_wrap\">\n                <h4 class=\"sc_services_item_title entry-title\"><a href=\"https:\/\/estudio-dokidoki.com\/fr\/nos-prestations-sea\/audit-de-compte-merchant-center\/\">Audit de compte Merchant Center<\/a><\/h4>\n                <\/div>\t\t<\/div>\n\t\t\t\t\t\t\t<div class=\"sc_services_item_content\"><p>Faites une \u00e9valuation approfondie de votre compte Merchant Center pour en d\u00e9terminer les forces et les faiblesses.<\/p>\n<\/div><div class=\"sc_services_item_button sc_item_button\">\n            <a href=\"https:\/\/estudio-dokidoki.com\/fr\/nos-prestations-sea\/audit-de-compte-merchant-center\/\" class=\"sc_services_item_more_link\">\n                <span class=\"link_text\">Voir plus<\/span><span class=\"link_icon\"><\/span>\n            <\/a>\n            <\/div><\/div>\n<\/div>\n<\/div><\/div>\t\t\t\t<\/div>\n\t\t\t\t<\/div>\n\t\t\t\t<div class=\"elementor-element elementor-element-42c09a4 sc_layouts_hide_on_mobile animation_type_block sc_fly_static elementor-widget elementor-widget-spacer\" data-id=\"42c09a4\" data-element_type=\"widget\" data-widget_type=\"spacer.default\">\n\t\t\t\t<div class=\"elementor-widget-container\">\n\t\t\t\t\t\t\t<div class=\"elementor-spacer\">\n\t\t\t<div class=\"elementor-spacer-inner\"><\/div>\n\t\t<\/div>\n\t\t\t\t\t\t<\/div>\n\t\t\t\t<\/div>\n\t\t\t\t\t<\/div>\n\t\t<\/div>\n\t\t\t\t\t<\/div>\n\t\t<\/section>\n\t\t\t\t<section class=\"elementor-section-with-custom-width elementor-section elementor-inner-section elementor-element elementor-element-13cc2f62 elementor-section-boxed elementor-section-height-default elementor-section-height-default sc_fly_static\" data-id=\"13cc2f62\" data-element_type=\"section\">\n\t\t\t\t\t\t<div class=\"elementor-container elementor-column-gap-default\">\n\t\t\t\t\t<div class=\"elementor-column elementor-col-100 elementor-inner-column elementor-element elementor-element-30293e86 sc_inner_width_none sc_content_align_inherit sc_layouts_column_icons_position_left sc_fly_static\" data-id=\"30293e86\" data-element_type=\"column\">\n\t\t\t<div class=\"elementor-widget-wrap\">\n\t\t\t\t\t\t\t<\/div>\n\t\t<\/div>\n\t\t\t\t\t<\/div>\n\t\t<\/section>\n\t\t\t\t\t<\/div>\n\t\t<\/div>\n\t\t\t\t\t<\/div>\n\t\t<\/section>\n\t\t\t\t<section class=\"elementor-section elementor-top-section elementor-element elementor-element-da8d8a5 elementor-section-boxed elementor-section-height-default elementor-section-height-default sc_fly_static\" data-id=\"da8d8a5\" data-element_type=\"section\">\n\t\t\t\t\t\t<div class=\"elementor-container elementor-column-gap-default\">\n\t\t\t\t\t<div class=\"elementor-column elementor-col-100 elementor-top-column elementor-element elementor-element-342e06d sc_inner_width_none sc_content_align_inherit sc_layouts_column_icons_position_left sc_fly_static\" data-id=\"342e06d\" data-element_type=\"column\">\n\t\t\t<div class=\"elementor-widget-wrap elementor-element-populated\">\n\t\t\t\t\t\t<div class=\"elementor-element elementor-element-94f9bef animation_type_block sc_fly_static elementor-widget elementor-widget-spacer\" data-id=\"94f9bef\" data-element_type=\"widget\" data-widget_type=\"spacer.default\">\n\t\t\t\t<div class=\"elementor-widget-container\">\n\t\t\t\t\t\t\t<div class=\"elementor-spacer\">\n\t\t\t<div class=\"elementor-spacer-inner\"><\/div>\n\t\t<\/div>\n\t\t\t\t\t\t<\/div>\n\t\t\t\t<\/div>\n\t\t\t\t<div class=\"elementor-element elementor-element-143e359 sc_layouts_hide_on_notebook sc_layouts_hide_on_tablet sc_layouts_hide_on_mobile animation_type_block sc_fly_static elementor-widget elementor-widget-spacer\" data-id=\"143e359\" data-element_type=\"widget\" data-widget_type=\"spacer.default\">\n\t\t\t\t<div class=\"elementor-widget-container\">\n\t\t\t\t\t\t\t<div class=\"elementor-spacer\">\n\t\t\t<div class=\"elementor-spacer-inner\"><\/div>\n\t\t<\/div>\n\t\t\t\t\t\t<\/div>\n\t\t\t\t<\/div>\n\t\t\t\t\t<\/div>\n\t\t<\/div>\n\t\t\t\t\t<\/div>\n\t\t<\/section>\n\t\t\t\t<\/div>\n\t\t","protected":false},"excerpt":{"rendered":"<p>Nos audits SEA Auditez vos campagnes SEA Audit de compte Faites un \u00e9tat des lieux&hellip;<\/p>\n","protected":false},"author":4,"featured_media":0,"parent":0,"menu_order":0,"comment_status":"closed","ping_status":"closed","template":"","meta":{"footnotes":""},"class_list":["post-21825","page","type-page","status-publish","hentry"],"_links":{"self":[{"href":"https:\/\/estudio-dokidoki.com\/fr\/wp-json\/wp\/v2\/pages\/21825","targetHints":{"allow":["GET"]}}],"collection":[{"href":"https:\/\/estudio-dokidoki.com\/fr\/wp-json\/wp\/v2\/pages"}],"about":[{"href":"https:\/\/estudio-dokidoki.com\/fr\/wp-json\/wp\/v2\/types\/page"}],"author":[{"embeddable":true,"href":"https:\/\/estudio-dokidoki.com\/fr\/wp-json\/wp\/v2\/users\/4"}],"replies":[{"embeddable":true,"href":"https:\/\/estudio-dokidoki.com\/fr\/wp-json\/wp\/v2\/comments?post=21825"}],"version-history":[{"count":10,"href":"https:\/\/estudio-dokidoki.com\/fr\/wp-json\/wp\/v2\/pages\/21825\/revisions"}],"predecessor-version":[{"id":21843,"href":"https:\/\/estudio-dokidoki.com\/fr\/wp-json\/wp\/v2\/pages\/21825\/revisions\/21843"}],"wp:attachment":[{"href":"https:\/\/estudio-dokidoki.com\/fr\/wp-json\/wp\/v2\/media?parent=21825"}],"curies":[{"name":"wp","href":"https:\/\/api.w.org\/{rel}","templated":true}]}}