{"id":20872,"date":"2023-03-14T14:36:11","date_gmt":"2023-03-14T19:36:11","guid":{"rendered":"https:\/\/estudio-dokidoki.com\/fr\/?page_id=20872"},"modified":"2023-03-29T19:53:23","modified_gmt":"2023-03-30T00:53:23","slug":"campagne-shopping","status":"publish","type":"page","link":"https:\/\/estudio-dokidoki.com\/fr\/nos-prestations-sea\/campagne-shopping\/","title":{"rendered":"Campagne Shopping"},"content":{"rendered":"\t\t<div data-elementor-type=\"wp-page\" data-elementor-id=\"20872\" class=\"elementor elementor-20872\">\n\t\t\t\t\t\t<section class=\"elementor-section elementor-top-section elementor-element elementor-element-47b4f8dc elementor-section-full_width scheme_dark elementor-section-height-min-height elementor-section-stretched elementor-section-height-default elementor-section-items-middle sc_fly_static\" data-id=\"47b4f8dc\" data-element_type=\"section\" data-settings=\"{&quot;background_background&quot;:&quot;classic&quot;,&quot;stretch_section&quot;:&quot;section-stretched&quot;}\">\n\t\t\t\t\t\t\t<div class=\"elementor-background-overlay\"><\/div>\n\t\t\t\t\t\t\t<div class=\"elementor-container elementor-column-gap-default\">\n\t\t\t\t\t<div class=\"elementor-column elementor-col-100 elementor-top-column elementor-element elementor-element-497d22e5 sc_inner_width_none sc_content_align_inherit sc_layouts_column_icons_position_left sc_fly_static\" data-id=\"497d22e5\" data-element_type=\"column\">\n\t\t\t<div class=\"elementor-widget-wrap elementor-element-populated\">\n\t\t\t\t\t\t<div class=\"elementor-element elementor-element-280a1947 animation_type_block sc_fly_static elementor-widget elementor-widget-spacer\" data-id=\"280a1947\" data-element_type=\"widget\" data-widget_type=\"spacer.default\">\n\t\t\t\t<div class=\"elementor-widget-container\">\n\t\t\t\t\t\t\t<div class=\"elementor-spacer\">\n\t\t\t<div class=\"elementor-spacer-inner\"><\/div>\n\t\t<\/div>\n\t\t\t\t\t\t<\/div>\n\t\t\t\t<\/div>\n\t\t\t\t<section class=\"elementor-section elementor-inner-section elementor-element elementor-element-45dd7515 elementor-section-boxed elementor-section-height-default elementor-section-height-default sc_fly_static\" data-id=\"45dd7515\" data-element_type=\"section\">\n\t\t\t\t\t\t<div class=\"elementor-container elementor-column-gap-default\">\n\t\t\t\t\t<div class=\"elementor-column elementor-col-16 elementor-inner-column elementor-element elementor-element-5136e530 sc_inner_width_none sc_content_align_inherit sc_layouts_column_icons_position_left sc_fly_static\" data-id=\"5136e530\" data-element_type=\"column\">\n\t\t\t<div class=\"elementor-widget-wrap\">\n\t\t\t\t\t\t\t<\/div>\n\t\t<\/div>\n\t\t\t\t<div class=\"elementor-column elementor-col-66 elementor-inner-column elementor-element elementor-element-3bad3c61 sc_inner_width_none sc_content_align_inherit sc_layouts_column_icons_position_left sc_fly_static\" data-id=\"3bad3c61\" data-element_type=\"column\">\n\t\t\t<div class=\"elementor-widget-wrap elementor-element-populated\">\n\t\t\t\t\t\t<div class=\"elementor-element elementor-element-45c72748 animation_type_block sc_fly_static elementor-widget elementor-widget-trx_sc_title\" data-id=\"45c72748\" data-element_type=\"widget\" data-widget_type=\"trx_sc_title.default\">\n\t\t\t\t<div class=\"elementor-widget-container\">\n\t\t\t\t\t<div\t\tclass=\"sc_title color_style_dark sc_title_default\" ><h1 class=\"sc_item_title sc_title_title sc_align_center sc_item_title_style_default sc_item_title_tag\"\n\t\t\t><span class=\"sc_item_title_text\">Campagne Shopping<\/span><\/h1><\/div>\t\t\t\t<\/div>\n\t\t\t\t<\/div>\n\t\t\t\t\t<\/div>\n\t\t<\/div>\n\t\t\t\t<div class=\"elementor-column elementor-col-16 elementor-inner-column elementor-element elementor-element-6c291cf3 sc_inner_width_none sc_content_align_inherit sc_layouts_column_icons_position_left sc_fly_static\" data-id=\"6c291cf3\" data-element_type=\"column\">\n\t\t\t<div class=\"elementor-widget-wrap\">\n\t\t\t\t\t\t\t<\/div>\n\t\t<\/div>\n\t\t\t\t\t<\/div>\n\t\t<\/section>\n\t\t\t\t<div class=\"elementor-element elementor-element-31cab176 animation_type_block sc_fly_static elementor-widget elementor-widget-spacer\" data-id=\"31cab176\" data-element_type=\"widget\" data-widget_type=\"spacer.default\">\n\t\t\t\t<div class=\"elementor-widget-container\">\n\t\t\t\t\t\t\t<div class=\"elementor-spacer\">\n\t\t\t<div class=\"elementor-spacer-inner\"><\/div>\n\t\t<\/div>\n\t\t\t\t\t\t<\/div>\n\t\t\t\t<\/div>\n\t\t\t\t\t<\/div>\n\t\t<\/div>\n\t\t\t\t\t<\/div>\n\t\t<\/section>\n\t\t\t\t<section class=\"elementor-section elementor-top-section elementor-element elementor-element-610dca91 scheme_default elementor-section-boxed elementor-section-height-default elementor-section-height-default sc_fly_static\" data-id=\"610dca91\" data-element_type=\"section\" data-settings=\"{&quot;background_background&quot;:&quot;classic&quot;}\">\n\t\t\t\t\t\t<div class=\"elementor-container elementor-column-gap-default\">\n\t\t\t\t\t<div class=\"elementor-column elementor-col-100 elementor-top-column elementor-element elementor-element-22d31ce0 sc_inner_width_none sc_content_align_inherit sc_layouts_column_icons_position_left sc_fly_static\" data-id=\"22d31ce0\" data-element_type=\"column\">\n\t\t\t<div class=\"elementor-widget-wrap elementor-element-populated\">\n\t\t\t\t\t\t<div class=\"elementor-element elementor-element-2de9dd04 animation_type_block sc_fly_static elementor-widget elementor-widget-spacer\" data-id=\"2de9dd04\" data-element_type=\"widget\" data-widget_type=\"spacer.default\">\n\t\t\t\t<div class=\"elementor-widget-container\">\n\t\t\t\t\t\t\t<div class=\"elementor-spacer\">\n\t\t\t<div class=\"elementor-spacer-inner\"><\/div>\n\t\t<\/div>\n\t\t\t\t\t\t<\/div>\n\t\t\t\t<\/div>\n\t\t\t\t<div class=\"elementor-element elementor-element-ecc8d47 animation_type_block sc_fly_static elementor-widget elementor-widget-spacer\" data-id=\"ecc8d47\" data-element_type=\"widget\" data-widget_type=\"spacer.default\">\n\t\t\t\t<div class=\"elementor-widget-container\">\n\t\t\t\t\t\t\t<div class=\"elementor-spacer\">\n\t\t\t<div class=\"elementor-spacer-inner\"><\/div>\n\t\t<\/div>\n\t\t\t\t\t\t<\/div>\n\t\t\t\t<\/div>\n\t\t\t\t<div class=\"elementor-element elementor-element-6738f89b sc_layouts_hide_on_notebook sc_layouts_hide_on_tablet sc_layouts_hide_on_mobile animation_type_block sc_fly_static elementor-widget elementor-widget-spacer\" data-id=\"6738f89b\" data-element_type=\"widget\" data-widget_type=\"spacer.default\">\n\t\t\t\t<div class=\"elementor-widget-container\">\n\t\t\t\t\t\t\t<div class=\"elementor-spacer\">\n\t\t\t<div class=\"elementor-spacer-inner\"><\/div>\n\t\t<\/div>\n\t\t\t\t\t\t<\/div>\n\t\t\t\t<\/div>\n\t\t\t\t\t<\/div>\n\t\t<\/div>\n\t\t\t\t\t<\/div>\n\t\t<\/section>\n\t\t\t\t<section class=\"elementor-section-with-custom-width elementor-section elementor-top-section elementor-element elementor-element-f2b18a4 elementor-section-boxed elementor-section-height-default elementor-section-height-default sc_fly_static\" data-id=\"f2b18a4\" data-element_type=\"section\">\n\t\t\t\t\t\t<div class=\"elementor-container elementor-column-gap-default\">\n\t\t\t\t\t<div class=\"elementor-column elementor-col-50 elementor-top-column elementor-element elementor-element-9581c70 sc_column_fixed sc_inner_width_none sc_content_align_inherit sc_layouts_column_icons_position_left sc_fly_static\" data-id=\"9581c70\" data-element_type=\"column\">\n\t\t\t<div class=\"elementor-widget-wrap elementor-element-populated\">\n\t\t\t\t\t\t<div class=\"elementor-element elementor-element-9d80496 animation_type_block sc_fly_static elementor-widget elementor-widget-image\" data-id=\"9d80496\" data-element_type=\"widget\" data-widget_type=\"image.default\">\n\t\t\t\t<div class=\"elementor-widget-container\">\n\t\t\t\t\t\t\t\t\t\t\t\t\t\t\t<img fetchpriority=\"high\" decoding=\"async\" width=\"420\" height=\"600\" src=\"https:\/\/estudio-dokidoki.com\/fr\/wp-content\/uploads\/2023\/03\/campagne-shopping.jpg\" class=\"attachment-large size-large wp-image-21032\" alt=\"\" srcset=\"https:\/\/estudio-dokidoki.com\/fr\/wp-content\/uploads\/2023\/03\/campagne-shopping.jpg 420w, https:\/\/estudio-dokidoki.com\/fr\/wp-content\/uploads\/2023\/03\/campagne-shopping-210x300.jpg 210w, https:\/\/estudio-dokidoki.com\/fr\/wp-content\/uploads\/2023\/03\/campagne-shopping-370x529.jpg 370w, https:\/\/estudio-dokidoki.com\/fr\/wp-content\/uploads\/2023\/03\/campagne-shopping-410x586.jpg 410w\" sizes=\"(max-width: 600px) 100vw, 420px\" \/>\t\t\t\t\t\t\t\t\t\t\t\t\t\t\t<\/div>\n\t\t\t\t<\/div>\n\t\t\t\t\t<\/div>\n\t\t<\/div>\n\t\t\t\t<div class=\"elementor-column elementor-col-50 elementor-top-column elementor-element elementor-element-14cc1cd sc_inner_width_none sc_content_align_inherit sc_layouts_column_icons_position_left sc_fly_static\" data-id=\"14cc1cd\" data-element_type=\"column\">\n\t\t\t<div class=\"elementor-widget-wrap elementor-element-populated\">\n\t\t\t\t\t\t<div class=\"elementor-element elementor-element-5126751 animation_type_block sc_fly_static elementor-widget elementor-widget-heading\" data-id=\"5126751\" data-element_type=\"widget\" data-widget_type=\"heading.default\">\n\t\t\t\t<div class=\"elementor-widget-container\">\n\t\t\t\t\t<h3 class=\"elementor-heading-title elementor-size-default\">Module #2 Campagne Shopping<\/h3>\t\t\t\t<\/div>\n\t\t\t\t<\/div>\n\t\t\t\t<div class=\"elementor-element elementor-element-7b6cf93 elementor-widget-divider--view-line animation_type_block sc_fly_static elementor-widget elementor-widget-divider\" data-id=\"7b6cf93\" data-element_type=\"widget\" data-widget_type=\"divider.default\">\n\t\t\t\t<div class=\"elementor-widget-container\">\n\t\t\t\t\t\t\t<div class=\"elementor-divider\">\n\t\t\t<span class=\"elementor-divider-separator\">\n\t\t\t\t\t\t<\/span>\n\t\t<\/div>\n\t\t\t\t\t\t<\/div>\n\t\t\t\t<\/div>\n\t\t\t\t<div class=\"elementor-element elementor-element-d5ed452 animation_type_block sc_fly_static elementor-widget elementor-widget-text-editor\" data-id=\"d5ed452\" data-element_type=\"widget\" data-widget_type=\"text-editor.default\">\n\t\t\t\t<div class=\"elementor-widget-container\">\n\t\t\t\t\t\t\t\t\tAidez votre entreprise \u00e0 augmenter ses conversions, \u00e0 accro\u00eetre sa visibilit\u00e9 en ligne, \u00e0 toucher un public plus pertinent, \u00e0 offrir un meilleur retour sur investissement et \u00e0 faciliter la gestion de votre campagne publicitaire.\t\t\t\t\t\t\t\t<\/div>\n\t\t\t\t<\/div>\n\t\t\t\t<div class=\"elementor-element elementor-element-b9ead7a animation_type_block sc_fly_static elementor-widget elementor-widget-spacer\" data-id=\"b9ead7a\" data-element_type=\"widget\" data-widget_type=\"spacer.default\">\n\t\t\t\t<div class=\"elementor-widget-container\">\n\t\t\t\t\t\t\t<div class=\"elementor-spacer\">\n\t\t\t<div class=\"elementor-spacer-inner\"><\/div>\n\t\t<\/div>\n\t\t\t\t\t\t<\/div>\n\t\t\t\t<\/div>\n\t\t\t\t<div class=\"elementor-element elementor-element-e6927c3 animation_type_block sc_fly_static elementor-widget elementor-widget-accordion\" data-id=\"e6927c3\" data-element_type=\"widget\" data-widget_type=\"accordion.default\">\n\t\t\t\t<div class=\"elementor-widget-container\">\n\t\t\t\t\t\t\t<div class=\"elementor-accordion\">\n\t\t\t\t\t\t\t<div class=\"elementor-accordion-item\">\n\t\t\t\t\t<h1 id=\"elementor-tab-title-2411\" class=\"elementor-tab-title\" data-tab=\"1\" role=\"button\" aria-controls=\"elementor-tab-content-2411\" aria-expanded=\"false\">\n\t\t\t\t\t\t\t\t\t\t\t\t\t<span class=\"elementor-accordion-icon elementor-accordion-icon-left\" aria-hidden=\"true\">\n\t\t\t\t\t\t\t\t\t\t\t\t\t\t\t<span class=\"elementor-accordion-icon-closed\"><i class=\"fas fa-plus\"><\/i><\/span>\n\t\t\t\t\t\t\t\t<span class=\"elementor-accordion-icon-opened\"><i class=\"fas fa-minus\"><\/i><\/span>\n\t\t\t\t\t\t\t\t\t\t\t\t\t\t<\/span>\n\t\t\t\t\t\t\t\t\t\t\t\t<a class=\"elementor-accordion-title\" tabindex=\"0\">Inclus dans le module :<\/a>\n\t\t\t\t\t<\/h1>\n\t\t\t\t\t<div id=\"elementor-tab-content-2411\" class=\"elementor-tab-content elementor-clearfix\" data-tab=\"1\" role=\"region\" aria-labelledby=\"elementor-tab-title-2411\"><div class=\"elementor-element elementor-element-5a50e4c4 elementor-widget elementor-widget-icon-list\" data-id=\"5a50e4c4\" data-element_type=\"widget\" data-widget_type=\"icon-list.default\"><div class=\"elementor-widget-container\"><p><span style=\"font-weight: 400;\">Pourquoi lancer une campagne Google Shopping : <\/span><\/p><ul><li style=\"font-weight: 400;\" aria-level=\"1\">Augmentation des conversions : image, prix et nom de produit avant de cliquer sur l&rsquo;annonce.<\/li><li style=\"font-weight: 400;\" aria-level=\"1\">Visibilit\u00e9 accrue : Annonces visibles avant les r\u00e9sultats naturels.<\/li><li style=\"font-weight: 400;\" aria-level=\"1\">Ciblage pr\u00e9cis : emplacement g\u00e9ographique, langue, appareil et habitudes de recherche.<\/li><li style=\"font-weight: 400;\" aria-level=\"1\">Meilleur retour sur investissement : elles attirent des utilisateurs plus qualifi\u00e9s.<\/li><li style=\"font-weight: 400;\" aria-level=\"1\">Facilit\u00e9 de gestion : facile \u00e0 g\u00e9rer et \u00e0 mettre en place, synchronisation avec votre site de commerce \u00e9lectronique.<\/li><\/ul><\/div><\/div><\/div>\n\t\t\t\t<\/div>\n\t\t\t\t\t\t\t\t<\/div>\n\t\t\t\t\t\t<\/div>\n\t\t\t\t<\/div>\n\t\t\t\t<div class=\"elementor-element elementor-element-65b4a0a animation_type_block sc_fly_static elementor-widget elementor-widget-spacer\" data-id=\"65b4a0a\" data-element_type=\"widget\" data-widget_type=\"spacer.default\">\n\t\t\t\t<div class=\"elementor-widget-container\">\n\t\t\t\t\t\t\t<div class=\"elementor-spacer\">\n\t\t\t<div class=\"elementor-spacer-inner\"><\/div>\n\t\t<\/div>\n\t\t\t\t\t\t<\/div>\n\t\t\t\t<\/div>\n\t\t\t\t<div class=\"elementor-element elementor-element-ef937a9 animation_type_block sc_fly_static elementor-widget elementor-widget-text-editor\" data-id=\"ef937a9\" data-element_type=\"widget\" data-widget_type=\"text-editor.default\">\n\t\t\t\t<div class=\"elementor-widget-container\">\n\t\t\t\t\t\t\t\t\t<p><strong>\u00c0 quel moment de la cr\u00e9ation ou de la refonte de mon site internet dois-je le faire ?<\/strong><\/p>\t\t\t\t\t\t\t\t<\/div>\n\t\t\t\t<\/div>\n\t\t\t\t<div class=\"elementor-element elementor-element-f905d43 animation_type_block sc_fly_static elementor-widget elementor-widget-text-editor\" data-id=\"f905d43\" data-element_type=\"widget\" data-widget_type=\"text-editor.default\">\n\t\t\t\t<div class=\"elementor-widget-container\">\n\t\t\t\t\t\t\t\t\t\u00c0 n&rsquo;importe quel moment\t\t\t\t\t\t\t\t<\/div>\n\t\t\t\t<\/div>\n\t\t\t\t<div class=\"elementor-element elementor-element-013c3b8 animation_type_block sc_fly_static elementor-widget elementor-widget-spacer\" data-id=\"013c3b8\" data-element_type=\"widget\" data-widget_type=\"spacer.default\">\n\t\t\t\t<div class=\"elementor-widget-container\">\n\t\t\t\t\t\t\t<div class=\"elementor-spacer\">\n\t\t\t<div class=\"elementor-spacer-inner\"><\/div>\n\t\t<\/div>\n\t\t\t\t\t\t<\/div>\n\t\t\t\t<\/div>\n\t\t\t\t<div class=\"elementor-element elementor-element-601c77c animation_type_block sc_fly_static elementor-widget elementor-widget-trx_sc_icons\" data-id=\"601c77c\" data-element_type=\"widget\" data-widget_type=\"trx_sc_icons.default\">\n\t\t\t\t<div class=\"elementor-widget-container\">\n\t\t\t\t\t<div \tclass=\"sc_icons sc_icons_divider4 sc_icons_size_small sc_align_center\" ><div class=\"sc_icons_columns_wrap sc_item_columns trx_addons_columns_wrap columns_padding_bottom columns_in_single_row\" ><div class=\"trx_addons_column-1_2\"><div class=\"sc_icons_item with_more\"><div class=\"sc_icons_icon sc_icon_type_ icon-money-light\" style=\"color: #E62928\" ><span class=\"sc_icon_type_ icon-money-light\" style=\"color: #E62928\"><\/span><\/div><div class=\"sc_icons_item_details\"><h4 class=\"sc_icons_item_title\"><span>Prix<\/span><\/h4><div class=\"sc_icons_item_description\"><span>\u00e0 partir de 750\u20ac<\/span><\/div><\/div><\/div><\/div><div class=\"trx_addons_column-1_2\"><div class=\"sc_icons_item with_more\"><div class=\"sc_icons_icon sc_icon_type_ icon-clock-light\" style=\"color: #E62928\" ><span class=\"sc_icon_type_ icon-clock-light\" style=\"color: #E62928\"><\/span><\/div><div class=\"sc_icons_item_details\"><h4 class=\"sc_icons_item_title\"><span>Dur\u00e9e<\/span><\/h4><div class=\"sc_icons_item_description\"><span>1 mois<\/span><\/div><\/div><\/div><\/div><\/div><\/div><!-- \/.sc_icons -->\t\t\t\t<\/div>\n\t\t\t\t<\/div>\n\t\t\t\t<div class=\"elementor-element elementor-element-76d4116 animation_type_block sc_fly_static elementor-widget elementor-widget-spacer\" data-id=\"76d4116\" data-element_type=\"widget\" data-widget_type=\"spacer.default\">\n\t\t\t\t<div class=\"elementor-widget-container\">\n\t\t\t\t\t\t\t<div class=\"elementor-spacer\">\n\t\t\t<div class=\"elementor-spacer-inner\"><\/div>\n\t\t<\/div>\n\t\t\t\t\t\t<\/div>\n\t\t\t\t<\/div>\n\t\t\t\t<div class=\"elementor-element elementor-element-0448ab5 elementor-align-center animation_type_block sc_fly_static elementor-widget elementor-widget-button\" data-id=\"0448ab5\" data-element_type=\"widget\" data-widget_type=\"button.default\">\n\t\t\t\t<div class=\"elementor-widget-container\">\n\t\t\t\t\t\t\t\t\t<div class=\"elementor-button-wrapper\">\n\t\t\t\t\t<a class=\"elementor-button elementor-button-link elementor-size-sm\" href=\"https:\/\/estudio-dokidoki.com\/fr\/nous-contacter\/\">\n\t\t\t\t\t\t<span class=\"elementor-button-content-wrapper\">\n\t\t\t\t\t\t\t\t\t<span class=\"elementor-button-text\">Faisons-le ensemble !<\/span>\n\t\t\t\t\t<\/span>\n\t\t\t\t\t<\/a>\n\t\t\t\t<\/div>\n\t\t\t\t\t\t\t\t<\/div>\n\t\t\t\t<\/div>\n\t\t\t\t<div class=\"elementor-element elementor-element-3db2023 animation_type_block sc_fly_static elementor-widget elementor-widget-spacer\" data-id=\"3db2023\" data-element_type=\"widget\" data-widget_type=\"spacer.default\">\n\t\t\t\t<div class=\"elementor-widget-container\">\n\t\t\t\t\t\t\t<div class=\"elementor-spacer\">\n\t\t\t<div class=\"elementor-spacer-inner\"><\/div>\n\t\t<\/div>\n\t\t\t\t\t\t<\/div>\n\t\t\t\t<\/div>\n\t\t\t\t\t<\/div>\n\t\t<\/div>\n\t\t\t\t\t<\/div>\n\t\t<\/section>\n\t\t\t\t<section class=\"elementor-section elementor-top-section elementor-element elementor-element-df955bb elementor-section-boxed elementor-section-height-default elementor-section-height-default sc_fly_static\" data-id=\"df955bb\" data-element_type=\"section\">\n\t\t\t\t\t\t<div class=\"elementor-container elementor-column-gap-default\">\n\t\t\t\t\t<div class=\"elementor-column elementor-col-100 elementor-top-column elementor-element elementor-element-61c7596 sc_inner_width_none sc_content_align_inherit sc_layouts_column_icons_position_left sc_fly_static\" data-id=\"61c7596\" data-element_type=\"column\">\n\t\t\t<div class=\"elementor-widget-wrap elementor-element-populated\">\n\t\t\t\t\t\t<div class=\"elementor-element elementor-element-ed4be2a animation_type_block sc_fly_static elementor-widget elementor-widget-spacer\" data-id=\"ed4be2a\" data-element_type=\"widget\" data-widget_type=\"spacer.default\">\n\t\t\t\t<div class=\"elementor-widget-container\">\n\t\t\t\t\t\t\t<div class=\"elementor-spacer\">\n\t\t\t<div class=\"elementor-spacer-inner\"><\/div>\n\t\t<\/div>\n\t\t\t\t\t\t<\/div>\n\t\t\t\t<\/div>\n\t\t\t\t<div class=\"elementor-element elementor-element-1f982df sc_layouts_hide_on_notebook sc_layouts_hide_on_tablet sc_layouts_hide_on_mobile animation_type_block sc_fly_static elementor-widget elementor-widget-spacer\" data-id=\"1f982df\" data-element_type=\"widget\" data-widget_type=\"spacer.default\">\n\t\t\t\t<div class=\"elementor-widget-container\">\n\t\t\t\t\t\t\t<div class=\"elementor-spacer\">\n\t\t\t<div class=\"elementor-spacer-inner\"><\/div>\n\t\t<\/div>\n\t\t\t\t\t\t<\/div>\n\t\t\t\t<\/div>\n\t\t\t\t\t<\/div>\n\t\t<\/div>\n\t\t\t\t\t<\/div>\n\t\t<\/section>\n\t\t\t\t<\/div>\n\t\t","protected":false},"excerpt":{"rendered":"<p>Campagne Shopping Module #2 Campagne Shopping Aidez votre entreprise \u00e0 augmenter ses conversions, \u00e0 accro\u00eetre&hellip;<\/p>\n","protected":false},"author":4,"featured_media":0,"parent":20835,"menu_order":0,"comment_status":"closed","ping_status":"closed","template":"","meta":{"footnotes":""},"class_list":["post-20872","page","type-page","status-publish","hentry"],"_links":{"self":[{"href":"https:\/\/estudio-dokidoki.com\/fr\/wp-json\/wp\/v2\/pages\/20872","targetHints":{"allow":["GET"]}}],"collection":[{"href":"https:\/\/estudio-dokidoki.com\/fr\/wp-json\/wp\/v2\/pages"}],"about":[{"href":"https:\/\/estudio-dokidoki.com\/fr\/wp-json\/wp\/v2\/types\/page"}],"author":[{"embeddable":true,"href":"https:\/\/estudio-dokidoki.com\/fr\/wp-json\/wp\/v2\/users\/4"}],"replies":[{"embeddable":true,"href":"https:\/\/estudio-dokidoki.com\/fr\/wp-json\/wp\/v2\/comments?post=20872"}],"version-history":[{"count":11,"href":"https:\/\/estudio-dokidoki.com\/fr\/wp-json\/wp\/v2\/pages\/20872\/revisions"}],"predecessor-version":[{"id":21035,"href":"https:\/\/estudio-dokidoki.com\/fr\/wp-json\/wp\/v2\/pages\/20872\/revisions\/21035"}],"up":[{"embeddable":true,"href":"https:\/\/estudio-dokidoki.com\/fr\/wp-json\/wp\/v2\/pages\/20835"}],"wp:attachment":[{"href":"https:\/\/estudio-dokidoki.com\/fr\/wp-json\/wp\/v2\/media?parent=20872"}],"curies":[{"name":"wp","href":"https:\/\/api.w.org\/{rel}","templated":true}]}}