{"id":18462,"date":"2021-11-30T01:12:33","date_gmt":"2021-11-30T06:12:33","guid":{"rendered":"https:\/\/estudio-dokidoki.com\/fr\/?page_id=18462"},"modified":"2022-04-06T20:35:19","modified_gmt":"2022-04-07T01:35:19","slug":"ressources-utiles","status":"publish","type":"page","link":"https:\/\/estudio-dokidoki.com\/fr\/ressources-utiles\/","title":{"rendered":"Ressources utiles"},"content":{"rendered":"\t\t<div data-elementor-type=\"wp-page\" data-elementor-id=\"18462\" class=\"elementor elementor-18462\">\n\t\t\t\t\t\t<section class=\"elementor-section elementor-top-section elementor-element elementor-element-71d2cb0d elementor-section-full_width scheme_dark elementor-section-height-min-height elementor-section-stretched elementor-section-height-default elementor-section-items-middle sc_fly_static\" data-id=\"71d2cb0d\" data-element_type=\"section\" data-settings=\"{&quot;background_background&quot;:&quot;classic&quot;,&quot;stretch_section&quot;:&quot;section-stretched&quot;}\">\n\t\t\t\t\t\t\t<div class=\"elementor-background-overlay\"><\/div>\n\t\t\t\t\t\t\t<div class=\"elementor-container elementor-column-gap-default\">\n\t\t\t\t\t<div class=\"elementor-column elementor-col-100 elementor-top-column elementor-element elementor-element-36dad257 sc_inner_width_none sc_content_align_inherit sc_layouts_column_icons_position_left sc_fly_static\" data-id=\"36dad257\" data-element_type=\"column\">\n\t\t\t<div class=\"elementor-widget-wrap elementor-element-populated\">\n\t\t\t\t\t\t<div class=\"elementor-element elementor-element-4c2490a7 animation_type_block sc_fly_static elementor-widget elementor-widget-spacer\" data-id=\"4c2490a7\" data-element_type=\"widget\" data-widget_type=\"spacer.default\">\n\t\t\t\t<div class=\"elementor-widget-container\">\n\t\t\t\t\t\t\t<div class=\"elementor-spacer\">\n\t\t\t<div class=\"elementor-spacer-inner\"><\/div>\n\t\t<\/div>\n\t\t\t\t\t\t<\/div>\n\t\t\t\t<\/div>\n\t\t\t\t<section class=\"elementor-section elementor-inner-section elementor-element elementor-element-12c7e0d6 elementor-section-boxed elementor-section-height-default elementor-section-height-default sc_fly_static\" data-id=\"12c7e0d6\" data-element_type=\"section\">\n\t\t\t\t\t\t<div class=\"elementor-container elementor-column-gap-default\">\n\t\t\t\t\t<div class=\"elementor-column elementor-col-16 elementor-inner-column elementor-element elementor-element-4e95ae6c sc_inner_width_none sc_content_align_inherit sc_layouts_column_icons_position_left sc_fly_static\" data-id=\"4e95ae6c\" data-element_type=\"column\">\n\t\t\t<div class=\"elementor-widget-wrap\">\n\t\t\t\t\t\t\t<\/div>\n\t\t<\/div>\n\t\t\t\t<div class=\"elementor-column elementor-col-66 elementor-inner-column elementor-element elementor-element-11051e0a sc_inner_width_none sc_content_align_inherit sc_layouts_column_icons_position_left sc_fly_static\" data-id=\"11051e0a\" data-element_type=\"column\">\n\t\t\t<div class=\"elementor-widget-wrap elementor-element-populated\">\n\t\t\t\t\t\t<div class=\"elementor-element elementor-element-4819dd16 animation_type_block sc_fly_static elementor-widget elementor-widget-trx_sc_title\" data-id=\"4819dd16\" data-element_type=\"widget\" data-widget_type=\"trx_sc_title.default\">\n\t\t\t\t<div class=\"elementor-widget-container\">\n\t\t\t\t\t<div\t\tclass=\"sc_title color_style_dark sc_title_default\" ><h1 class=\"sc_item_title sc_title_title sc_align_center sc_item_title_style_default sc_item_title_tag\"\n\t\t\t><span class=\"sc_item_title_text\">Ressources utiles<\/span><\/h1><\/div>\t\t\t\t<\/div>\n\t\t\t\t<\/div>\n\t\t\t\t\t<\/div>\n\t\t<\/div>\n\t\t\t\t<div class=\"elementor-column elementor-col-16 elementor-inner-column elementor-element elementor-element-4b68c4a9 sc_inner_width_none sc_content_align_inherit sc_layouts_column_icons_position_left sc_fly_static\" data-id=\"4b68c4a9\" data-element_type=\"column\">\n\t\t\t<div class=\"elementor-widget-wrap\">\n\t\t\t\t\t\t\t<\/div>\n\t\t<\/div>\n\t\t\t\t\t<\/div>\n\t\t<\/section>\n\t\t\t\t<div class=\"elementor-element elementor-element-747f6499 animation_type_block sc_fly_static elementor-widget elementor-widget-spacer\" data-id=\"747f6499\" data-element_type=\"widget\" data-widget_type=\"spacer.default\">\n\t\t\t\t<div class=\"elementor-widget-container\">\n\t\t\t\t\t\t\t<div class=\"elementor-spacer\">\n\t\t\t<div class=\"elementor-spacer-inner\"><\/div>\n\t\t<\/div>\n\t\t\t\t\t\t<\/div>\n\t\t\t\t<\/div>\n\t\t\t\t\t<\/div>\n\t\t<\/div>\n\t\t\t\t\t<\/div>\n\t\t<\/section>\n\t\t\t\t<section class=\"elementor-section elementor-top-section elementor-element elementor-element-5afa8a64 scheme_default elementor-section-boxed elementor-section-height-default elementor-section-height-default sc_fly_static\" data-id=\"5afa8a64\" data-element_type=\"section\" data-settings=\"{&quot;background_background&quot;:&quot;classic&quot;}\">\n\t\t\t\t\t\t<div class=\"elementor-container elementor-column-gap-default\">\n\t\t\t\t\t<div class=\"elementor-column elementor-col-100 elementor-top-column elementor-element elementor-element-60194243 sc_inner_width_none sc_content_align_inherit sc_layouts_column_icons_position_left sc_fly_static\" data-id=\"60194243\" data-element_type=\"column\">\n\t\t\t<div class=\"elementor-widget-wrap elementor-element-populated\">\n\t\t\t\t\t\t<div class=\"elementor-element elementor-element-2699f083 animation_type_block sc_fly_static elementor-widget elementor-widget-spacer\" data-id=\"2699f083\" data-element_type=\"widget\" data-widget_type=\"spacer.default\">\n\t\t\t\t<div class=\"elementor-widget-container\">\n\t\t\t\t\t\t\t<div class=\"elementor-spacer\">\n\t\t\t<div class=\"elementor-spacer-inner\"><\/div>\n\t\t<\/div>\n\t\t\t\t\t\t<\/div>\n\t\t\t\t<\/div>\n\t\t\t\t<div class=\"elementor-element elementor-element-a88fb2c sc_layouts_hide_on_notebook sc_layouts_hide_on_tablet sc_layouts_hide_on_mobile animation_type_block sc_fly_static elementor-widget elementor-widget-spacer\" data-id=\"a88fb2c\" data-element_type=\"widget\" data-widget_type=\"spacer.default\">\n\t\t\t\t<div class=\"elementor-widget-container\">\n\t\t\t\t\t\t\t<div class=\"elementor-spacer\">\n\t\t\t<div class=\"elementor-spacer-inner\"><\/div>\n\t\t<\/div>\n\t\t\t\t\t\t<\/div>\n\t\t\t\t<\/div>\n\t\t\t\t<section class=\"elementor-section-with-custom-width elementor-section elementor-inner-section elementor-element elementor-element-7425e586 elementor-section-boxed elementor-section-height-default elementor-section-height-default sc_fly_static\" data-id=\"7425e586\" data-element_type=\"section\">\n\t\t\t\t\t\t<div class=\"elementor-container elementor-column-gap-default\">\n\t\t\t\t\t<div class=\"elementor-column elementor-col-100 elementor-inner-column elementor-element elementor-element-11dd8deb sc_inner_width_none sc_content_align_inherit sc_layouts_column_icons_position_left sc_fly_static\" data-id=\"11dd8deb\" data-element_type=\"column\">\n\t\t\t<div class=\"elementor-widget-wrap elementor-element-populated\">\n\t\t\t\t\t\t<div class=\"elementor-element elementor-element-64638c7d animation_type_block sc_fly_static elementor-widget elementor-widget-trx_sc_title\" data-id=\"64638c7d\" data-element_type=\"widget\" data-widget_type=\"trx_sc_title.default\">\n\t\t\t\t<div class=\"elementor-widget-container\">\n\t\t\t\t\t<div\t\tclass=\"sc_title sc_title_default\" ><h1 class=\"sc_item_title sc_title_title sc_align_left sc_item_title_style_default sc_item_title_tag\"\n\t\t\t><span class=\"sc_item_title_text\">Ressources utiles en SEO et SEA<\/span><\/h1><div class=\"sc_item_descr sc_title_descr sc_align_left\"><p>Votre site internet est en ligne mais n\u2019a que peu de trafic ? Vous n\u2019arrivez pas \u00e0 capter des utilisateurs pour les convertir en clients ? Eh bien cela peut \u00eatre en soit normal si jusqu\u2019\u00e0 maintenant vous n\u2019avez jamais fait ou impl\u00e9ment\u00e9 une strat\u00e9gie SEA, SEO ou les deux.<\/p>\n<p>Pourquoi ? Tr\u00e8s bonne question.<\/p>\n<p>Rappelez vous que lancer pour la premi\u00e8re fois un site web sur internet, c\u2019est un peu comme ouvrir une boutique dans une rue peu fr\u00e9quent\u00e9e, beaucoup de monde aura du mal \u00e0 vous trouver. Nous aimons beaucoup cette m\u00e9taphore, car elle est logique et pr\u00e9sente de nombreuses similitudes avec la r\u00e9alit\u00e9. <\/p>\n<p>Pour votre local vous feriez quelques actions de terrain n\u2019est-ce pas ? Distribution de flyers, alliance avec les boutiques voisines etc. Eh bien pour son site web, la logique doit \u00eatre la m\u00eame. Il vous faudra juste non pas acqu\u00e9rir de la visibilit\u00e9 dans votre ville, mais sur les moteurs de recherche que sont Google, Bing et Ecosia.<\/p>\n<p>Pour appara\u00eetre en premier dans les recherches li\u00e9es \u00e0 votre activit\u00e9, vous avez principalement deux options, qui sont toutes deux consid\u00e9r\u00e9es comme des canaux possibles d'acquisition de trafic pour votre site internet : Appara\u00eetre gr\u00e2ce \u00e0 des actions r\u00e9alis\u00e9es en positionnement organique (SEO) ou en lan\u00e7ant des campagnes publicitaires sur les moteurs (SEA).<\/p>\n<\/div><\/div>\t\t\t\t<\/div>\n\t\t\t\t<\/div>\n\t\t\t\t<div class=\"elementor-element elementor-element-1c1ae36 animation_type_block sc_fly_static elementor-widget elementor-widget-spacer\" data-id=\"1c1ae36\" data-element_type=\"widget\" data-widget_type=\"spacer.default\">\n\t\t\t\t<div class=\"elementor-widget-container\">\n\t\t\t\t\t\t\t<div class=\"elementor-spacer\">\n\t\t\t<div class=\"elementor-spacer-inner\"><\/div>\n\t\t<\/div>\n\t\t\t\t\t\t<\/div>\n\t\t\t\t<\/div>\n\t\t\t\t<div class=\"elementor-element elementor-element-c7380a7 animation_type_block sc_fly_static elementor-widget elementor-widget-image\" data-id=\"c7380a7\" data-element_type=\"widget\" data-widget_type=\"image.default\">\n\t\t\t\t<div class=\"elementor-widget-container\">\n\t\t\t\t\t\t\t\t\t\t\t\t\t\t\t<img fetchpriority=\"high\" decoding=\"async\" width=\"1024\" height=\"400\" src=\"https:\/\/estudio-dokidoki.com\/fr\/wp-content\/uploads\/2021\/11\/search-dokidoki.jpg\" class=\"attachment-large size-large wp-image-18006\" alt=\"\" srcset=\"https:\/\/estudio-dokidoki.com\/fr\/wp-content\/uploads\/2021\/11\/search-dokidoki.jpg 1024w, https:\/\/estudio-dokidoki.com\/fr\/wp-content\/uploads\/2021\/11\/search-dokidoki-300x117.jpg 300w, https:\/\/estudio-dokidoki.com\/fr\/wp-content\/uploads\/2021\/11\/search-dokidoki-768x300.jpg 768w, https:\/\/estudio-dokidoki.com\/fr\/wp-content\/uploads\/2021\/11\/search-dokidoki-370x145.jpg 370w, https:\/\/estudio-dokidoki.com\/fr\/wp-content\/uploads\/2021\/11\/search-dokidoki-840x328.jpg 840w, https:\/\/estudio-dokidoki.com\/fr\/wp-content\/uploads\/2021\/11\/search-dokidoki-410x160.jpg 410w\" sizes=\"(max-width: 1024px) 100vw, 1024px\" \/>\t\t\t\t\t\t\t\t\t\t\t\t\t\t\t<\/div>\n\t\t\t\t<\/div>\n\t\t\t\t<div class=\"elementor-element elementor-element-bba4e1e animation_type_block sc_fly_static elementor-widget elementor-widget-spacer\" data-id=\"bba4e1e\" data-element_type=\"widget\" data-widget_type=\"spacer.default\">\n\t\t\t\t<div class=\"elementor-widget-container\">\n\t\t\t\t\t\t\t<div class=\"elementor-spacer\">\n\t\t\t<div class=\"elementor-spacer-inner\"><\/div>\n\t\t<\/div>\n\t\t\t\t\t\t<\/div>\n\t\t\t\t<\/div>\n\t\t\t\t\t<\/div>\n\t\t<\/div>\n\t\t\t\t\t<\/div>\n\t\t<\/section>\n\t\t\t\t<section class=\"elementor-section-with-custom-width elementor-section elementor-inner-section elementor-element elementor-element-7f59da7 elementor-section-boxed elementor-section-height-default elementor-section-height-default sc_fly_static\" data-id=\"7f59da7\" data-element_type=\"section\">\n\t\t\t\t\t\t<div class=\"elementor-container elementor-column-gap-default\">\n\t\t\t\t\t<div class=\"elementor-column elementor-col-100 elementor-inner-column elementor-element elementor-element-b2088fc sc_inner_width_none sc_content_align_inherit sc_layouts_column_icons_position_left sc_fly_static\" data-id=\"b2088fc\" data-element_type=\"column\">\n\t\t\t<div class=\"elementor-widget-wrap elementor-element-populated\">\n\t\t\t\t\t\t<div class=\"elementor-element elementor-element-ec97ded animation_type_block sc_fly_static elementor-widget elementor-widget-trx_sc_title\" data-id=\"ec97ded\" data-element_type=\"widget\" data-widget_type=\"trx_sc_title.default\">\n\t\t\t\t<div class=\"elementor-widget-container\">\n\t\t\t\t\t<div\t\tclass=\"sc_title sc_title_default\" ><h2 class=\"sc_item_title sc_title_title sc_align_left sc_item_title_style_default sc_item_title_tag\"\n\t\t\t><span class=\"sc_item_title_text\">SEO et SEA : une science qui \u00e9volue en permanence<\/span><\/h2><div class=\"sc_item_descr sc_title_descr sc_align_left\"><p>SEA signifie Search Engine Advertising (Publicit\u00e9 sur les moteurs de recherche).<\/p>\n<p>Avez-vous vu sur Google des liens sponsoris\u00e9s qui apparaissent dans les premiers r\u00e9sultats ? Eh bien, c'est \u00e7a. Les moteurs de recherche offrent, via l'utilisation de leurs plateformes respectives (Google Ads pour Google, Bing Ads pour Bing etc.) la possibilit\u00e9 d'y faire de la publicit\u00e9. Chaque clic sur vos annonces vous co\u00fbtera quelques euros (PPC), et \u00e0 la fin du mois le moteur de recherche vous enverra une facture.<\/p>\n<p>Si vous vendez des voitures \u00e0 Quito et parvenez \u00e0 vous classer en premier sur des recherches telles que \"acheter une voiture \u00e0 Quito\", alors vous r\u00e9aliserez plus de ventes. C'est aussi simple que \u00e7a.<\/p>\n<\/div><\/div>\t\t\t\t<\/div>\n\t\t\t\t<\/div>\n\t\t\t\t<div class=\"elementor-element elementor-element-ab7e8dc animation_type_block sc_fly_static elementor-widget elementor-widget-spacer\" data-id=\"ab7e8dc\" data-element_type=\"widget\" data-widget_type=\"spacer.default\">\n\t\t\t\t<div class=\"elementor-widget-container\">\n\t\t\t\t\t\t\t<div class=\"elementor-spacer\">\n\t\t\t<div class=\"elementor-spacer-inner\"><\/div>\n\t\t<\/div>\n\t\t\t\t\t\t<\/div>\n\t\t\t\t<\/div>\n\t\t\t\t\t<\/div>\n\t\t<\/div>\n\t\t\t\t\t<\/div>\n\t\t<\/section>\n\t\t\t\t<section class=\"elementor-section-with-custom-width elementor-section elementor-inner-section elementor-element elementor-element-3972ce1 elementor-section-boxed elementor-section-height-default elementor-section-height-default sc_fly_static\" data-id=\"3972ce1\" data-element_type=\"section\">\n\t\t\t\t\t\t<div class=\"elementor-container elementor-column-gap-default\">\n\t\t\t\t\t<div class=\"elementor-column elementor-col-100 elementor-inner-column elementor-element elementor-element-23a8cd1 sc_inner_width_none sc_content_align_inherit sc_layouts_column_icons_position_left sc_fly_static\" data-id=\"23a8cd1\" data-element_type=\"column\">\n\t\t\t<div class=\"elementor-widget-wrap elementor-element-populated\">\n\t\t\t\t\t\t<div class=\"elementor-element elementor-element-b8ecdc4 animation_type_block sc_fly_static elementor-widget elementor-widget-trx_sc_title\" data-id=\"b8ecdc4\" data-element_type=\"widget\" data-widget_type=\"trx_sc_title.default\">\n\t\t\t\t<div class=\"elementor-widget-container\">\n\t\t\t\t\t<div\t\tclass=\"sc_title sc_title_default\" ><h2 class=\"sc_item_title sc_title_title sc_align_left sc_item_title_style_default sc_item_title_tag\"\n\t\t\t><span class=\"sc_item_title_text\">Th\u00e9orie et exp\u00e9rience, 2 dimensions cl\u00e9 pour r\u00e9ussir une strat\u00e9gie<\/span><\/h2><div class=\"sc_item_descr sc_title_descr sc_align_left\"><p>Si vous payez, vous apparaissez. Si vous arr\u00eatez de payer, vous disparaissez.<\/p>\n<p>Investir en SEA donne des r\u00e9sultats imm\u00e9diats, c\u2019est donc une strat\u00e9gie extr\u00eamement int\u00e9ressante lorsqu'il s'agit d'obtenir votre premier trafic si votre site web vient d'\u00eatre lanc\u00e9. Les campagnes publicitaires sur les moteurs de recherche peuvent \u00e9galement vous aider indirectement \u00e0 am\u00e9liorer votre classement organique, gr\u00e2ce \u00e0 un effet de type \u00ab cercle vertueux \u00bb. Cette partie est un peu technique, mais nos experts pourraient vous l'expliquer avec beaucoup de p\u00e9dagogie, ne vous inqui\u00e9tez pas.<\/p>\n<p>Si vous avez de nombreux concurrents sur votre march\u00e9 ou de nombreux acteurs qui \u00e9voluent sur votre th\u00e9matique, alors il est fort probable que vous ayez \u00e0 recourir \u00e0 des investissements en SEA pour appara\u00eetre. Plus la concurrence est forte et plus difficile sera votre travers\u00e9e du d\u00e9sert vers la premi\u00e8re oasis ! Dans tous les cas, nous vous recommandons de r\u00e9aliser une \u00e9tude de march\u00e9 avant de vous lancer, pour conna\u00eetre les co\u00fbts par clic moyens et les \u00e9ventuels retours sur investissement r\u00e9alisables.<\/p>\n<\/div><\/div>\t\t\t\t<\/div>\n\t\t\t\t<\/div>\n\t\t\t\t<div class=\"elementor-element elementor-element-fea3a8c animation_type_block sc_fly_static elementor-widget elementor-widget-spacer\" data-id=\"fea3a8c\" data-element_type=\"widget\" data-widget_type=\"spacer.default\">\n\t\t\t\t<div class=\"elementor-widget-container\">\n\t\t\t\t\t\t\t<div class=\"elementor-spacer\">\n\t\t\t<div class=\"elementor-spacer-inner\"><\/div>\n\t\t<\/div>\n\t\t\t\t\t\t<\/div>\n\t\t\t\t<\/div>\n\t\t\t\t\t<\/div>\n\t\t<\/div>\n\t\t\t\t\t<\/div>\n\t\t<\/section>\n\t\t\t\t<section class=\"elementor-section-with-custom-width elementor-section elementor-inner-section elementor-element elementor-element-dca317f elementor-section-boxed elementor-section-height-default elementor-section-height-default sc_fly_static\" data-id=\"dca317f\" data-element_type=\"section\">\n\t\t\t\t\t\t<div class=\"elementor-container elementor-column-gap-default\">\n\t\t\t\t\t<div class=\"elementor-column elementor-col-100 elementor-inner-column elementor-element elementor-element-a211960 sc_inner_width_none sc_content_align_inherit sc_layouts_column_icons_position_left sc_fly_static\" data-id=\"a211960\" data-element_type=\"column\">\n\t\t\t<div class=\"elementor-widget-wrap elementor-element-populated\">\n\t\t\t\t\t\t<div class=\"elementor-element elementor-element-c1105f7 animation_type_block sc_fly_static elementor-widget elementor-widget-trx_sc_title\" data-id=\"c1105f7\" data-element_type=\"widget\" data-widget_type=\"trx_sc_title.default\">\n\t\t\t\t<div class=\"elementor-widget-container\">\n\t\t\t\t\t<div\t\tclass=\"sc_title sc_title_default\" ><h2 class=\"sc_item_title sc_title_title sc_align_left sc_item_title_style_default sc_item_title_tag\"\n\t\t\t><span class=\"sc_item_title_text\">Les efforts significatifs et constants font la diff\u00e9rence !<\/span><\/h2><div class=\"sc_item_descr sc_title_descr sc_align_left\"><p>Une campagne r\u00e9ussie est toujours r\u00e9alis\u00e9e avec strat\u00e9gie, bon sens et souci du d\u00e9tail.<\/p>\n<p>Une campagne Google Ads ou Bing Ads comporte toujours les m\u00eames \u00e9l\u00e9ments : une s\u00e9lection de mots-cl\u00e9s dans lesquels on souhaite appara\u00eetre, des messages publicitaires et, enfin, des r\u00e8gles d'utilisation du budget selon ce que l'on est pr\u00eat \u00e0 payer ou non.<\/p>\n<p>Si vous prenez bien soin de chaque \u00e9tape, vous pourrez alors obtenir des visiteurs qu\u2019il vous sera possible de convertir en clients, sinon vous pourriez d\u00e9penser beaucoup d'argent sans avoir de r\u00e9sultats qualitatifs, alors faites tr\u00e8s attention \u00e0 cela.<\/p>\n<p>Si vous le souhaitez, vous pouvez continuer \u00e0 en savoir plus sur le sujet en consultant nos rubriques d\u00e9di\u00e9es.<br \/>\nUna campa\u00f1a exitosa siempre se logra con estrategia, sentido com\u00fan y cuidado de los detalles.<\/p>\n<\/div><\/div>\t\t\t\t<\/div>\n\t\t\t\t<\/div>\n\t\t\t\t<div class=\"elementor-element elementor-element-711d222 animation_type_block sc_fly_static elementor-widget elementor-widget-spacer\" data-id=\"711d222\" data-element_type=\"widget\" data-widget_type=\"spacer.default\">\n\t\t\t\t<div class=\"elementor-widget-container\">\n\t\t\t\t\t\t\t<div class=\"elementor-spacer\">\n\t\t\t<div class=\"elementor-spacer-inner\"><\/div>\n\t\t<\/div>\n\t\t\t\t\t\t<\/div>\n\t\t\t\t<\/div>\n\t\t\t\t<div class=\"elementor-element elementor-element-142e737 animation_type_block sc_fly_static elementor-widget elementor-widget-image\" data-id=\"142e737\" data-element_type=\"widget\" data-widget_type=\"image.default\">\n\t\t\t\t<div class=\"elementor-widget-container\">\n\t\t\t\t\t\t\t\t\t\t\t\t\t\t\t<img decoding=\"async\" width=\"1024\" height=\"400\" src=\"https:\/\/estudio-dokidoki.com\/fr\/wp-content\/uploads\/2021\/11\/ads-dokidoki.jpg\" class=\"attachment-large size-large wp-image-18005\" alt=\"\" srcset=\"https:\/\/estudio-dokidoki.com\/fr\/wp-content\/uploads\/2021\/11\/ads-dokidoki.jpg 1024w, https:\/\/estudio-dokidoki.com\/fr\/wp-content\/uploads\/2021\/11\/ads-dokidoki-300x117.jpg 300w, https:\/\/estudio-dokidoki.com\/fr\/wp-content\/uploads\/2021\/11\/ads-dokidoki-768x300.jpg 768w, https:\/\/estudio-dokidoki.com\/fr\/wp-content\/uploads\/2021\/11\/ads-dokidoki-370x145.jpg 370w, https:\/\/estudio-dokidoki.com\/fr\/wp-content\/uploads\/2021\/11\/ads-dokidoki-840x328.jpg 840w, https:\/\/estudio-dokidoki.com\/fr\/wp-content\/uploads\/2021\/11\/ads-dokidoki-410x160.jpg 410w\" sizes=\"(max-width: 1024px) 100vw, 1024px\" \/>\t\t\t\t\t\t\t\t\t\t\t\t\t\t\t<\/div>\n\t\t\t\t<\/div>\n\t\t\t\t<div class=\"elementor-element elementor-element-2263ac8 animation_type_block sc_fly_static elementor-widget elementor-widget-spacer\" data-id=\"2263ac8\" data-element_type=\"widget\" data-widget_type=\"spacer.default\">\n\t\t\t\t<div class=\"elementor-widget-container\">\n\t\t\t\t\t\t\t<div class=\"elementor-spacer\">\n\t\t\t<div class=\"elementor-spacer-inner\"><\/div>\n\t\t<\/div>\n\t\t\t\t\t\t<\/div>\n\t\t\t\t<\/div>\n\t\t\t\t\t<\/div>\n\t\t<\/div>\n\t\t\t\t\t<\/div>\n\t\t<\/section>\n\t\t\t\t<div class=\"elementor-element elementor-element-6b98a6f sc_layouts_hide_on_notebook sc_layouts_hide_on_tablet sc_layouts_hide_on_mobile animation_type_block sc_fly_static elementor-widget elementor-widget-spacer\" data-id=\"6b98a6f\" data-element_type=\"widget\" data-widget_type=\"spacer.default\">\n\t\t\t\t<div class=\"elementor-widget-container\">\n\t\t\t\t\t\t\t<div class=\"elementor-spacer\">\n\t\t\t<div class=\"elementor-spacer-inner\"><\/div>\n\t\t<\/div>\n\t\t\t\t\t\t<\/div>\n\t\t\t\t<\/div>\n\t\t\t\t\t<\/div>\n\t\t<\/div>\n\t\t\t\t\t<\/div>\n\t\t<\/section>\n\t\t\t\t<\/div>\n\t\t","protected":false},"excerpt":{"rendered":"<p>Ressources utiles Ressources utiles en SEO et SEA Votre site internet est en ligne mais&hellip;<\/p>\n","protected":false},"author":1,"featured_media":0,"parent":0,"menu_order":0,"comment_status":"closed","ping_status":"closed","template":"","meta":{"footnotes":""},"class_list":["post-18462","page","type-page","status-publish","hentry"],"_links":{"self":[{"href":"https:\/\/estudio-dokidoki.com\/fr\/wp-json\/wp\/v2\/pages\/18462","targetHints":{"allow":["GET"]}}],"collection":[{"href":"https:\/\/estudio-dokidoki.com\/fr\/wp-json\/wp\/v2\/pages"}],"about":[{"href":"https:\/\/estudio-dokidoki.com\/fr\/wp-json\/wp\/v2\/types\/page"}],"author":[{"embeddable":true,"href":"https:\/\/estudio-dokidoki.com\/fr\/wp-json\/wp\/v2\/users\/1"}],"replies":[{"embeddable":true,"href":"https:\/\/estudio-dokidoki.com\/fr\/wp-json\/wp\/v2\/comments?post=18462"}],"version-history":[{"count":0,"href":"https:\/\/estudio-dokidoki.com\/fr\/wp-json\/wp\/v2\/pages\/18462\/revisions"}],"wp:attachment":[{"href":"https:\/\/estudio-dokidoki.com\/fr\/wp-json\/wp\/v2\/media?parent=18462"}],"curies":[{"name":"wp","href":"https:\/\/api.w.org\/{rel}","templated":true}]}}