{"id":17879,"date":"2021-11-03T18:06:15","date_gmt":"2021-11-03T23:06:15","guid":{"rendered":"https:\/\/estudio-dokidoki.com\/fr\/?page_id=17879"},"modified":"2026-01-23T15:08:02","modified_gmt":"2026-01-23T20:08:02","slug":"cours-ateliers-et-tutorats","status":"publish","type":"page","link":"https:\/\/estudio-dokidoki.com\/fr\/cours-ateliers-et-tutorats\/","title":{"rendered":"Cours, ateliers et tutorats"},"content":{"rendered":"\t\t<div data-elementor-type=\"wp-page\" data-elementor-id=\"17879\" class=\"elementor elementor-17879\">\n\t\t\t\t\t\t<section class=\"elementor-section elementor-top-section elementor-element elementor-element-54ffbd6 elementor-section-full_width scheme_dark elementor-section-height-min-height elementor-section-stretched elementor-section-height-default elementor-section-items-middle sc_fly_static\" data-id=\"54ffbd6\" data-element_type=\"section\" data-settings=\"{&quot;background_background&quot;:&quot;classic&quot;,&quot;stretch_section&quot;:&quot;section-stretched&quot;}\">\n\t\t\t\t\t\t\t<div class=\"elementor-background-overlay\"><\/div>\n\t\t\t\t\t\t\t<div class=\"elementor-container elementor-column-gap-default\">\n\t\t\t\t\t<div class=\"elementor-column elementor-col-100 elementor-top-column elementor-element elementor-element-52f6de4b sc_inner_width_none sc_content_align_inherit sc_layouts_column_icons_position_left sc_fly_static\" data-id=\"52f6de4b\" data-element_type=\"column\">\n\t\t\t<div class=\"elementor-widget-wrap elementor-element-populated\">\n\t\t\t\t\t\t<div class=\"elementor-element elementor-element-723ebe14 animation_type_block sc_fly_static elementor-widget elementor-widget-spacer\" data-id=\"723ebe14\" data-element_type=\"widget\" data-widget_type=\"spacer.default\">\n\t\t\t\t<div class=\"elementor-widget-container\">\n\t\t\t\t\t\t\t<div class=\"elementor-spacer\">\n\t\t\t<div class=\"elementor-spacer-inner\"><\/div>\n\t\t<\/div>\n\t\t\t\t\t\t<\/div>\n\t\t\t\t<\/div>\n\t\t\t\t<section class=\"elementor-section elementor-inner-section elementor-element elementor-element-6d56c727 elementor-section-boxed elementor-section-height-default elementor-section-height-default sc_fly_static\" data-id=\"6d56c727\" data-element_type=\"section\">\n\t\t\t\t\t\t<div class=\"elementor-container elementor-column-gap-default\">\n\t\t\t\t\t<div class=\"elementor-column elementor-col-16 elementor-inner-column elementor-element elementor-element-3f109355 sc_inner_width_none sc_content_align_inherit sc_layouts_column_icons_position_left sc_fly_static\" data-id=\"3f109355\" data-element_type=\"column\">\n\t\t\t<div class=\"elementor-widget-wrap\">\n\t\t\t\t\t\t\t<\/div>\n\t\t<\/div>\n\t\t\t\t<div class=\"elementor-column elementor-col-66 elementor-inner-column elementor-element elementor-element-31a2635b sc_inner_width_none sc_content_align_inherit sc_layouts_column_icons_position_left sc_fly_static\" data-id=\"31a2635b\" data-element_type=\"column\">\n\t\t\t<div class=\"elementor-widget-wrap elementor-element-populated\">\n\t\t\t\t\t\t<div class=\"elementor-element elementor-element-14a0a4fd animation_type_block sc_fly_static elementor-widget elementor-widget-trx_sc_title\" data-id=\"14a0a4fd\" data-element_type=\"widget\" data-widget_type=\"trx_sc_title.default\">\n\t\t\t\t<div class=\"elementor-widget-container\">\n\t\t\t\t\t<div\t\tclass=\"sc_title color_style_dark sc_title_default\" ><h1 class=\"sc_item_title sc_title_title sc_align_center sc_item_title_style_default sc_item_title_tag\"\n\t\t\t><span class=\"sc_item_title_text\">Cours, ateliers et tutorats<\/span><\/h1><\/div>\t\t\t\t<\/div>\n\t\t\t\t<\/div>\n\t\t\t\t\t<\/div>\n\t\t<\/div>\n\t\t\t\t<div class=\"elementor-column elementor-col-16 elementor-inner-column elementor-element elementor-element-6f07d146 sc_inner_width_none sc_content_align_inherit sc_layouts_column_icons_position_left sc_fly_static\" data-id=\"6f07d146\" data-element_type=\"column\">\n\t\t\t<div class=\"elementor-widget-wrap\">\n\t\t\t\t\t\t\t<\/div>\n\t\t<\/div>\n\t\t\t\t\t<\/div>\n\t\t<\/section>\n\t\t\t\t<div class=\"elementor-element elementor-element-78d716d animation_type_block sc_fly_static elementor-widget elementor-widget-spacer\" data-id=\"78d716d\" data-element_type=\"widget\" data-widget_type=\"spacer.default\">\n\t\t\t\t<div class=\"elementor-widget-container\">\n\t\t\t\t\t\t\t<div class=\"elementor-spacer\">\n\t\t\t<div class=\"elementor-spacer-inner\"><\/div>\n\t\t<\/div>\n\t\t\t\t\t\t<\/div>\n\t\t\t\t<\/div>\n\t\t\t\t\t<\/div>\n\t\t<\/div>\n\t\t\t\t\t<\/div>\n\t\t<\/section>\n\t\t\t\t<section class=\"elementor-section elementor-top-section elementor-element elementor-element-610dca91 scheme_default elementor-section-boxed elementor-section-height-default elementor-section-height-default sc_fly_static\" data-id=\"610dca91\" data-element_type=\"section\" data-settings=\"{&quot;background_background&quot;:&quot;classic&quot;}\">\n\t\t\t\t\t\t<div class=\"elementor-container elementor-column-gap-default\">\n\t\t\t\t\t<div class=\"elementor-column elementor-col-100 elementor-top-column elementor-element elementor-element-22d31ce0 sc_inner_width_none sc_content_align_inherit sc_layouts_column_icons_position_left sc_fly_static\" data-id=\"22d31ce0\" data-element_type=\"column\">\n\t\t\t<div class=\"elementor-widget-wrap elementor-element-populated\">\n\t\t\t\t\t\t<div class=\"elementor-element elementor-element-2de9dd04 animation_type_block sc_fly_static elementor-widget elementor-widget-spacer\" data-id=\"2de9dd04\" data-element_type=\"widget\" data-widget_type=\"spacer.default\">\n\t\t\t\t<div class=\"elementor-widget-container\">\n\t\t\t\t\t\t\t<div class=\"elementor-spacer\">\n\t\t\t<div class=\"elementor-spacer-inner\"><\/div>\n\t\t<\/div>\n\t\t\t\t\t\t<\/div>\n\t\t\t\t<\/div>\n\t\t\t\t<div class=\"elementor-element elementor-element-6738f89b sc_layouts_hide_on_notebook sc_layouts_hide_on_tablet sc_layouts_hide_on_mobile animation_type_block sc_fly_static elementor-widget elementor-widget-spacer\" data-id=\"6738f89b\" data-element_type=\"widget\" data-widget_type=\"spacer.default\">\n\t\t\t\t<div class=\"elementor-widget-container\">\n\t\t\t\t\t\t\t<div class=\"elementor-spacer\">\n\t\t\t<div class=\"elementor-spacer-inner\"><\/div>\n\t\t<\/div>\n\t\t\t\t\t\t<\/div>\n\t\t\t\t<\/div>\n\t\t\t\t<section class=\"elementor-section-with-custom-width elementor-section elementor-inner-section elementor-element elementor-element-4e1c2da2 elementor-section-boxed elementor-section-height-default elementor-section-height-default sc_fly_static\" data-id=\"4e1c2da2\" data-element_type=\"section\">\n\t\t\t\t\t\t<div class=\"elementor-container elementor-column-gap-default\">\n\t\t\t\t\t<div class=\"elementor-column elementor-col-100 elementor-inner-column elementor-element elementor-element-28937634 sc_inner_width_none sc_content_align_inherit sc_layouts_column_icons_position_left sc_fly_static\" data-id=\"28937634\" data-element_type=\"column\">\n\t\t\t<div class=\"elementor-widget-wrap elementor-element-populated\">\n\t\t\t\t\t\t<div class=\"elementor-element elementor-element-669df524 animation_type_block sc_fly_static elementor-widget elementor-widget-trx_sc_title\" data-id=\"669df524\" data-element_type=\"widget\" data-widget_type=\"trx_sc_title.default\">\n\t\t\t\t<div class=\"elementor-widget-container\">\n\t\t\t\t\t<div\t\tclass=\"sc_title sc_title_default\" ><h1 class=\"sc_item_title sc_title_title sc_align_left sc_item_title_style_default sc_item_title_tag\"\n\t\t\t><span class=\"sc_item_title_text\">Formations professionnelles en SEO, GEO et SEA<\/span><\/h1><div class=\"sc_item_descr sc_title_descr sc_align_left\"><p>Notre agence peut intervenir sur site et former vos \u00e9quipes et employ\u00e9s \u00e0 r\u00e9aliser vos projets digitaux. Si vous n\u2019avez pas les moyens et connaissances en interne pour mener \u00e0 bien vos campagnes SEO et SEA, nous vous recommandons de solliciter l\u2019aide de nos experts.<\/p>\n<p>Aussi bien SEO qu\u2019en SEA, nous pouvons vous aider \u00e0 internaliser des connaissances strat\u00e9giques ou alors tout simplement g\u00e9rer vos projets sp\u00e9cifiques, en tant qu\u2019intervenants externes. Am\u00e9liorons ensemble votre visibilit\u00e9 web !<\/p>\n<\/div><\/div>\t\t\t\t<\/div>\n\t\t\t\t<\/div>\n\t\t\t\t<div class=\"elementor-element elementor-element-e9c931d animation_type_block sc_fly_static elementor-widget elementor-widget-spacer\" data-id=\"e9c931d\" data-element_type=\"widget\" data-widget_type=\"spacer.default\">\n\t\t\t\t<div class=\"elementor-widget-container\">\n\t\t\t\t\t\t\t<div class=\"elementor-spacer\">\n\t\t\t<div class=\"elementor-spacer-inner\"><\/div>\n\t\t<\/div>\n\t\t\t\t\t\t<\/div>\n\t\t\t\t<\/div>\n\t\t\t\t<div class=\"elementor-element elementor-element-aff2a54 animation_type_block sc_fly_static elementor-widget elementor-widget-image\" data-id=\"aff2a54\" data-element_type=\"widget\" data-widget_type=\"image.default\">\n\t\t\t\t<div class=\"elementor-widget-container\">\n\t\t\t\t\t\t\t\t\t\t\t\t\t\t\t<img fetchpriority=\"high\" decoding=\"async\" width=\"1024\" height=\"400\" src=\"https:\/\/estudio-dokidoki.com\/fr\/wp-content\/uploads\/2021\/11\/tutorias-dokidoki.jpg\" class=\"attachment-large size-large wp-image-18176\" alt=\"\" srcset=\"https:\/\/estudio-dokidoki.com\/fr\/wp-content\/uploads\/2021\/11\/tutorias-dokidoki.jpg 1024w, https:\/\/estudio-dokidoki.com\/fr\/wp-content\/uploads\/2021\/11\/tutorias-dokidoki-300x117.jpg 300w, https:\/\/estudio-dokidoki.com\/fr\/wp-content\/uploads\/2021\/11\/tutorias-dokidoki-768x300.jpg 768w, https:\/\/estudio-dokidoki.com\/fr\/wp-content\/uploads\/2021\/11\/tutorias-dokidoki-370x145.jpg 370w, https:\/\/estudio-dokidoki.com\/fr\/wp-content\/uploads\/2021\/11\/tutorias-dokidoki-840x328.jpg 840w, https:\/\/estudio-dokidoki.com\/fr\/wp-content\/uploads\/2021\/11\/tutorias-dokidoki-410x160.jpg 410w\" sizes=\"(max-width: 1024px) 100vw, 1024px\" \/>\t\t\t\t\t\t\t\t\t\t\t\t\t\t\t<\/div>\n\t\t\t\t<\/div>\n\t\t\t\t<div class=\"elementor-element elementor-element-5da09d94 animation_type_block sc_fly_static elementor-widget elementor-widget-spacer\" data-id=\"5da09d94\" data-element_type=\"widget\" data-widget_type=\"spacer.default\">\n\t\t\t\t<div class=\"elementor-widget-container\">\n\t\t\t\t\t\t\t<div class=\"elementor-spacer\">\n\t\t\t<div class=\"elementor-spacer-inner\"><\/div>\n\t\t<\/div>\n\t\t\t\t\t\t<\/div>\n\t\t\t\t<\/div>\n\t\t\t\t\t<\/div>\n\t\t<\/div>\n\t\t\t\t\t<\/div>\n\t\t<\/section>\n\t\t\t\t<section class=\"elementor-section-with-custom-width elementor-section elementor-inner-section elementor-element elementor-element-2c30cf02 elementor-section-boxed elementor-section-height-default elementor-section-height-default sc_fly_static\" data-id=\"2c30cf02\" data-element_type=\"section\">\n\t\t\t\t\t\t<div class=\"elementor-container elementor-column-gap-default\">\n\t\t\t\t\t<div class=\"elementor-column elementor-col-100 elementor-inner-column elementor-element elementor-element-4c32fda0 sc_inner_width_none sc_content_align_inherit sc_layouts_column_icons_position_left sc_fly_static\" data-id=\"4c32fda0\" data-element_type=\"column\">\n\t\t\t<div class=\"elementor-widget-wrap elementor-element-populated\">\n\t\t\t\t\t\t<div class=\"elementor-element elementor-element-419c8846 animation_type_block sc_fly_static elementor-widget elementor-widget-trx_sc_title\" data-id=\"419c8846\" data-element_type=\"widget\" data-widget_type=\"trx_sc_title.default\">\n\t\t\t\t<div class=\"elementor-widget-container\">\n\t\t\t\t\t<div\t\tclass=\"sc_title sc_title_default\" ><h2 class=\"sc_item_title sc_title_title sc_align_left sc_item_title_style_default sc_item_title_tag\"\n\t\t\t><span class=\"sc_item_title_text\">Nous proposons des tutorats et ateliers en entreprises et organisations<\/span><\/h2><div class=\"sc_item_descr sc_title_descr sc_align_left\"><p>Suivant vos besoins, nous pouvons cr\u00e9er de toutes pi\u00e8ces conf\u00e9rences, cours et ateliers de 2h, 4h ou plusieurs jours suivant ce que vous souhaitez faire et \u00e0 quel rythme vous souhaitez avancer.<\/p>\n<p>Nos professeurs experts enseignent toujours avec simplicit\u00e9, p\u00e9dagogie, humour et enthousiasme. Nous faisons en sorte que ce soit facile de penser et cr\u00e9er des strat\u00e9gies r\u00e9ussies de mots cl\u00e9s, positionnement web et r\u00e9daction de contenu.<\/p>\n<p>D\u00e9couvrez avec notre aide \u00e0 quel point il est facile de convertir vos employ\u00e9s en v\u00e9ritables connaisseurs du web !<\/p>\n<\/div><\/div>\t\t\t\t<\/div>\n\t\t\t\t<\/div>\n\t\t\t\t<div class=\"elementor-element elementor-element-4d5aadad animation_type_block sc_fly_static elementor-widget elementor-widget-spacer\" data-id=\"4d5aadad\" data-element_type=\"widget\" data-widget_type=\"spacer.default\">\n\t\t\t\t<div class=\"elementor-widget-container\">\n\t\t\t\t\t\t\t<div class=\"elementor-spacer\">\n\t\t\t<div class=\"elementor-spacer-inner\"><\/div>\n\t\t<\/div>\n\t\t\t\t\t\t<\/div>\n\t\t\t\t<\/div>\n\t\t\t\t\t<\/div>\n\t\t<\/div>\n\t\t\t\t\t<\/div>\n\t\t<\/section>\n\t\t\t\t<section class=\"elementor-section-with-custom-width elementor-section elementor-inner-section elementor-element elementor-element-3462474e elementor-section-boxed elementor-section-height-default elementor-section-height-default sc_fly_static\" data-id=\"3462474e\" data-element_type=\"section\">\n\t\t\t\t\t\t<div class=\"elementor-container elementor-column-gap-default\">\n\t\t\t\t\t<div class=\"elementor-column elementor-col-100 elementor-inner-column elementor-element elementor-element-67e9e9eb sc_inner_width_none sc_content_align_inherit sc_layouts_column_icons_position_left sc_fly_static\" data-id=\"67e9e9eb\" data-element_type=\"column\">\n\t\t\t<div class=\"elementor-widget-wrap elementor-element-populated\">\n\t\t\t\t\t\t<div class=\"elementor-element elementor-element-252d92fc animation_type_block sc_fly_static elementor-widget elementor-widget-trx_sc_title\" data-id=\"252d92fc\" data-element_type=\"widget\" data-widget_type=\"trx_sc_title.default\">\n\t\t\t\t<div class=\"elementor-widget-container\">\n\t\t\t\t\t<div\t\tclass=\"sc_title sc_title_default\" ><h2 class=\"sc_item_title sc_title_title sc_align_left sc_item_title_style_default sc_item_title_tag\"\n\t\t\t><span class=\"sc_item_title_text\">Nous r\u00e9alisons des conf\u00e9rences \u00e0 l\u2019universit\u00e9<\/span><\/h2><div class=\"sc_item_descr sc_title_descr sc_align_left\"><p>Oui, et on adore \u00e7a !<\/p>\n<p>Remy MORISOT et Andrea RAMIREZ, les fondateurs d\u2019Estudio Dokidoki ont donn\u00e9 des cours, conf\u00e9rences et tutorats dans de nombreuses universit\u00e9s de Buenos Aires, o\u00f9 ils ont pu rencontrer et conna\u00eetre de nombreux \u00e9tudiants passionn\u00e9s. Former futurs professionnels et entrepreneurs nous remplit de satisfaction et donne du sens \u00e0 tout ce que nous faisons.<\/p>\n<p>Le SEO, GEO, SEA et SEM s\u2019enseigne comme n\u2019importe quelle sp\u00e9cialisation qui d\u00e9coule du marketing digital et de la communication. Cependant, les \u00e9tudiant en \u00e9cole de commerce, \u00e9conomie, sciences politiques ou ing\u00e9nierie peuvent \u00e9galement d\u00e9velopper un certain int\u00e9r\u00eat au fait de r\u00e9ussir \u00e0 dominer cette science (et ils ont bien raison).<\/p>\n<\/div><\/div>\t\t\t\t<\/div>\n\t\t\t\t<\/div>\n\t\t\t\t<div class=\"elementor-element elementor-element-2cd7046 animation_type_block sc_fly_static elementor-widget elementor-widget-spacer\" data-id=\"2cd7046\" data-element_type=\"widget\" data-widget_type=\"spacer.default\">\n\t\t\t\t<div class=\"elementor-widget-container\">\n\t\t\t\t\t\t\t<div class=\"elementor-spacer\">\n\t\t\t<div class=\"elementor-spacer-inner\"><\/div>\n\t\t<\/div>\n\t\t\t\t\t\t<\/div>\n\t\t\t\t<\/div>\n\t\t\t\t\t<\/div>\n\t\t<\/div>\n\t\t\t\t\t<\/div>\n\t\t<\/section>\n\t\t\t\t<section class=\"elementor-section-with-custom-width elementor-section elementor-inner-section elementor-element elementor-element-13cc2f62 elementor-section-boxed elementor-section-height-default elementor-section-height-default sc_fly_static\" data-id=\"13cc2f62\" data-element_type=\"section\">\n\t\t\t\t\t\t<div class=\"elementor-container elementor-column-gap-default\">\n\t\t\t\t\t<div class=\"elementor-column elementor-col-100 elementor-inner-column elementor-element elementor-element-30293e86 sc_inner_width_none sc_content_align_inherit sc_layouts_column_icons_position_left sc_fly_static\" data-id=\"30293e86\" data-element_type=\"column\">\n\t\t\t<div class=\"elementor-widget-wrap elementor-element-populated\">\n\t\t\t\t\t\t<div class=\"elementor-element elementor-element-4774c6aa animation_type_block sc_fly_static elementor-widget elementor-widget-trx_sc_title\" data-id=\"4774c6aa\" data-element_type=\"widget\" data-widget_type=\"trx_sc_title.default\">\n\t\t\t\t<div class=\"elementor-widget-container\">\n\t\t\t\t\t<div\t\tclass=\"sc_title sc_title_default\" ><h2 class=\"sc_item_title sc_title_title sc_align_left sc_item_title_style_default sc_item_title_tag\"\n\t\t\t><span class=\"sc_item_title_text\">Consulting pour chambres de commerce et accompagnements d\u2019entrepreneurs<\/span><\/h2><div class=\"sc_item_descr sc_title_descr sc_align_left\"><p>Dans le cadre des programmes PME 2.0 et capital semillas, nos professeurs ont pu donner des cours et du tutorat \u00e0 de nombreux entrepreneurs et PME de Buenos Aires ville et province.<\/p>\n<p>Nous souhaitons r\u00e9p\u00e9ter cette initiative en Equateur ainsi que dans les pays limitrophes afin de revivre ces exp\u00e9riences tr\u00e8s enrichissantes aussi bien humainement que professionnellement. <\/p>\n<p>Contactez-nous directement pour que nous puissions vous assister dans l\u2019accompagnement d\u2019entrepreneurs incub\u00e9s ou futurs entrepreneurs \u00e0 succ\u00e8s. Nous voulons faire partie de vos r\u00e9ussites !<\/p>\n<\/div><\/div>\t\t\t\t<\/div>\n\t\t\t\t<\/div>\n\t\t\t\t<div class=\"elementor-element elementor-element-7f784ea9 animation_type_block sc_fly_static elementor-widget elementor-widget-spacer\" data-id=\"7f784ea9\" data-element_type=\"widget\" data-widget_type=\"spacer.default\">\n\t\t\t\t<div class=\"elementor-widget-container\">\n\t\t\t\t\t\t\t<div class=\"elementor-spacer\">\n\t\t\t<div class=\"elementor-spacer-inner\"><\/div>\n\t\t<\/div>\n\t\t\t\t\t\t<\/div>\n\t\t\t\t<\/div>\n\t\t\t\t\t<\/div>\n\t\t<\/div>\n\t\t\t\t\t<\/div>\n\t\t<\/section>\n\t\t\t\t\t<\/div>\n\t\t<\/div>\n\t\t\t\t\t<\/div>\n\t\t<\/section>\n\t\t\t\t<section class=\"elementor-section-with-custom-width elementor-section elementor-top-section elementor-element elementor-element-4f643e4f elementor-section-height-min-height elementor-section-stretched elementor-section-boxed elementor-section-height-default elementor-section-items-middle sc_fly_static\" data-id=\"4f643e4f\" data-element_type=\"section\" data-settings=\"{&quot;stretch_section&quot;:&quot;section-stretched&quot;,&quot;background_background&quot;:&quot;classic&quot;}\">\n\t\t\t\t\t\t<div class=\"elementor-container elementor-column-gap-default\">\n\t\t\t\t\t<div class=\"elementor-column elementor-col-66 elementor-top-column elementor-element elementor-element-109cadd sc_inner_width_none sc_content_align_inherit sc_layouts_column_icons_position_left sc_fly_static\" data-id=\"109cadd\" data-element_type=\"column\">\n\t\t\t<div class=\"elementor-widget-wrap elementor-element-populated\">\n\t\t\t\t\t\t<div class=\"elementor-element elementor-element-1cd75f90 animation_type_block sc_fly_static elementor-widget elementor-widget-heading\" data-id=\"1cd75f90\" data-element_type=\"widget\" data-widget_type=\"heading.default\">\n\t\t\t\t<div class=\"elementor-widget-container\">\n\t\t\t\t\t<h5 class=\"elementor-heading-title elementor-size-default\">\"Nos experts peuvent vous aider \u00e0 d\u00e9terminer quelle strat\u00e9gie adopter, et quelles d\u00e9cisions prendre.\"<\/h5>\t\t\t\t<\/div>\n\t\t\t\t<\/div>\n\t\t\t\t\t<\/div>\n\t\t<\/div>\n\t\t\t\t<div class=\"elementor-column elementor-col-33 elementor-top-column elementor-element elementor-element-71bec1e4 sc_inner_width_none sc_content_align_inherit sc_layouts_column_icons_position_left sc_fly_static\" data-id=\"71bec1e4\" data-element_type=\"column\">\n\t\t\t<div class=\"elementor-widget-wrap elementor-element-populated\">\n\t\t\t\t\t\t<div class=\"elementor-element elementor-element-162a3389 elementor-align-center animation_type_block sc_fly_static elementor-widget elementor-widget-button\" data-id=\"162a3389\" data-element_type=\"widget\" data-widget_type=\"button.default\">\n\t\t\t\t<div class=\"elementor-widget-container\">\n\t\t\t\t\t\t\t\t\t<div class=\"elementor-button-wrapper\">\n\t\t\t\t\t<a class=\"elementor-button elementor-button-link elementor-size-sm\" href=\"https:\/\/estudio-dokidoki.com\/fr\/nous-contacter\/\">\n\t\t\t\t\t\t<span class=\"elementor-button-content-wrapper\">\n\t\t\t\t\t\t\t\t\t<span class=\"elementor-button-text\">Contactez-nous !<\/span>\n\t\t\t\t\t<\/span>\n\t\t\t\t\t<\/a>\n\t\t\t\t<\/div>\n\t\t\t\t\t\t\t\t<\/div>\n\t\t\t\t<\/div>\n\t\t\t\t\t<\/div>\n\t\t<\/div>\n\t\t\t\t\t<\/div>\n\t\t<\/section>\n\t\t\t\t<\/div>\n\t\t","protected":false},"excerpt":{"rendered":"<p>Cours, ateliers et tutorats Formations professionnelles en SEO, GEO et SEA Notre agence peut intervenir&hellip;<\/p>\n","protected":false},"author":1,"featured_media":0,"parent":0,"menu_order":0,"comment_status":"closed","ping_status":"closed","template":"","meta":{"footnotes":""},"class_list":["post-17879","page","type-page","status-publish","hentry"],"_links":{"self":[{"href":"https:\/\/estudio-dokidoki.com\/fr\/wp-json\/wp\/v2\/pages\/17879","targetHints":{"allow":["GET"]}}],"collection":[{"href":"https:\/\/estudio-dokidoki.com\/fr\/wp-json\/wp\/v2\/pages"}],"about":[{"href":"https:\/\/estudio-dokidoki.com\/fr\/wp-json\/wp\/v2\/types\/page"}],"author":[{"embeddable":true,"href":"https:\/\/estudio-dokidoki.com\/fr\/wp-json\/wp\/v2\/users\/1"}],"replies":[{"embeddable":true,"href":"https:\/\/estudio-dokidoki.com\/fr\/wp-json\/wp\/v2\/comments?post=17879"}],"version-history":[{"count":3,"href":"https:\/\/estudio-dokidoki.com\/fr\/wp-json\/wp\/v2\/pages\/17879\/revisions"}],"predecessor-version":[{"id":22095,"href":"https:\/\/estudio-dokidoki.com\/fr\/wp-json\/wp\/v2\/pages\/17879\/revisions\/22095"}],"wp:attachment":[{"href":"https:\/\/estudio-dokidoki.com\/fr\/wp-json\/wp\/v2\/media?parent=17879"}],"curies":[{"name":"wp","href":"https:\/\/api.w.org\/{rel}","templated":true}]}}