{"id":17874,"date":"2021-11-03T18:02:51","date_gmt":"2021-11-03T23:02:51","guid":{"rendered":"http:\/\/doki.weowndesign.com\/?page_id=17874"},"modified":"2026-01-23T15:07:18","modified_gmt":"2026-01-23T20:07:18","slug":"conferences-professionnelles-et-universitaires","status":"publish","type":"page","link":"https:\/\/estudio-dokidoki.com\/fr\/conferences-professionnelles-et-universitaires\/","title":{"rendered":"Conf\u00e9rences professionnelles et universitaires"},"content":{"rendered":"\t\t<div data-elementor-type=\"wp-page\" data-elementor-id=\"17874\" class=\"elementor elementor-17874\">\n\t\t\t\t\t\t<section class=\"elementor-section elementor-top-section elementor-element elementor-element-4a4b3879 elementor-section-full_width scheme_dark elementor-section-height-min-height elementor-section-stretched elementor-section-height-default elementor-section-items-middle sc_fly_static\" data-id=\"4a4b3879\" data-element_type=\"section\" data-settings=\"{&quot;background_background&quot;:&quot;classic&quot;,&quot;stretch_section&quot;:&quot;section-stretched&quot;}\">\n\t\t\t\t\t\t\t<div class=\"elementor-background-overlay\"><\/div>\n\t\t\t\t\t\t\t<div class=\"elementor-container elementor-column-gap-default\">\n\t\t\t\t\t<div class=\"elementor-column elementor-col-100 elementor-top-column elementor-element elementor-element-70ba2617 sc_inner_width_none sc_content_align_inherit sc_layouts_column_icons_position_left sc_fly_static\" data-id=\"70ba2617\" data-element_type=\"column\">\n\t\t\t<div class=\"elementor-widget-wrap elementor-element-populated\">\n\t\t\t\t\t\t<div class=\"elementor-element elementor-element-283b88c0 animation_type_block sc_fly_static elementor-widget elementor-widget-spacer\" data-id=\"283b88c0\" data-element_type=\"widget\" data-widget_type=\"spacer.default\">\n\t\t\t\t<div class=\"elementor-widget-container\">\n\t\t\t\t\t\t\t<div class=\"elementor-spacer\">\n\t\t\t<div class=\"elementor-spacer-inner\"><\/div>\n\t\t<\/div>\n\t\t\t\t\t\t<\/div>\n\t\t\t\t<\/div>\n\t\t\t\t<section class=\"elementor-section elementor-inner-section elementor-element elementor-element-525ebe52 elementor-section-boxed elementor-section-height-default elementor-section-height-default sc_fly_static\" data-id=\"525ebe52\" data-element_type=\"section\">\n\t\t\t\t\t\t<div class=\"elementor-container elementor-column-gap-default\">\n\t\t\t\t\t<div class=\"elementor-column elementor-col-16 elementor-inner-column elementor-element elementor-element-3ee48a37 sc_inner_width_none sc_content_align_inherit sc_layouts_column_icons_position_left sc_fly_static\" data-id=\"3ee48a37\" data-element_type=\"column\">\n\t\t\t<div class=\"elementor-widget-wrap\">\n\t\t\t\t\t\t\t<\/div>\n\t\t<\/div>\n\t\t\t\t<div class=\"elementor-column elementor-col-66 elementor-inner-column elementor-element elementor-element-11a9da53 sc_inner_width_none sc_content_align_inherit sc_layouts_column_icons_position_left sc_fly_static\" data-id=\"11a9da53\" data-element_type=\"column\">\n\t\t\t<div class=\"elementor-widget-wrap elementor-element-populated\">\n\t\t\t\t\t\t<div class=\"elementor-element elementor-element-19cddef4 animation_type_block sc_fly_static elementor-widget elementor-widget-trx_sc_title\" data-id=\"19cddef4\" data-element_type=\"widget\" data-widget_type=\"trx_sc_title.default\">\n\t\t\t\t<div class=\"elementor-widget-container\">\n\t\t\t\t\t<div\t\tclass=\"sc_title color_style_dark sc_title_default\" ><h1 class=\"sc_item_title sc_title_title sc_align_center sc_item_title_style_default sc_item_title_tag\"\n\t\t\t><span class=\"sc_item_title_text\">Conf\u00e9rences professionnelles et universitaires<\/span><\/h1><\/div>\t\t\t\t<\/div>\n\t\t\t\t<\/div>\n\t\t\t\t\t<\/div>\n\t\t<\/div>\n\t\t\t\t<div class=\"elementor-column elementor-col-16 elementor-inner-column elementor-element elementor-element-2f131ed5 sc_inner_width_none sc_content_align_inherit sc_layouts_column_icons_position_left sc_fly_static\" data-id=\"2f131ed5\" data-element_type=\"column\">\n\t\t\t<div class=\"elementor-widget-wrap\">\n\t\t\t\t\t\t\t<\/div>\n\t\t<\/div>\n\t\t\t\t\t<\/div>\n\t\t<\/section>\n\t\t\t\t<div class=\"elementor-element elementor-element-7fc49062 animation_type_block sc_fly_static elementor-widget elementor-widget-spacer\" data-id=\"7fc49062\" data-element_type=\"widget\" data-widget_type=\"spacer.default\">\n\t\t\t\t<div class=\"elementor-widget-container\">\n\t\t\t\t\t\t\t<div class=\"elementor-spacer\">\n\t\t\t<div class=\"elementor-spacer-inner\"><\/div>\n\t\t<\/div>\n\t\t\t\t\t\t<\/div>\n\t\t\t\t<\/div>\n\t\t\t\t\t<\/div>\n\t\t<\/div>\n\t\t\t\t\t<\/div>\n\t\t<\/section>\n\t\t\t\t<section class=\"elementor-section elementor-top-section elementor-element elementor-element-610dca91 scheme_default elementor-section-boxed elementor-section-height-default elementor-section-height-default sc_fly_static\" data-id=\"610dca91\" data-element_type=\"section\" data-settings=\"{&quot;background_background&quot;:&quot;classic&quot;}\">\n\t\t\t\t\t\t<div class=\"elementor-container elementor-column-gap-default\">\n\t\t\t\t\t<div class=\"elementor-column elementor-col-100 elementor-top-column elementor-element elementor-element-22d31ce0 sc_inner_width_none sc_content_align_inherit sc_layouts_column_icons_position_left sc_fly_static\" data-id=\"22d31ce0\" data-element_type=\"column\">\n\t\t\t<div class=\"elementor-widget-wrap elementor-element-populated\">\n\t\t\t\t\t\t<div class=\"elementor-element elementor-element-2de9dd04 animation_type_block sc_fly_static elementor-widget elementor-widget-spacer\" data-id=\"2de9dd04\" data-element_type=\"widget\" data-widget_type=\"spacer.default\">\n\t\t\t\t<div class=\"elementor-widget-container\">\n\t\t\t\t\t\t\t<div class=\"elementor-spacer\">\n\t\t\t<div class=\"elementor-spacer-inner\"><\/div>\n\t\t<\/div>\n\t\t\t\t\t\t<\/div>\n\t\t\t\t<\/div>\n\t\t\t\t<div class=\"elementor-element elementor-element-6738f89b sc_layouts_hide_on_notebook sc_layouts_hide_on_tablet sc_layouts_hide_on_mobile animation_type_block sc_fly_static elementor-widget elementor-widget-spacer\" data-id=\"6738f89b\" data-element_type=\"widget\" data-widget_type=\"spacer.default\">\n\t\t\t\t<div class=\"elementor-widget-container\">\n\t\t\t\t\t\t\t<div class=\"elementor-spacer\">\n\t\t\t<div class=\"elementor-spacer-inner\"><\/div>\n\t\t<\/div>\n\t\t\t\t\t\t<\/div>\n\t\t\t\t<\/div>\n\t\t\t\t<section class=\"elementor-section-with-custom-width elementor-section elementor-inner-section elementor-element elementor-element-4e1c2da2 elementor-section-boxed elementor-section-height-default elementor-section-height-default sc_fly_static\" data-id=\"4e1c2da2\" data-element_type=\"section\">\n\t\t\t\t\t\t<div class=\"elementor-container elementor-column-gap-default\">\n\t\t\t\t\t<div class=\"elementor-column elementor-col-100 elementor-inner-column elementor-element elementor-element-28937634 sc_inner_width_none sc_content_align_inherit sc_layouts_column_icons_position_left sc_fly_static\" data-id=\"28937634\" data-element_type=\"column\">\n\t\t\t<div class=\"elementor-widget-wrap elementor-element-populated\">\n\t\t\t\t\t\t<div class=\"elementor-element elementor-element-669df524 animation_type_block sc_fly_static elementor-widget elementor-widget-trx_sc_title\" data-id=\"669df524\" data-element_type=\"widget\" data-widget_type=\"trx_sc_title.default\">\n\t\t\t\t<div class=\"elementor-widget-container\">\n\t\t\t\t\t<div\t\tclass=\"sc_title sc_title_default\" ><h1 class=\"sc_item_title sc_title_title sc_align_left sc_item_title_style_default sc_item_title_tag\"\n\t\t\t><span class=\"sc_item_title_text\">Formations professionnelles en SEO, GEO et SEA<\/span><\/h1><div class=\"sc_item_descr sc_title_descr sc_align_left\"><p>Les utilisateurs qui n\u2019utilisent pas beaucoup les moteurs de recherche, ont tendance \u00e0 cliquer principalement sur les publicit\u00e9s (SEA), les plus experts, par contre, vont plus rapidement vers les liens organiques pour trouver ce qu\u2019ils recherchent (SEO). Vous, comme entrepreneur, devez imp\u00e9rativement appara\u00eetre dans les deux sections, pour maximiser vos chances d\u2019\u00eatre visible pour obtenir des clics !\u201d <\/p>\n<p>Vous ne connaissez ou ne ma\u00eetrisez que tr\u00e8s peu ce sujet ? Vous ne disposez pas de professionnels form\u00e9s et comp\u00e9tents en SEO et SEA en interne ?<\/p>\n<p>Pas d\u2019inqui\u00e9tude, notre agence franco-\u00e9quatorienne peut former facilement et avec beaucoup de p\u00e9dagogie vos \u00e9quipes. Vous \u00eates en Equateur ou dans le sud-ouest de la France ? Venez conna\u00eetre en personne nos \u00e9quipes !<\/p>\n<\/div><\/div>\t\t\t\t<\/div>\n\t\t\t\t<\/div>\n\t\t\t\t<div class=\"elementor-element elementor-element-7e55184 animation_type_block sc_fly_static elementor-widget elementor-widget-spacer\" data-id=\"7e55184\" data-element_type=\"widget\" data-widget_type=\"spacer.default\">\n\t\t\t\t<div class=\"elementor-widget-container\">\n\t\t\t\t\t\t\t<div class=\"elementor-spacer\">\n\t\t\t<div class=\"elementor-spacer-inner\"><\/div>\n\t\t<\/div>\n\t\t\t\t\t\t<\/div>\n\t\t\t\t<\/div>\n\t\t\t\t<div class=\"elementor-element elementor-element-74b41f7 animation_type_block sc_fly_static elementor-widget elementor-widget-image\" data-id=\"74b41f7\" data-element_type=\"widget\" data-widget_type=\"image.default\">\n\t\t\t\t<div class=\"elementor-widget-container\">\n\t\t\t\t\t\t\t\t\t\t\t\t\t\t\t<img fetchpriority=\"high\" decoding=\"async\" width=\"1024\" height=\"400\" src=\"https:\/\/estudio-dokidoki.com\/fr\/wp-content\/uploads\/2021\/11\/tutorias-doki.jpg\" class=\"attachment-large size-large wp-image-18171\" alt=\"\" srcset=\"https:\/\/estudio-dokidoki.com\/fr\/wp-content\/uploads\/2021\/11\/tutorias-doki.jpg 1024w, https:\/\/estudio-dokidoki.com\/fr\/wp-content\/uploads\/2021\/11\/tutorias-doki-300x117.jpg 300w, https:\/\/estudio-dokidoki.com\/fr\/wp-content\/uploads\/2021\/11\/tutorias-doki-768x300.jpg 768w, https:\/\/estudio-dokidoki.com\/fr\/wp-content\/uploads\/2021\/11\/tutorias-doki-370x145.jpg 370w, https:\/\/estudio-dokidoki.com\/fr\/wp-content\/uploads\/2021\/11\/tutorias-doki-840x328.jpg 840w, https:\/\/estudio-dokidoki.com\/fr\/wp-content\/uploads\/2021\/11\/tutorias-doki-410x160.jpg 410w\" sizes=\"(max-width: 1024px) 100vw, 1024px\" \/>\t\t\t\t\t\t\t\t\t\t\t\t\t\t\t<\/div>\n\t\t\t\t<\/div>\n\t\t\t\t<div class=\"elementor-element elementor-element-5da09d94 animation_type_block sc_fly_static elementor-widget elementor-widget-spacer\" data-id=\"5da09d94\" data-element_type=\"widget\" data-widget_type=\"spacer.default\">\n\t\t\t\t<div class=\"elementor-widget-container\">\n\t\t\t\t\t\t\t<div class=\"elementor-spacer\">\n\t\t\t<div class=\"elementor-spacer-inner\"><\/div>\n\t\t<\/div>\n\t\t\t\t\t\t<\/div>\n\t\t\t\t<\/div>\n\t\t\t\t\t<\/div>\n\t\t<\/div>\n\t\t\t\t\t<\/div>\n\t\t<\/section>\n\t\t\t\t<section class=\"elementor-section-with-custom-width elementor-section elementor-inner-section elementor-element elementor-element-2c30cf02 elementor-section-boxed elementor-section-height-default elementor-section-height-default sc_fly_static\" data-id=\"2c30cf02\" data-element_type=\"section\">\n\t\t\t\t\t\t<div class=\"elementor-container elementor-column-gap-default\">\n\t\t\t\t\t<div class=\"elementor-column elementor-col-100 elementor-inner-column elementor-element elementor-element-4c32fda0 sc_inner_width_none sc_content_align_inherit sc_layouts_column_icons_position_left sc_fly_static\" data-id=\"4c32fda0\" data-element_type=\"column\">\n\t\t\t<div class=\"elementor-widget-wrap elementor-element-populated\">\n\t\t\t\t\t\t<div class=\"elementor-element elementor-element-419c8846 animation_type_block sc_fly_static elementor-widget elementor-widget-trx_sc_title\" data-id=\"419c8846\" data-element_type=\"widget\" data-widget_type=\"trx_sc_title.default\">\n\t\t\t\t<div class=\"elementor-widget-container\">\n\t\t\t\t\t<div\t\tclass=\"sc_title sc_title_default\" ><h2 class=\"sc_item_title sc_title_title sc_align_left sc_item_title_style_default sc_item_title_tag\"\n\t\t\t><span class=\"sc_item_title_text\">Nous formons en pr\u00e9sentiel au niveau national<\/span><\/h2><div class=\"sc_item_descr sc_title_descr sc_align_left\"><p>Nous disposons de bureaux \u00e0 Guyaquil et Quito en Equateur et \u00e0 Albi, dans le sud de la France.<\/p>\n<p>Vous avez un besoin urgent de former vos \u00e9quipes en r\u00e9daction web et optimisation de contenu ? \u00c0 la bonne heure, nos formations couvrent tous les sujets possibles qui ont un impact en SEO et SEA. Apprenez \u00e0 le faire ainsi que le g\u00e9rer en interne, en toute ind\u00e9pendance.<\/p>\n<p>N\u2019h\u00e9sitez pas \u00e0 contacter nos \u00e9quipes pour identifier vos besoins sp\u00e9cifiques, nous essayerons d\u2019adapter nos enseignements en cons\u00e9quence.<\/p>\n<\/div><\/div>\t\t\t\t<\/div>\n\t\t\t\t<\/div>\n\t\t\t\t<div class=\"elementor-element elementor-element-4d5aadad animation_type_block sc_fly_static elementor-widget elementor-widget-spacer\" data-id=\"4d5aadad\" data-element_type=\"widget\" data-widget_type=\"spacer.default\">\n\t\t\t\t<div class=\"elementor-widget-container\">\n\t\t\t\t\t\t\t<div class=\"elementor-spacer\">\n\t\t\t<div class=\"elementor-spacer-inner\"><\/div>\n\t\t<\/div>\n\t\t\t\t\t\t<\/div>\n\t\t\t\t<\/div>\n\t\t\t\t\t<\/div>\n\t\t<\/div>\n\t\t\t\t\t<\/div>\n\t\t<\/section>\n\t\t\t\t<section class=\"elementor-section-with-custom-width elementor-section elementor-inner-section elementor-element elementor-element-3462474e elementor-section-boxed elementor-section-height-default elementor-section-height-default sc_fly_static\" data-id=\"3462474e\" data-element_type=\"section\">\n\t\t\t\t\t\t<div class=\"elementor-container elementor-column-gap-default\">\n\t\t\t\t\t<div class=\"elementor-column elementor-col-100 elementor-inner-column elementor-element elementor-element-67e9e9eb sc_inner_width_none sc_content_align_inherit sc_layouts_column_icons_position_left sc_fly_static\" data-id=\"67e9e9eb\" data-element_type=\"column\">\n\t\t\t<div class=\"elementor-widget-wrap elementor-element-populated\">\n\t\t\t\t\t\t<div class=\"elementor-element elementor-element-252d92fc animation_type_block sc_fly_static elementor-widget elementor-widget-trx_sc_title\" data-id=\"252d92fc\" data-element_type=\"widget\" data-widget_type=\"trx_sc_title.default\">\n\t\t\t\t<div class=\"elementor-widget-container\">\n\t\t\t\t\t<div\t\tclass=\"sc_title sc_title_default\" ><h2 class=\"sc_item_title sc_title_title sc_align_left sc_item_title_style_default sc_item_title_tag\"\n\t\t\t><span class=\"sc_item_title_text\">En peu de temps, devenez experts en visibilit\u00e9 digitale !<\/span><\/h2><div class=\"sc_item_descr sc_title_descr sc_align_left\"><p>Nous proposons des formations pr\u00e9sentielles en \u00c9quateur et dans le Sud ouest de la France. Nous proposons \u00e9galement des formations digitales, o\u00f9 que vous soyez.<\/p>\n<p>Nos cours et conf\u00e9rences peuvent durer 2h, 4h ou plusieurs jours suivants les besoins que vous avez et le niveau de complexit\u00e9 du sujet. D\u00e9couvrez tous les modules que nous proposons en SEO\/GEO afin de pouvoir identifier les th\u00e9matiques que nous sommes en mesure de pouvoir couvrir.<\/p>\n<p>\u00catre visible sur internet n\u2019est pas en soi compliqu\u00e9, mais r\u00e9ussir \u00e0 atteindre un public qualifi\u00e9 est diff\u00e9rent, et bien plus int\u00e9ressant pour vous. Cette strat\u00e9gie de positionnement vous aidera \u00e0 atteindre vos objectifs de communication plus facilement. Vous \u00e9viterez ainsi de perdre des utilisateurs et par la m\u00eame occasion\u2026 votre argent.<\/p>\n<\/div><\/div>\t\t\t\t<\/div>\n\t\t\t\t<\/div>\n\t\t\t\t<div class=\"elementor-element elementor-element-2cd7046 animation_type_block sc_fly_static elementor-widget elementor-widget-spacer\" data-id=\"2cd7046\" data-element_type=\"widget\" data-widget_type=\"spacer.default\">\n\t\t\t\t<div class=\"elementor-widget-container\">\n\t\t\t\t\t\t\t<div class=\"elementor-spacer\">\n\t\t\t<div class=\"elementor-spacer-inner\"><\/div>\n\t\t<\/div>\n\t\t\t\t\t\t<\/div>\n\t\t\t\t<\/div>\n\t\t\t\t\t<\/div>\n\t\t<\/div>\n\t\t\t\t\t<\/div>\n\t\t<\/section>\n\t\t\t\t<section class=\"elementor-section-with-custom-width elementor-section elementor-inner-section elementor-element elementor-element-13cc2f62 elementor-section-boxed elementor-section-height-default elementor-section-height-default sc_fly_static\" data-id=\"13cc2f62\" data-element_type=\"section\">\n\t\t\t\t\t\t<div class=\"elementor-container elementor-column-gap-default\">\n\t\t\t\t\t<div class=\"elementor-column elementor-col-100 elementor-inner-column elementor-element elementor-element-30293e86 sc_inner_width_none sc_content_align_inherit sc_layouts_column_icons_position_left sc_fly_static\" data-id=\"30293e86\" data-element_type=\"column\">\n\t\t\t<div class=\"elementor-widget-wrap elementor-element-populated\">\n\t\t\t\t\t\t<div class=\"elementor-element elementor-element-4774c6aa animation_type_block sc_fly_static elementor-widget elementor-widget-trx_sc_title\" data-id=\"4774c6aa\" data-element_type=\"widget\" data-widget_type=\"trx_sc_title.default\">\n\t\t\t\t<div class=\"elementor-widget-container\">\n\t\t\t\t\t<div\t\tclass=\"sc_title sc_title_default\" ><h2 class=\"sc_item_title sc_title_title sc_align_left sc_item_title_style_default sc_item_title_tag\"\n\t\t\t><span class=\"sc_item_title_text\">Nous avons d\u2019excellents p\u00e9dagogues !<\/span><\/h2><div class=\"sc_item_descr sc_title_descr sc_align_left\"><p>Et vous savez pourquoi ? Parce que nous ne sommes pas des professeurs, nous sommes des passionn\u00e9s.<\/p>\n<p>D\u00e8s que l\u2019on parle de SEO et SEA, nos yeux s\u2019illuminent comme des joueurs d'\u00e9checs qui s\u2019appr\u00eatent \u00e0 faire des mouvements strat\u00e9giques. \u00catre expert SEO\/GEO signifie devoir chercher en permanence les derni\u00e8res informations sur le sujet et actualiser les bonnes pratiques, afin de savoir ce qui marche ou pas.<\/p>\n<p>\u00c9crivez-nous sans plus attendre, nous avons h\u00e2te de pouvoir partager tout ce qui nous anime avec vous. <\/p>\n<\/div><\/div>\t\t\t\t<\/div>\n\t\t\t\t<\/div>\n\t\t\t\t<div class=\"elementor-element elementor-element-7f784ea9 animation_type_block sc_fly_static elementor-widget elementor-widget-spacer\" data-id=\"7f784ea9\" data-element_type=\"widget\" data-widget_type=\"spacer.default\">\n\t\t\t\t<div class=\"elementor-widget-container\">\n\t\t\t\t\t\t\t<div class=\"elementor-spacer\">\n\t\t\t<div class=\"elementor-spacer-inner\"><\/div>\n\t\t<\/div>\n\t\t\t\t\t\t<\/div>\n\t\t\t\t<\/div>\n\t\t\t\t\t<\/div>\n\t\t<\/div>\n\t\t\t\t\t<\/div>\n\t\t<\/section>\n\t\t\t\t\t<\/div>\n\t\t<\/div>\n\t\t\t\t\t<\/div>\n\t\t<\/section>\n\t\t\t\t<section class=\"elementor-section-with-custom-width elementor-section elementor-top-section elementor-element elementor-element-2a604e5e elementor-section-height-min-height elementor-section-stretched elementor-section-boxed elementor-section-height-default elementor-section-items-middle sc_fly_static\" data-id=\"2a604e5e\" data-element_type=\"section\" data-settings=\"{&quot;stretch_section&quot;:&quot;section-stretched&quot;,&quot;background_background&quot;:&quot;classic&quot;}\">\n\t\t\t\t\t\t<div class=\"elementor-container elementor-column-gap-default\">\n\t\t\t\t\t<div class=\"elementor-column elementor-col-66 elementor-top-column elementor-element elementor-element-5920bd34 sc_inner_width_none sc_content_align_inherit sc_layouts_column_icons_position_left sc_fly_static\" data-id=\"5920bd34\" data-element_type=\"column\">\n\t\t\t<div class=\"elementor-widget-wrap elementor-element-populated\">\n\t\t\t\t\t\t<div class=\"elementor-element elementor-element-790d28d2 animation_type_block sc_fly_static elementor-widget elementor-widget-heading\" data-id=\"790d28d2\" data-element_type=\"widget\" data-widget_type=\"heading.default\">\n\t\t\t\t<div class=\"elementor-widget-container\">\n\t\t\t\t\t<h5 class=\"elementor-heading-title elementor-size-default\">\"Nos experts peuvent vous aider \u00e0 d\u00e9terminer quelle strat\u00e9gie adopter, et quelles d\u00e9cisions prendre.\"<\/h5>\t\t\t\t<\/div>\n\t\t\t\t<\/div>\n\t\t\t\t\t<\/div>\n\t\t<\/div>\n\t\t\t\t<div class=\"elementor-column elementor-col-33 elementor-top-column elementor-element elementor-element-27c0ae4b sc_inner_width_none sc_content_align_inherit sc_layouts_column_icons_position_left sc_fly_static\" data-id=\"27c0ae4b\" data-element_type=\"column\">\n\t\t\t<div class=\"elementor-widget-wrap elementor-element-populated\">\n\t\t\t\t\t\t<div class=\"elementor-element elementor-element-79c8d157 elementor-align-center animation_type_block sc_fly_static elementor-widget elementor-widget-button\" data-id=\"79c8d157\" data-element_type=\"widget\" data-widget_type=\"button.default\">\n\t\t\t\t<div class=\"elementor-widget-container\">\n\t\t\t\t\t\t\t\t\t<div class=\"elementor-button-wrapper\">\n\t\t\t\t\t<a class=\"elementor-button elementor-button-link elementor-size-sm\" href=\"https:\/\/estudio-dokidoki.com\/fr\/nous-contacter\/\">\n\t\t\t\t\t\t<span class=\"elementor-button-content-wrapper\">\n\t\t\t\t\t\t\t\t\t<span class=\"elementor-button-text\">Contactez-nous!<\/span>\n\t\t\t\t\t<\/span>\n\t\t\t\t\t<\/a>\n\t\t\t\t<\/div>\n\t\t\t\t\t\t\t\t<\/div>\n\t\t\t\t<\/div>\n\t\t\t\t\t<\/div>\n\t\t<\/div>\n\t\t\t\t\t<\/div>\n\t\t<\/section>\n\t\t\t\t<\/div>\n\t\t","protected":false},"excerpt":{"rendered":"<p>Conf\u00e9rences professionnelles et universitaires Formations professionnelles en SEO, GEO et SEA Les utilisateurs qui n\u2019utilisent&hellip;<\/p>\n","protected":false},"author":1,"featured_media":0,"parent":0,"menu_order":0,"comment_status":"closed","ping_status":"closed","template":"","meta":{"footnotes":""},"class_list":["post-17874","page","type-page","status-publish","hentry"],"_links":{"self":[{"href":"https:\/\/estudio-dokidoki.com\/fr\/wp-json\/wp\/v2\/pages\/17874","targetHints":{"allow":["GET"]}}],"collection":[{"href":"https:\/\/estudio-dokidoki.com\/fr\/wp-json\/wp\/v2\/pages"}],"about":[{"href":"https:\/\/estudio-dokidoki.com\/fr\/wp-json\/wp\/v2\/types\/page"}],"author":[{"embeddable":true,"href":"https:\/\/estudio-dokidoki.com\/fr\/wp-json\/wp\/v2\/users\/1"}],"replies":[{"embeddable":true,"href":"https:\/\/estudio-dokidoki.com\/fr\/wp-json\/wp\/v2\/comments?post=17874"}],"version-history":[{"count":3,"href":"https:\/\/estudio-dokidoki.com\/fr\/wp-json\/wp\/v2\/pages\/17874\/revisions"}],"predecessor-version":[{"id":22092,"href":"https:\/\/estudio-dokidoki.com\/fr\/wp-json\/wp\/v2\/pages\/17874\/revisions\/22092"}],"wp:attachment":[{"href":"https:\/\/estudio-dokidoki.com\/fr\/wp-json\/wp\/v2\/media?parent=17874"}],"curies":[{"name":"wp","href":"https:\/\/api.w.org\/{rel}","templated":true}]}}