{"id":17868,"date":"2021-11-03T17:58:47","date_gmt":"2021-11-03T22:58:47","guid":{"rendered":"http:\/\/doki.weowndesign.com\/?page_id=17868"},"modified":"2026-01-23T15:05:54","modified_gmt":"2026-01-23T20:05:54","slug":"conferences-et-formations","status":"publish","type":"page","link":"https:\/\/estudio-dokidoki.com\/fr\/conferences-et-formations\/","title":{"rendered":"Conf\u00e9rences et formations"},"content":{"rendered":"\t\t<div data-elementor-type=\"wp-page\" data-elementor-id=\"17868\" class=\"elementor elementor-17868\">\n\t\t\t\t\t\t<section class=\"elementor-section elementor-top-section elementor-element elementor-element-71d2cb0d elementor-section-full_width scheme_dark elementor-section-height-min-height elementor-section-height-default elementor-section-items-middle sc_fly_static\" data-id=\"71d2cb0d\" data-element_type=\"section\" data-settings=\"{&quot;background_background&quot;:&quot;classic&quot;}\">\n\t\t\t\t\t\t\t<div class=\"elementor-background-overlay\"><\/div>\n\t\t\t\t\t\t\t<div class=\"elementor-container elementor-column-gap-default\">\n\t\t\t\t\t<div class=\"elementor-column elementor-col-100 elementor-top-column elementor-element elementor-element-36dad257 sc_inner_width_none sc_content_align_inherit sc_layouts_column_icons_position_left sc_fly_static\" data-id=\"36dad257\" data-element_type=\"column\">\n\t\t\t<div class=\"elementor-widget-wrap elementor-element-populated\">\n\t\t\t\t\t\t<div class=\"elementor-element elementor-element-4c2490a7 animation_type_block sc_fly_static elementor-widget elementor-widget-spacer\" data-id=\"4c2490a7\" data-element_type=\"widget\" data-widget_type=\"spacer.default\">\n\t\t\t\t<div class=\"elementor-widget-container\">\n\t\t\t\t\t\t\t<div class=\"elementor-spacer\">\n\t\t\t<div class=\"elementor-spacer-inner\"><\/div>\n\t\t<\/div>\n\t\t\t\t\t\t<\/div>\n\t\t\t\t<\/div>\n\t\t\t\t<section class=\"elementor-section elementor-inner-section elementor-element elementor-element-12c7e0d6 elementor-section-boxed elementor-section-height-default elementor-section-height-default sc_fly_static\" data-id=\"12c7e0d6\" data-element_type=\"section\">\n\t\t\t\t\t\t<div class=\"elementor-container elementor-column-gap-default\">\n\t\t\t\t\t<div class=\"elementor-column elementor-col-16 elementor-inner-column elementor-element elementor-element-4e95ae6c sc_inner_width_none sc_content_align_inherit sc_layouts_column_icons_position_left sc_fly_static\" data-id=\"4e95ae6c\" data-element_type=\"column\">\n\t\t\t<div class=\"elementor-widget-wrap\">\n\t\t\t\t\t\t\t<\/div>\n\t\t<\/div>\n\t\t\t\t<div class=\"elementor-column elementor-col-66 elementor-inner-column elementor-element elementor-element-11051e0a sc_inner_width_none sc_content_align_inherit sc_layouts_column_icons_position_left sc_fly_static\" data-id=\"11051e0a\" data-element_type=\"column\">\n\t\t\t<div class=\"elementor-widget-wrap elementor-element-populated\">\n\t\t\t\t\t\t<div class=\"elementor-element elementor-element-4819dd16 animation_type_block sc_fly_static elementor-widget elementor-widget-trx_sc_title\" data-id=\"4819dd16\" data-element_type=\"widget\" data-widget_type=\"trx_sc_title.default\">\n\t\t\t\t<div class=\"elementor-widget-container\">\n\t\t\t\t\t<div\t\tclass=\"sc_title color_style_dark sc_title_default\" ><h1 class=\"sc_item_title sc_title_title sc_align_center sc_item_title_style_default sc_item_title_tag\"\n\t\t\t><span class=\"sc_item_title_text\">Conf\u00e9rences et formations<\/span><\/h1><\/div>\t\t\t\t<\/div>\n\t\t\t\t<\/div>\n\t\t\t\t\t<\/div>\n\t\t<\/div>\n\t\t\t\t<div class=\"elementor-column elementor-col-16 elementor-inner-column elementor-element elementor-element-4b68c4a9 sc_inner_width_none sc_content_align_inherit sc_layouts_column_icons_position_left sc_fly_static\" data-id=\"4b68c4a9\" data-element_type=\"column\">\n\t\t\t<div class=\"elementor-widget-wrap\">\n\t\t\t\t\t\t\t<\/div>\n\t\t<\/div>\n\t\t\t\t\t<\/div>\n\t\t<\/section>\n\t\t\t\t<div class=\"elementor-element elementor-element-747f6499 animation_type_block sc_fly_static elementor-widget elementor-widget-spacer\" data-id=\"747f6499\" data-element_type=\"widget\" data-widget_type=\"spacer.default\">\n\t\t\t\t<div class=\"elementor-widget-container\">\n\t\t\t\t\t\t\t<div class=\"elementor-spacer\">\n\t\t\t<div class=\"elementor-spacer-inner\"><\/div>\n\t\t<\/div>\n\t\t\t\t\t\t<\/div>\n\t\t\t\t<\/div>\n\t\t\t\t\t<\/div>\n\t\t<\/div>\n\t\t\t\t\t<\/div>\n\t\t<\/section>\n\t\t\t\t<section class=\"elementor-section elementor-top-section elementor-element elementor-element-5afa8a64 scheme_default elementor-section-boxed elementor-section-height-default elementor-section-height-default sc_fly_static\" data-id=\"5afa8a64\" data-element_type=\"section\" data-settings=\"{&quot;background_background&quot;:&quot;classic&quot;}\">\n\t\t\t\t\t\t<div class=\"elementor-container elementor-column-gap-default\">\n\t\t\t\t\t<div class=\"elementor-column elementor-col-100 elementor-top-column elementor-element elementor-element-60194243 sc_inner_width_none sc_content_align_inherit sc_layouts_column_icons_position_left sc_fly_static\" data-id=\"60194243\" data-element_type=\"column\">\n\t\t\t<div class=\"elementor-widget-wrap elementor-element-populated\">\n\t\t\t\t\t\t<div class=\"elementor-element elementor-element-2699f083 animation_type_block sc_fly_static elementor-widget elementor-widget-spacer\" data-id=\"2699f083\" data-element_type=\"widget\" data-widget_type=\"spacer.default\">\n\t\t\t\t<div class=\"elementor-widget-container\">\n\t\t\t\t\t\t\t<div class=\"elementor-spacer\">\n\t\t\t<div class=\"elementor-spacer-inner\"><\/div>\n\t\t<\/div>\n\t\t\t\t\t\t<\/div>\n\t\t\t\t<\/div>\n\t\t\t\t<div class=\"elementor-element elementor-element-a88fb2c sc_layouts_hide_on_notebook sc_layouts_hide_on_tablet sc_layouts_hide_on_mobile animation_type_block sc_fly_static elementor-widget elementor-widget-spacer\" data-id=\"a88fb2c\" data-element_type=\"widget\" data-widget_type=\"spacer.default\">\n\t\t\t\t<div class=\"elementor-widget-container\">\n\t\t\t\t\t\t\t<div class=\"elementor-spacer\">\n\t\t\t<div class=\"elementor-spacer-inner\"><\/div>\n\t\t<\/div>\n\t\t\t\t\t\t<\/div>\n\t\t\t\t<\/div>\n\t\t\t\t<section class=\"elementor-section-with-custom-width elementor-section elementor-inner-section elementor-element elementor-element-7425e586 elementor-section-boxed elementor-section-height-default elementor-section-height-default sc_fly_static\" data-id=\"7425e586\" data-element_type=\"section\">\n\t\t\t\t\t\t<div class=\"elementor-container elementor-column-gap-default\">\n\t\t\t\t\t<div class=\"elementor-column elementor-col-100 elementor-inner-column elementor-element elementor-element-11dd8deb sc_inner_width_none sc_content_align_inherit sc_layouts_column_icons_position_left sc_fly_static\" data-id=\"11dd8deb\" data-element_type=\"column\">\n\t\t\t<div class=\"elementor-widget-wrap elementor-element-populated\">\n\t\t\t\t\t\t<div class=\"elementor-element elementor-element-64638c7d animation_type_block sc_fly_static elementor-widget elementor-widget-trx_sc_title\" data-id=\"64638c7d\" data-element_type=\"widget\" data-widget_type=\"trx_sc_title.default\">\n\t\t\t\t<div class=\"elementor-widget-container\">\n\t\t\t\t\t<div\t\tclass=\"sc_title sc_title_default\" ><h1 class=\"sc_item_title sc_title_title sc_align_left sc_item_title_style_default sc_item_title_tag\"\n\t\t\t><span class=\"sc_item_title_text\">Formation en entreprises et organisations<\/span><\/h1><div class=\"sc_item_descr sc_title_descr sc_align_left\"><p>Demander \u00e0 une agence professionnelle de faire un travail sp\u00e9cifique pour nous c\u2019est bien, mais former vos \u00e9quipes internes, c\u2019est beaucoup mieux ! Il est important d\u2019avoir des connaissances basiques en SEO et GEO pour pouvoir publier, de mani\u00e8re optimis\u00e9e, du contenu sur internet.<\/p>\n<p>De la publication d\u2019un simple article au d\u00e9ploiement complet d\u2019une section ecommerce, il existe de nombreux petits d\u00e9tails qu\u2019il faut configurer correctement et qui pourraient donner beaucoup plus de visibilit\u00e9 \u00e0 votre travail.<\/p>\n<p>\u201cDonne du poisson \u00e0 un homme et il mangera une fois, apprend lui \u00e0 p\u00e9cher et il mangera toute sa vie.\u201d Confucius.<\/p>\n<\/div><\/div>\t\t\t\t<\/div>\n\t\t\t\t<\/div>\n\t\t\t\t<div class=\"elementor-element elementor-element-070d254 animation_type_block sc_fly_static elementor-widget elementor-widget-spacer\" data-id=\"070d254\" data-element_type=\"widget\" data-widget_type=\"spacer.default\">\n\t\t\t\t<div class=\"elementor-widget-container\">\n\t\t\t\t\t\t\t<div class=\"elementor-spacer\">\n\t\t\t<div class=\"elementor-spacer-inner\"><\/div>\n\t\t<\/div>\n\t\t\t\t\t\t<\/div>\n\t\t\t\t<\/div>\n\t\t\t\t<div class=\"elementor-element elementor-element-14d4197 animation_type_block sc_fly_static elementor-widget elementor-widget-image\" data-id=\"14d4197\" data-element_type=\"widget\" data-widget_type=\"image.default\">\n\t\t\t\t<div class=\"elementor-widget-container\">\n\t\t\t\t\t\t\t\t\t\t\t\t\t\t\t<img fetchpriority=\"high\" decoding=\"async\" width=\"1024\" height=\"400\" src=\"https:\/\/estudio-dokidoki.com\/fr\/wp-content\/uploads\/2021\/11\/capacitaciones-dokidoki.jpg\" class=\"attachment-large size-large wp-image-18164\" alt=\"\" srcset=\"https:\/\/estudio-dokidoki.com\/fr\/wp-content\/uploads\/2021\/11\/capacitaciones-dokidoki.jpg 1024w, https:\/\/estudio-dokidoki.com\/fr\/wp-content\/uploads\/2021\/11\/capacitaciones-dokidoki-300x117.jpg 300w, https:\/\/estudio-dokidoki.com\/fr\/wp-content\/uploads\/2021\/11\/capacitaciones-dokidoki-768x300.jpg 768w, https:\/\/estudio-dokidoki.com\/fr\/wp-content\/uploads\/2021\/11\/capacitaciones-dokidoki-370x145.jpg 370w, https:\/\/estudio-dokidoki.com\/fr\/wp-content\/uploads\/2021\/11\/capacitaciones-dokidoki-840x328.jpg 840w, https:\/\/estudio-dokidoki.com\/fr\/wp-content\/uploads\/2021\/11\/capacitaciones-dokidoki-410x160.jpg 410w\" sizes=\"(max-width: 1024px) 100vw, 1024px\" \/>\t\t\t\t\t\t\t\t\t\t\t\t\t\t\t<\/div>\n\t\t\t\t<\/div>\n\t\t\t\t<div class=\"elementor-element elementor-element-1c1ae36 animation_type_block sc_fly_static elementor-widget elementor-widget-spacer\" data-id=\"1c1ae36\" data-element_type=\"widget\" data-widget_type=\"spacer.default\">\n\t\t\t\t<div class=\"elementor-widget-container\">\n\t\t\t\t\t\t\t<div class=\"elementor-spacer\">\n\t\t\t<div class=\"elementor-spacer-inner\"><\/div>\n\t\t<\/div>\n\t\t\t\t\t\t<\/div>\n\t\t\t\t<\/div>\n\t\t\t\t\t<\/div>\n\t\t<\/div>\n\t\t\t\t\t<\/div>\n\t\t<\/section>\n\t\t\t\t<section class=\"elementor-section-with-custom-width elementor-section elementor-inner-section elementor-element elementor-element-7f59da7 elementor-section-boxed elementor-section-height-default elementor-section-height-default sc_fly_static\" data-id=\"7f59da7\" data-element_type=\"section\">\n\t\t\t\t\t\t<div class=\"elementor-container elementor-column-gap-default\">\n\t\t\t\t\t<div class=\"elementor-column elementor-col-100 elementor-inner-column elementor-element elementor-element-b2088fc sc_inner_width_none sc_content_align_inherit sc_layouts_column_icons_position_left sc_fly_static\" data-id=\"b2088fc\" data-element_type=\"column\">\n\t\t\t<div class=\"elementor-widget-wrap elementor-element-populated\">\n\t\t\t\t\t\t<div class=\"elementor-element elementor-element-ec97ded animation_type_block sc_fly_static elementor-widget elementor-widget-trx_sc_title\" data-id=\"ec97ded\" data-element_type=\"widget\" data-widget_type=\"trx_sc_title.default\">\n\t\t\t\t<div class=\"elementor-widget-container\">\n\t\t\t\t\t<div\t\tclass=\"sc_title sc_title_default\" ><h2 class=\"sc_item_title sc_title_title sc_align_left sc_item_title_style_default sc_item_title_tag\"\n\t\t\t><span class=\"sc_item_title_text\">Formez vos \u00e9quipes au SEO et au GEO !<\/span><\/h2><div class=\"sc_item_descr sc_title_descr sc_align_left\"><p>Seulement quelques cours ou conf\u00e9rences sont n\u00e9cessaires pour pr\u00e9parer vos \u00e9quipes et am\u00e9liorer votre visibilit\u00e9 sur les moteurs de recherche et les agents IA. Nos professeurs et formateurs peuvent vous apprendre \u00e0 r\u00e9diger pour le web, optimiser les fichiers tels que les photos et les vid\u00e9os ou encore mettre en place une strat\u00e9gie de gestion de contenu ou d\u00e9ploiement de liens (netlinking).<\/p>\n<p>Le r\u00e9f\u00e9rencement est un art complexe, mais avec des experts confirm\u00e9s \u00e0 m\u00eame de faire preuve de beaucoup de p\u00e9dagogie, tout peut vite para\u00eetre simple et facile d\u2019acc\u00e8s.<\/p>\n<p>Les th\u00e9matiques sur lesquelles nous sommes \u00e0 m\u00eame de pouvoir organiser des conf\u00e9rences et ateliers en \u00c9quateur ou \u00e0 distance, sont les suivantes :<\/p>\n<\/div><\/div>\t\t\t\t<\/div>\n\t\t\t\t<\/div>\n\t\t\t\t<div class=\"elementor-element elementor-element-ab7e8dc animation_type_block sc_fly_static elementor-widget elementor-widget-spacer\" data-id=\"ab7e8dc\" data-element_type=\"widget\" data-widget_type=\"spacer.default\">\n\t\t\t\t<div class=\"elementor-widget-container\">\n\t\t\t\t\t\t\t<div class=\"elementor-spacer\">\n\t\t\t<div class=\"elementor-spacer-inner\"><\/div>\n\t\t<\/div>\n\t\t\t\t\t\t<\/div>\n\t\t\t\t<\/div>\n\t\t\t\t\t<\/div>\n\t\t<\/div>\n\t\t\t\t\t<\/div>\n\t\t<\/section>\n\t\t\t\t<section class=\"elementor-section-with-custom-width elementor-section elementor-inner-section elementor-element elementor-element-3972ce1 elementor-section-boxed elementor-section-height-default elementor-section-height-default sc_fly_static\" data-id=\"3972ce1\" data-element_type=\"section\">\n\t\t\t\t\t\t<div class=\"elementor-container elementor-column-gap-default\">\n\t\t\t\t\t<div class=\"elementor-column elementor-col-100 elementor-inner-column elementor-element elementor-element-23a8cd1 sc_inner_width_none sc_content_align_inherit sc_layouts_column_icons_position_left sc_fly_static\" data-id=\"23a8cd1\" data-element_type=\"column\">\n\t\t\t<div class=\"elementor-widget-wrap elementor-element-populated\">\n\t\t\t\t\t\t<div class=\"elementor-element elementor-element-b8ecdc4 animation_type_block sc_fly_static elementor-widget elementor-widget-trx_sc_title\" data-id=\"b8ecdc4\" data-element_type=\"widget\" data-widget_type=\"trx_sc_title.default\">\n\t\t\t\t<div class=\"elementor-widget-container\">\n\t\t\t\t\t<div\t\tclass=\"sc_title sc_title_default\" ><h2 class=\"sc_item_title sc_title_title sc_align_left sc_item_title_style_default sc_item_title_tag\"\n\t\t\t><span class=\"sc_item_title_text\">Developpez en interne des comp\u00e9tences en g\u00e9n\u00e9ration de contenu<\/span><\/h2><div class=\"sc_item_descr sc_title_descr sc_align_left\"><p>Saisissez toutes les opportunit\u00e9s qui se pr\u00e9sentent ! Sur internet, r\u00e9diger pour r\u00e9diger\u2026 ne vous apportera rien .<\/p>\n<p>Apprenez \u00e0 identifier les mots sur lesquels vous devriez vous positionner, comment optimiser les titres et param\u00e8tres de votre page web pour r\u00e9ussir \u00e0 atteindre les premi\u00e8res positions sur les moteurs de recherche, ce qui vous am\u00e8nera du trafic qualifi\u00e9 que vous pourrez transformer par la suite en clients.<\/p>\n<p>D\u00e9couvrez comment optimiser les descriptions de vos produits, photos et images que vous utilisez pour r\u00e9ussir \u00e0 appara\u00eetre sur Google images et Youtube. \u00c9vitez les sanctions de l\u2019algorithme, \u00e9vitez le contenu dupliqu\u00e9 et surpassez tous vos concurrents !<\/p>\n<\/div><\/div>\t\t\t\t<\/div>\n\t\t\t\t<\/div>\n\t\t\t\t<div class=\"elementor-element elementor-element-fea3a8c animation_type_block sc_fly_static elementor-widget elementor-widget-spacer\" data-id=\"fea3a8c\" data-element_type=\"widget\" data-widget_type=\"spacer.default\">\n\t\t\t\t<div class=\"elementor-widget-container\">\n\t\t\t\t\t\t\t<div class=\"elementor-spacer\">\n\t\t\t<div class=\"elementor-spacer-inner\"><\/div>\n\t\t<\/div>\n\t\t\t\t\t\t<\/div>\n\t\t\t\t<\/div>\n\t\t\t\t\t<\/div>\n\t\t<\/div>\n\t\t\t\t\t<\/div>\n\t\t<\/section>\n\t\t\t\t<section class=\"elementor-section-with-custom-width elementor-section elementor-inner-section elementor-element elementor-element-dca317f elementor-section-boxed elementor-section-height-default elementor-section-height-default sc_fly_static\" data-id=\"dca317f\" data-element_type=\"section\">\n\t\t\t\t\t\t<div class=\"elementor-container elementor-column-gap-default\">\n\t\t\t\t\t<div class=\"elementor-column elementor-col-100 elementor-inner-column elementor-element elementor-element-a211960 sc_inner_width_none sc_content_align_inherit sc_layouts_column_icons_position_left sc_fly_static\" data-id=\"a211960\" data-element_type=\"column\">\n\t\t\t<div class=\"elementor-widget-wrap elementor-element-populated\">\n\t\t\t\t\t\t<div class=\"elementor-element elementor-element-c1105f7 animation_type_block sc_fly_static elementor-widget elementor-widget-trx_sc_title\" data-id=\"c1105f7\" data-element_type=\"widget\" data-widget_type=\"trx_sc_title.default\">\n\t\t\t\t<div class=\"elementor-widget-container\">\n\t\t\t\t\t<div\t\tclass=\"sc_title sc_title_default\" ><h2 class=\"sc_item_title sc_title_title sc_align_left sc_item_title_style_default sc_item_title_tag\"\n\t\t\t><span class=\"sc_item_title_text\">Formez vos employ\u00e9s au positionnement web !<\/span><\/h2><div class=\"sc_item_descr sc_title_descr sc_align_left\"><p>N\u2019attendez-plus ! Nos \u00e9quipes sont physiquement pr\u00e9sentes en \u00c9quateur et peuvent \u00e9galement former \u00e0 distance par Zoom et Meet. Contactez nous par email pour d\u00e9terminer ensemble quel type d\u2019accompagnement pourrait s\u2019av\u00e9rer tr\u00e8s b\u00e9n\u00e9fique pour vous.<\/p>\n<\/div><\/div>\t\t\t\t<\/div>\n\t\t\t\t<\/div>\n\t\t\t\t<div class=\"elementor-element elementor-element-711d222 animation_type_block sc_fly_static elementor-widget elementor-widget-spacer\" data-id=\"711d222\" data-element_type=\"widget\" data-widget_type=\"spacer.default\">\n\t\t\t\t<div class=\"elementor-widget-container\">\n\t\t\t\t\t\t\t<div class=\"elementor-spacer\">\n\t\t\t<div class=\"elementor-spacer-inner\"><\/div>\n\t\t<\/div>\n\t\t\t\t\t\t<\/div>\n\t\t\t\t<\/div>\n\t\t\t\t\t<\/div>\n\t\t<\/div>\n\t\t\t\t\t<\/div>\n\t\t<\/section>\n\t\t\t\t\t<\/div>\n\t\t<\/div>\n\t\t\t\t\t<\/div>\n\t\t<\/section>\n\t\t\t\t<section class=\"elementor-section-with-custom-width elementor-section elementor-top-section elementor-element elementor-element-2f3fa166 elementor-section-height-min-height elementor-section-stretched elementor-section-boxed elementor-section-height-default elementor-section-items-middle sc_fly_static\" data-id=\"2f3fa166\" data-element_type=\"section\" data-settings=\"{&quot;stretch_section&quot;:&quot;section-stretched&quot;,&quot;background_background&quot;:&quot;classic&quot;}\">\n\t\t\t\t\t\t<div class=\"elementor-container elementor-column-gap-default\">\n\t\t\t\t\t<div class=\"elementor-column elementor-col-66 elementor-top-column elementor-element elementor-element-7f38e333 sc_inner_width_none sc_content_align_inherit sc_layouts_column_icons_position_left sc_fly_static\" data-id=\"7f38e333\" data-element_type=\"column\">\n\t\t\t<div class=\"elementor-widget-wrap elementor-element-populated\">\n\t\t\t\t\t\t<div class=\"elementor-element elementor-element-288b7784 animation_type_block sc_fly_static elementor-widget elementor-widget-heading\" data-id=\"288b7784\" data-element_type=\"widget\" data-widget_type=\"heading.default\">\n\t\t\t\t<div class=\"elementor-widget-container\">\n\t\t\t\t\t<h5 class=\"elementor-heading-title elementor-size-default\">\"Nos experts peuvent vous aider \u00e0 d\u00e9terminer quelle strat\u00e9gie adopter, et quelles d\u00e9cisions prendre.\"<\/h5>\t\t\t\t<\/div>\n\t\t\t\t<\/div>\n\t\t\t\t\t<\/div>\n\t\t<\/div>\n\t\t\t\t<div class=\"elementor-column elementor-col-33 elementor-top-column elementor-element elementor-element-12535731 sc_inner_width_none sc_content_align_inherit sc_layouts_column_icons_position_left sc_fly_static\" data-id=\"12535731\" data-element_type=\"column\">\n\t\t\t<div class=\"elementor-widget-wrap elementor-element-populated\">\n\t\t\t\t\t\t<div class=\"elementor-element elementor-element-5987f981 elementor-align-center animation_type_block sc_fly_static elementor-widget elementor-widget-button\" data-id=\"5987f981\" data-element_type=\"widget\" data-widget_type=\"button.default\">\n\t\t\t\t<div class=\"elementor-widget-container\">\n\t\t\t\t\t\t\t\t\t<div class=\"elementor-button-wrapper\">\n\t\t\t\t\t<a class=\"elementor-button elementor-button-link elementor-size-sm\" href=\"https:\/\/estudio-dokidoki.com\/fr\/nous-contacter\/\">\n\t\t\t\t\t\t<span class=\"elementor-button-content-wrapper\">\n\t\t\t\t\t\t\t\t\t<span class=\"elementor-button-text\">Contactez-nous!<\/span>\n\t\t\t\t\t<\/span>\n\t\t\t\t\t<\/a>\n\t\t\t\t<\/div>\n\t\t\t\t\t\t\t\t<\/div>\n\t\t\t\t<\/div>\n\t\t\t\t\t<\/div>\n\t\t<\/div>\n\t\t\t\t\t<\/div>\n\t\t<\/section>\n\t\t\t\t<\/div>\n\t\t","protected":false},"excerpt":{"rendered":"<p>Conf\u00e9rences et formations Formation en entreprises et organisations Demander \u00e0 une agence professionnelle de faire&hellip;<\/p>\n","protected":false},"author":1,"featured_media":0,"parent":0,"menu_order":0,"comment_status":"closed","ping_status":"closed","template":"","meta":{"footnotes":""},"class_list":["post-17868","page","type-page","status-publish","hentry"],"_links":{"self":[{"href":"https:\/\/estudio-dokidoki.com\/fr\/wp-json\/wp\/v2\/pages\/17868","targetHints":{"allow":["GET"]}}],"collection":[{"href":"https:\/\/estudio-dokidoki.com\/fr\/wp-json\/wp\/v2\/pages"}],"about":[{"href":"https:\/\/estudio-dokidoki.com\/fr\/wp-json\/wp\/v2\/types\/page"}],"author":[{"embeddable":true,"href":"https:\/\/estudio-dokidoki.com\/fr\/wp-json\/wp\/v2\/users\/1"}],"replies":[{"embeddable":true,"href":"https:\/\/estudio-dokidoki.com\/fr\/wp-json\/wp\/v2\/comments?post=17868"}],"version-history":[{"count":3,"href":"https:\/\/estudio-dokidoki.com\/fr\/wp-json\/wp\/v2\/pages\/17868\/revisions"}],"predecessor-version":[{"id":22089,"href":"https:\/\/estudio-dokidoki.com\/fr\/wp-json\/wp\/v2\/pages\/17868\/revisions\/22089"}],"wp:attachment":[{"href":"https:\/\/estudio-dokidoki.com\/fr\/wp-json\/wp\/v2\/media?parent=17868"}],"curies":[{"name":"wp","href":"https:\/\/api.w.org\/{rel}","templated":true}]}}