{"id":17812,"date":"2021-11-03T15:57:40","date_gmt":"2021-11-03T20:57:40","guid":{"rendered":"http:\/\/doki.weowndesign.com\/?page_id=17812"},"modified":"2022-05-06T15:17:45","modified_gmt":"2022-05-06T20:17:45","slug":"auditorias-tecnicas","status":"publish","type":"page","link":"https:\/\/estudio-dokidoki.com\/es\/auditorias-tecnicas\/","title":{"rendered":"Auditor\u00edas T\u00e9cnicas"},"content":{"rendered":"\t\t<div data-elementor-type=\"wp-page\" data-elementor-id=\"17812\" class=\"elementor elementor-17812\">\n\t\t\t\t\t\t<section class=\"elementor-section elementor-top-section elementor-element elementor-element-6977f45a elementor-section-full_width scheme_dark elementor-section-height-min-height elementor-section-stretched elementor-section-height-default elementor-section-items-middle sc_fly_static\" data-id=\"6977f45a\" data-element_type=\"section\" data-e-type=\"section\" data-settings=\"{&quot;background_background&quot;:&quot;classic&quot;,&quot;stretch_section&quot;:&quot;section-stretched&quot;}\">\n\t\t\t\t\t\t\t<div class=\"elementor-background-overlay\"><\/div>\n\t\t\t\t\t\t\t<div class=\"elementor-container elementor-column-gap-default\">\n\t\t\t\t\t<div class=\"elementor-column elementor-col-100 elementor-top-column elementor-element elementor-element-1d413988 sc_inner_width_none sc_content_align_inherit sc_layouts_column_icons_position_left sc_fly_static\" data-id=\"1d413988\" data-element_type=\"column\" data-e-type=\"column\">\n\t\t\t<div class=\"elementor-widget-wrap elementor-element-populated\">\n\t\t\t\t\t\t<div class=\"elementor-element elementor-element-1ced0179 animation_type_block sc_fly_static elementor-widget elementor-widget-spacer\" data-id=\"1ced0179\" data-element_type=\"widget\" data-e-type=\"widget\" data-widget_type=\"spacer.default\">\n\t\t\t\t<div class=\"elementor-widget-container\">\n\t\t\t\t\t\t\t<div class=\"elementor-spacer\">\n\t\t\t<div class=\"elementor-spacer-inner\"><\/div>\n\t\t<\/div>\n\t\t\t\t\t\t<\/div>\n\t\t\t\t<\/div>\n\t\t\t\t<section class=\"elementor-section elementor-inner-section elementor-element elementor-element-7e4b4eea elementor-section-boxed elementor-section-height-default elementor-section-height-default sc_fly_static\" data-id=\"7e4b4eea\" data-element_type=\"section\" data-e-type=\"section\">\n\t\t\t\t\t\t<div class=\"elementor-container elementor-column-gap-default\">\n\t\t\t\t\t<div class=\"elementor-column elementor-col-16 elementor-inner-column elementor-element elementor-element-7b73ce2 sc_inner_width_none sc_content_align_inherit sc_layouts_column_icons_position_left sc_fly_static\" data-id=\"7b73ce2\" data-element_type=\"column\" data-e-type=\"column\">\n\t\t\t<div class=\"elementor-widget-wrap\">\n\t\t\t\t\t\t\t<\/div>\n\t\t<\/div>\n\t\t\t\t<div class=\"elementor-column elementor-col-66 elementor-inner-column elementor-element elementor-element-51ccfe79 sc_inner_width_none sc_content_align_inherit sc_layouts_column_icons_position_left sc_fly_static\" data-id=\"51ccfe79\" data-element_type=\"column\" data-e-type=\"column\">\n\t\t\t<div class=\"elementor-widget-wrap elementor-element-populated\">\n\t\t\t\t\t\t<div class=\"elementor-element elementor-element-69b27ecf animation_type_block sc_fly_static elementor-widget elementor-widget-trx_sc_title\" data-id=\"69b27ecf\" data-element_type=\"widget\" data-e-type=\"widget\" data-widget_type=\"trx_sc_title.default\">\n\t\t\t\t<div class=\"elementor-widget-container\">\n\t\t\t\t\t<div\t\tclass=\"sc_title color_style_dark sc_title_default\" ><h1 class=\"sc_item_title sc_title_title sc_align_center sc_item_title_style_default sc_item_title_tag\"\n\t\t\t><span class=\"sc_item_title_text\">Auditorias T\u00e9cnicas<\/span><\/h1><\/div>\t\t\t\t<\/div>\n\t\t\t\t<\/div>\n\t\t\t\t\t<\/div>\n\t\t<\/div>\n\t\t\t\t<div class=\"elementor-column elementor-col-16 elementor-inner-column elementor-element elementor-element-53a8b243 sc_inner_width_none sc_content_align_inherit sc_layouts_column_icons_position_left sc_fly_static\" data-id=\"53a8b243\" data-element_type=\"column\" data-e-type=\"column\">\n\t\t\t<div class=\"elementor-widget-wrap\">\n\t\t\t\t\t\t\t<\/div>\n\t\t<\/div>\n\t\t\t\t\t<\/div>\n\t\t<\/section>\n\t\t\t\t<div class=\"elementor-element elementor-element-426c21e7 animation_type_block sc_fly_static elementor-widget elementor-widget-spacer\" data-id=\"426c21e7\" data-element_type=\"widget\" data-e-type=\"widget\" data-widget_type=\"spacer.default\">\n\t\t\t\t<div class=\"elementor-widget-container\">\n\t\t\t\t\t\t\t<div class=\"elementor-spacer\">\n\t\t\t<div class=\"elementor-spacer-inner\"><\/div>\n\t\t<\/div>\n\t\t\t\t\t\t<\/div>\n\t\t\t\t<\/div>\n\t\t\t\t\t<\/div>\n\t\t<\/div>\n\t\t\t\t\t<\/div>\n\t\t<\/section>\n\t\t\t\t<section class=\"elementor-section elementor-top-section elementor-element elementor-element-610dca91 scheme_default elementor-section-boxed elementor-section-height-default elementor-section-height-default sc_fly_static\" data-id=\"610dca91\" data-element_type=\"section\" data-e-type=\"section\" data-settings=\"{&quot;background_background&quot;:&quot;classic&quot;}\">\n\t\t\t\t\t\t<div class=\"elementor-container elementor-column-gap-default\">\n\t\t\t\t\t<div class=\"elementor-column elementor-col-100 elementor-top-column elementor-element elementor-element-22d31ce0 sc_inner_width_none sc_content_align_inherit sc_layouts_column_icons_position_left sc_fly_static\" data-id=\"22d31ce0\" data-element_type=\"column\" data-e-type=\"column\">\n\t\t\t<div class=\"elementor-widget-wrap elementor-element-populated\">\n\t\t\t\t\t\t<div class=\"elementor-element elementor-element-2de9dd04 animation_type_block sc_fly_static elementor-widget elementor-widget-spacer\" data-id=\"2de9dd04\" data-element_type=\"widget\" data-e-type=\"widget\" data-widget_type=\"spacer.default\">\n\t\t\t\t<div class=\"elementor-widget-container\">\n\t\t\t\t\t\t\t<div class=\"elementor-spacer\">\n\t\t\t<div class=\"elementor-spacer-inner\"><\/div>\n\t\t<\/div>\n\t\t\t\t\t\t<\/div>\n\t\t\t\t<\/div>\n\t\t\t\t<div class=\"elementor-element elementor-element-6738f89b sc_layouts_hide_on_notebook sc_layouts_hide_on_tablet sc_layouts_hide_on_mobile animation_type_block sc_fly_static elementor-widget elementor-widget-spacer\" data-id=\"6738f89b\" data-element_type=\"widget\" data-e-type=\"widget\" data-widget_type=\"spacer.default\">\n\t\t\t\t<div class=\"elementor-widget-container\">\n\t\t\t\t\t\t\t<div class=\"elementor-spacer\">\n\t\t\t<div class=\"elementor-spacer-inner\"><\/div>\n\t\t<\/div>\n\t\t\t\t\t\t<\/div>\n\t\t\t\t<\/div>\n\t\t\t\t<section class=\"elementor-section-with-custom-width elementor-section elementor-inner-section elementor-element elementor-element-4e1c2da2 elementor-section-boxed elementor-section-height-default elementor-section-height-default sc_fly_static\" data-id=\"4e1c2da2\" data-element_type=\"section\" data-e-type=\"section\">\n\t\t\t\t\t\t<div class=\"elementor-container elementor-column-gap-default\">\n\t\t\t\t\t<div class=\"elementor-column elementor-col-100 elementor-inner-column elementor-element elementor-element-28937634 sc_inner_width_none sc_content_align_inherit sc_layouts_column_icons_position_left sc_fly_static\" data-id=\"28937634\" data-element_type=\"column\" data-e-type=\"column\">\n\t\t\t<div class=\"elementor-widget-wrap elementor-element-populated\">\n\t\t\t\t\t\t<div class=\"elementor-element elementor-element-669df524 animation_type_block sc_fly_static elementor-widget elementor-widget-trx_sc_title\" data-id=\"669df524\" data-element_type=\"widget\" data-e-type=\"widget\" data-widget_type=\"trx_sc_title.default\">\n\t\t\t\t<div class=\"elementor-widget-container\">\n\t\t\t\t\t<div\t\tclass=\"sc_title sc_title_default\" ><h1 class=\"sc_item_title sc_title_title sc_align_left sc_item_title_style_default sc_item_title_tag\"\n\t\t\t><span class=\"sc_item_title_text\">\u00bfQue son los auditorias SEO y para que sirven ?<\/span><\/h1><div class=\"sc_item_descr sc_title_descr sc_align_left\"><p>Las auditorias SEO son a su sitio web lo que los controles t\u00e9cnicos son a su auto. Si usted les ignora, terminar\u00e1 teniendo problemas tarde o temprano. En posicionamiento org\u00e1nico, dos dimensiones de an\u00e1lisis son muy importantes : la salud t\u00e9cnica de su sitio y la visibilidad que el mismo logra alcanzar en los motores de b\u00fasqueda.<\/p>\n<p>En esta p\u00e1gina le vamos a explicar lo que es una auditoria t\u00e9cnica, pero en esta otra secci\u00f3n, podr\u00e1 ver en detalles lo que es una auditoria de visibilidad.<\/p>\n<\/div><\/div>\t\t\t\t<\/div>\n\t\t\t\t<\/div>\n\t\t\t\t<div class=\"elementor-element elementor-element-567a89d animation_type_block sc_fly_static elementor-widget elementor-widget-spacer\" data-id=\"567a89d\" data-element_type=\"widget\" data-e-type=\"widget\" data-widget_type=\"spacer.default\">\n\t\t\t\t<div class=\"elementor-widget-container\">\n\t\t\t\t\t\t\t<div class=\"elementor-spacer\">\n\t\t\t<div class=\"elementor-spacer-inner\"><\/div>\n\t\t<\/div>\n\t\t\t\t\t\t<\/div>\n\t\t\t\t<\/div>\n\t\t\t\t<div class=\"elementor-element elementor-element-9501567 animation_type_block sc_fly_static elementor-widget elementor-widget-image\" data-id=\"9501567\" data-element_type=\"widget\" data-e-type=\"widget\" data-widget_type=\"image.default\">\n\t\t\t\t<div class=\"elementor-widget-container\">\n\t\t\t\t\t\t\t\t\t\t\t\t\t\t\t<img fetchpriority=\"high\" decoding=\"async\" width=\"1024\" height=\"400\" src=\"https:\/\/estudio-dokidoki.com\/es\/wp-content\/uploads\/2021\/11\/auditorias-seo-doki.jpg\" class=\"attachment-large size-large wp-image-18118\" alt=\"\" srcset=\"https:\/\/estudio-dokidoki.com\/es\/wp-content\/uploads\/2021\/11\/auditorias-seo-doki.jpg 1024w, https:\/\/estudio-dokidoki.com\/es\/wp-content\/uploads\/2021\/11\/auditorias-seo-doki-300x117.jpg 300w, https:\/\/estudio-dokidoki.com\/es\/wp-content\/uploads\/2021\/11\/auditorias-seo-doki-768x300.jpg 768w, https:\/\/estudio-dokidoki.com\/es\/wp-content\/uploads\/2021\/11\/auditorias-seo-doki-370x145.jpg 370w, https:\/\/estudio-dokidoki.com\/es\/wp-content\/uploads\/2021\/11\/auditorias-seo-doki-840x328.jpg 840w, https:\/\/estudio-dokidoki.com\/es\/wp-content\/uploads\/2021\/11\/auditorias-seo-doki-410x160.jpg 410w\" sizes=\"(max-width: 1024px) 100vw, 1024px\" \/>\t\t\t\t\t\t\t\t\t\t\t\t\t\t\t<\/div>\n\t\t\t\t<\/div>\n\t\t\t\t<div class=\"elementor-element elementor-element-5da09d94 animation_type_block sc_fly_static elementor-widget elementor-widget-spacer\" data-id=\"5da09d94\" data-element_type=\"widget\" data-e-type=\"widget\" data-widget_type=\"spacer.default\">\n\t\t\t\t<div class=\"elementor-widget-container\">\n\t\t\t\t\t\t\t<div class=\"elementor-spacer\">\n\t\t\t<div class=\"elementor-spacer-inner\"><\/div>\n\t\t<\/div>\n\t\t\t\t\t\t<\/div>\n\t\t\t\t<\/div>\n\t\t\t\t\t<\/div>\n\t\t<\/div>\n\t\t\t\t\t<\/div>\n\t\t<\/section>\n\t\t\t\t<section class=\"elementor-section-with-custom-width elementor-section elementor-inner-section elementor-element elementor-element-2c30cf02 elementor-section-boxed elementor-section-height-default elementor-section-height-default sc_fly_static\" data-id=\"2c30cf02\" data-element_type=\"section\" data-e-type=\"section\">\n\t\t\t\t\t\t<div class=\"elementor-container elementor-column-gap-default\">\n\t\t\t\t\t<div class=\"elementor-column elementor-col-100 elementor-inner-column elementor-element elementor-element-4c32fda0 sc_inner_width_none sc_content_align_inherit sc_layouts_column_icons_position_left sc_fly_static\" data-id=\"4c32fda0\" data-element_type=\"column\" data-e-type=\"column\">\n\t\t\t<div class=\"elementor-widget-wrap elementor-element-populated\">\n\t\t\t\t\t\t<div class=\"elementor-element elementor-element-419c8846 animation_type_block sc_fly_static elementor-widget elementor-widget-trx_sc_title\" data-id=\"419c8846\" data-element_type=\"widget\" data-e-type=\"widget\" data-widget_type=\"trx_sc_title.default\">\n\t\t\t\t<div class=\"elementor-widget-container\">\n\t\t\t\t\t<div\t\tclass=\"sc_title sc_title_default\" ><h2 class=\"sc_item_title sc_title_title sc_align_left sc_item_title_style_default sc_item_title_tag\"\n\t\t\t><span class=\"sc_item_title_text\">\u00bfCon una auditoria t\u00e9cnico SEO, que se analiza y porque?<\/span><\/h2><div class=\"sc_item_descr sc_title_descr sc_align_left\"><p>En 2021, los experto SEO consideran que el algoritmo de Google analiza m\u00e1s 200 criterios para saber como clasificar sus resultados. \u00a1Si, ha le\u00eddo bien, m\u00e1s de 200 criterios ! Entre ellos est\u00e1n los t\u00edtulos de sus paginas, las palabras claves que se usan, el tiempo que pasan los usuarios en su sitio etc.<\/p>\n<p>Si usted desea capacitarse en SEO, va a tener que seguir cursos, leer libros y ser muy constante en sus esfuerzos para poder combinar conocimientos transversales : un poco de programaci\u00f3n, de dise\u00f1o y de redacci\u00f3n para web.<\/p>\n<p>A la hora de realizar una auditoria t\u00e9cnica, nuestra agencia siempre privilegia la pedagog\u00eda, para poder mostrar de manera sencilla y visual algo que es muy complejo y no tan f\u00e1cil de acceso.<\/p>\n<p>En vez de evaluar y explicarle 200 criterios aburridos y complejos, nuestro equipe decidi\u00f3 de organizar todo en 10 ejes estrat\u00e9gicos y claves.<\/p>\n<\/div><\/div>\t\t\t\t<\/div>\n\t\t\t\t<\/div>\n\t\t\t\t<div class=\"elementor-element elementor-element-4d5aadad animation_type_block sc_fly_static elementor-widget elementor-widget-spacer\" data-id=\"4d5aadad\" data-element_type=\"widget\" data-e-type=\"widget\" data-widget_type=\"spacer.default\">\n\t\t\t\t<div class=\"elementor-widget-container\">\n\t\t\t\t\t\t\t<div class=\"elementor-spacer\">\n\t\t\t<div class=\"elementor-spacer-inner\"><\/div>\n\t\t<\/div>\n\t\t\t\t\t\t<\/div>\n\t\t\t\t<\/div>\n\t\t\t\t\t<\/div>\n\t\t<\/div>\n\t\t\t\t\t<\/div>\n\t\t<\/section>\n\t\t\t\t<section class=\"elementor-section-with-custom-width elementor-section elementor-inner-section elementor-element elementor-element-3462474e elementor-section-boxed elementor-section-height-default elementor-section-height-default sc_fly_static\" data-id=\"3462474e\" data-element_type=\"section\" data-e-type=\"section\">\n\t\t\t\t\t\t<div class=\"elementor-container elementor-column-gap-default\">\n\t\t\t\t\t<div class=\"elementor-column elementor-col-100 elementor-inner-column elementor-element elementor-element-67e9e9eb sc_inner_width_none sc_content_align_inherit sc_layouts_column_icons_position_left sc_fly_static\" data-id=\"67e9e9eb\" data-element_type=\"column\" data-e-type=\"column\">\n\t\t\t<div class=\"elementor-widget-wrap elementor-element-populated\">\n\t\t\t\t\t\t<div class=\"elementor-element elementor-element-252d92fc animation_type_block sc_fly_static elementor-widget elementor-widget-trx_sc_title\" data-id=\"252d92fc\" data-element_type=\"widget\" data-e-type=\"widget\" data-widget_type=\"trx_sc_title.default\">\n\t\t\t\t<div class=\"elementor-widget-container\">\n\t\t\t\t\t<div\t\tclass=\"sc_title sc_title_default\" ><h2 class=\"sc_item_title sc_title_title sc_align_left sc_item_title_style_default sc_item_title_tag\"\n\t\t\t><span class=\"sc_item_title_text\">\u00bfPodr\u00e9 identificar facilmente las fuerzas y debilidades de mi sitio web?<\/span><\/h2><div class=\"sc_item_descr sc_title_descr sc_align_left\"><p>\u00a1Es que es de eso que se trata!<\/p>\n<p>Nuestros 10 ejes de an\u00e1lisis son : La pertinencia de sus palabras claves, la correcta configuraci\u00f3n de sus paginas, la calidad de su contenido, la calidad de construcci\u00f3n de sus enlaces, la optimizaci\u00f3n de sus im\u00e1genes y vid\u00e9os, el alcance de su netlinking, la buena indexaci\u00f3n de su sitio en los buscadores, la velocidad de su sitio, sus interconexiones con sus redes sociales y la capacidad a adaptarse a todo los soportes (computadora de escritorio, tableta y celular).<\/p>\n<p>Si usted verifica cada parte de este espectro, estar\u00e1 en capacidad de saber si es que sitio esta bien configurado al nivel t\u00e9cnico para lograr seducir a todos los buscadores. \ud83d\ude0a<\/p>\n<\/div><\/div>\t\t\t\t<\/div>\n\t\t\t\t<\/div>\n\t\t\t\t<div class=\"elementor-element elementor-element-2cd7046 animation_type_block sc_fly_static elementor-widget elementor-widget-spacer\" data-id=\"2cd7046\" data-element_type=\"widget\" data-e-type=\"widget\" data-widget_type=\"spacer.default\">\n\t\t\t\t<div class=\"elementor-widget-container\">\n\t\t\t\t\t\t\t<div class=\"elementor-spacer\">\n\t\t\t<div class=\"elementor-spacer-inner\"><\/div>\n\t\t<\/div>\n\t\t\t\t\t\t<\/div>\n\t\t\t\t<\/div>\n\t\t\t\t\t<\/div>\n\t\t<\/div>\n\t\t\t\t\t<\/div>\n\t\t<\/section>\n\t\t\t\t<section class=\"elementor-section-with-custom-width elementor-section elementor-inner-section elementor-element elementor-element-13cc2f62 elementor-section-boxed elementor-section-height-default elementor-section-height-default sc_fly_static\" data-id=\"13cc2f62\" data-element_type=\"section\" data-e-type=\"section\">\n\t\t\t\t\t\t<div class=\"elementor-container elementor-column-gap-default\">\n\t\t\t\t\t<div class=\"elementor-column elementor-col-100 elementor-inner-column elementor-element elementor-element-30293e86 sc_inner_width_none sc_content_align_inherit sc_layouts_column_icons_position_left sc_fly_static\" data-id=\"30293e86\" data-element_type=\"column\" data-e-type=\"column\">\n\t\t\t<div class=\"elementor-widget-wrap elementor-element-populated\">\n\t\t\t\t\t\t<div class=\"elementor-element elementor-element-4774c6aa animation_type_block sc_fly_static elementor-widget elementor-widget-trx_sc_title\" data-id=\"4774c6aa\" data-element_type=\"widget\" data-e-type=\"widget\" data-widget_type=\"trx_sc_title.default\">\n\t\t\t\t<div class=\"elementor-widget-container\">\n\t\t\t\t\t<div\t\tclass=\"sc_title sc_title_default\" ><h2 class=\"sc_item_title sc_title_title sc_align_left sc_item_title_style_default sc_item_title_tag\"\n\t\t\t><span class=\"sc_item_title_text\">\u00bfQue tengo que hacer para aplicar los consejos y mejorar mi SEO?<\/span><\/h2><div class=\"sc_item_descr sc_title_descr sc_align_left\"><p>\u00bfQue tengo que hacer para aplicar los consejos y mejorar mi SEO?<br \/>\nLas auditorias le dar\u00e1 un visual claro sobre que mejorar y d\u00f3nde encontrar los mejores margenes de progreso. Usted podr\u00e1 elegir de esta manera si desea realizar una estrategia de A a Z o si prefiere realizar acciones puntuales y quir\u00fargicas.<\/p>\n<p>Vea con nosotros sin m\u00e1s tarder como desarrollar una estrategia completa o acciones puntuales y precisas.<\/p>\n<\/div><\/div>\t\t\t\t<\/div>\n\t\t\t\t<\/div>\n\t\t\t\t<div class=\"elementor-element elementor-element-7f784ea9 animation_type_block sc_fly_static elementor-widget elementor-widget-spacer\" data-id=\"7f784ea9\" data-element_type=\"widget\" data-e-type=\"widget\" data-widget_type=\"spacer.default\">\n\t\t\t\t<div class=\"elementor-widget-container\">\n\t\t\t\t\t\t\t<div class=\"elementor-spacer\">\n\t\t\t<div class=\"elementor-spacer-inner\"><\/div>\n\t\t<\/div>\n\t\t\t\t\t\t<\/div>\n\t\t\t\t<\/div>\n\t\t\t\t\t<\/div>\n\t\t<\/div>\n\t\t\t\t\t<\/div>\n\t\t<\/section>\n\t\t\t\t\t<\/div>\n\t\t<\/div>\n\t\t\t\t\t<\/div>\n\t\t<\/section>\n\t\t\t\t<section class=\"elementor-section-with-custom-width elementor-section elementor-top-section elementor-element elementor-element-69209fad elementor-section-height-min-height elementor-section-stretched elementor-section-boxed elementor-section-height-default elementor-section-items-middle sc_fly_static\" data-id=\"69209fad\" data-element_type=\"section\" data-e-type=\"section\" data-settings=\"{&quot;stretch_section&quot;:&quot;section-stretched&quot;,&quot;background_background&quot;:&quot;classic&quot;}\">\n\t\t\t\t\t\t<div class=\"elementor-container elementor-column-gap-default\">\n\t\t\t\t\t<div class=\"elementor-column elementor-col-66 elementor-top-column elementor-element elementor-element-5147b8ed sc_inner_width_none sc_content_align_inherit sc_layouts_column_icons_position_left sc_fly_static\" data-id=\"5147b8ed\" data-element_type=\"column\" data-e-type=\"column\">\n\t\t\t<div class=\"elementor-widget-wrap elementor-element-populated\">\n\t\t\t\t\t\t<div class=\"elementor-element elementor-element-21149c16 animation_type_block sc_fly_static elementor-widget elementor-widget-heading\" data-id=\"21149c16\" data-element_type=\"widget\" data-e-type=\"widget\" data-widget_type=\"heading.default\">\n\t\t\t\t<div class=\"elementor-widget-container\">\n\t\t\t\t\t<h5 class=\"elementor-heading-title elementor-size-default\">\"Nuestros expertos pueden ayudarle a determinar qu\u00e9 estrategia adoptar, y qu\u00e9 decisiones tomar\"<\/h5>\t\t\t\t<\/div>\n\t\t\t\t<\/div>\n\t\t\t\t\t<\/div>\n\t\t<\/div>\n\t\t\t\t<div class=\"elementor-column elementor-col-33 elementor-top-column elementor-element elementor-element-4da42b46 sc_inner_width_none sc_content_align_inherit sc_layouts_column_icons_position_left sc_fly_static\" data-id=\"4da42b46\" data-element_type=\"column\" data-e-type=\"column\">\n\t\t\t<div class=\"elementor-widget-wrap elementor-element-populated\">\n\t\t\t\t\t\t<div class=\"elementor-element elementor-element-df47be8 elementor-align-center animation_type_block sc_fly_static elementor-widget elementor-widget-button\" data-id=\"df47be8\" data-element_type=\"widget\" data-e-type=\"widget\" data-widget_type=\"button.default\">\n\t\t\t\t<div class=\"elementor-widget-container\">\n\t\t\t\t\t\t\t\t\t<div class=\"elementor-button-wrapper\">\n\t\t\t\t\t<a class=\"elementor-button elementor-button-link elementor-size-sm\" href=\"https:\/\/estudio-dokidoki.com\/contacto\/\">\n\t\t\t\t\t\t<span class=\"elementor-button-content-wrapper\">\n\t\t\t\t\t\t\t\t\t<span class=\"elementor-button-text\">\u00a1Cont\u00e1ctenos!<\/span>\n\t\t\t\t\t<\/span>\n\t\t\t\t\t<\/a>\n\t\t\t\t<\/div>\n\t\t\t\t\t\t\t\t<\/div>\n\t\t\t\t<\/div>\n\t\t\t\t\t<\/div>\n\t\t<\/div>\n\t\t\t\t\t<\/div>\n\t\t<\/section>\n\t\t\t\t<\/div>\n\t\t","protected":false},"excerpt":{"rendered":"<p>Auditorias T\u00e9cnicas \u00bfQue son los auditorias SEO y para que sirven ? Las auditorias SEO son a su sitio web lo que los controles t\u00e9cnicos son a su auto. Si&hellip;<\/p>\n","protected":false},"author":1,"featured_media":0,"parent":0,"menu_order":0,"comment_status":"closed","ping_status":"closed","template":"","meta":{"footnotes":""},"class_list":["post-17812","page","type-page","status-publish","hentry"],"_links":{"self":[{"href":"https:\/\/estudio-dokidoki.com\/es\/wp-json\/wp\/v2\/pages\/17812","targetHints":{"allow":["GET"]}}],"collection":[{"href":"https:\/\/estudio-dokidoki.com\/es\/wp-json\/wp\/v2\/pages"}],"about":[{"href":"https:\/\/estudio-dokidoki.com\/es\/wp-json\/wp\/v2\/types\/page"}],"author":[{"embeddable":true,"href":"https:\/\/estudio-dokidoki.com\/es\/wp-json\/wp\/v2\/users\/1"}],"replies":[{"embeddable":true,"href":"https:\/\/estudio-dokidoki.com\/es\/wp-json\/wp\/v2\/comments?post=17812"}],"version-history":[{"count":0,"href":"https:\/\/estudio-dokidoki.com\/es\/wp-json\/wp\/v2\/pages\/17812\/revisions"}],"wp:attachment":[{"href":"https:\/\/estudio-dokidoki.com\/es\/wp-json\/wp\/v2\/media?parent=17812"}],"curies":[{"name":"wp","href":"https:\/\/api.w.org\/{rel}","templated":true}]}}