{"id":17666,"date":"2021-10-27T23:04:05","date_gmt":"2021-10-28T04:04:05","guid":{"rendered":"http:\/\/doki.weowndesign.com\/?page_id=17666"},"modified":"2022-05-06T15:17:59","modified_gmt":"2022-05-06T20:17:59","slug":"gestion-de-campanas-bing","status":"publish","type":"page","link":"https:\/\/estudio-dokidoki.com\/es\/gestion-de-campanas-bing\/","title":{"rendered":"Gesti\u00f3n de campa\u00f1as Bing"},"content":{"rendered":"\t\t<div data-elementor-type=\"wp-page\" data-elementor-id=\"17666\" class=\"elementor elementor-17666\">\n\t\t\t\t\t\t<section class=\"elementor-section elementor-top-section elementor-element elementor-element-29a19219 elementor-section-full_width scheme_dark elementor-section-height-min-height elementor-section-stretched elementor-section-height-default elementor-section-items-middle sc_fly_static\" data-id=\"29a19219\" data-element_type=\"section\" data-e-type=\"section\" data-settings=\"{&quot;background_background&quot;:&quot;classic&quot;,&quot;stretch_section&quot;:&quot;section-stretched&quot;}\">\n\t\t\t\t\t\t\t<div class=\"elementor-background-overlay\"><\/div>\n\t\t\t\t\t\t\t<div class=\"elementor-container elementor-column-gap-default\">\n\t\t\t\t\t<div class=\"elementor-column elementor-col-100 elementor-top-column elementor-element elementor-element-188492b9 sc_inner_width_none sc_content_align_inherit sc_layouts_column_icons_position_left sc_fly_static\" data-id=\"188492b9\" data-element_type=\"column\" data-e-type=\"column\">\n\t\t\t<div class=\"elementor-widget-wrap elementor-element-populated\">\n\t\t\t\t\t\t<div class=\"elementor-element elementor-element-55cf4531 animation_type_block sc_fly_static elementor-widget elementor-widget-spacer\" data-id=\"55cf4531\" data-element_type=\"widget\" data-e-type=\"widget\" data-widget_type=\"spacer.default\">\n\t\t\t\t<div class=\"elementor-widget-container\">\n\t\t\t\t\t\t\t<div class=\"elementor-spacer\">\n\t\t\t<div class=\"elementor-spacer-inner\"><\/div>\n\t\t<\/div>\n\t\t\t\t\t\t<\/div>\n\t\t\t\t<\/div>\n\t\t\t\t<section class=\"elementor-section elementor-inner-section elementor-element elementor-element-36206f4d elementor-section-boxed elementor-section-height-default elementor-section-height-default sc_fly_static\" data-id=\"36206f4d\" data-element_type=\"section\" data-e-type=\"section\">\n\t\t\t\t\t\t<div class=\"elementor-container elementor-column-gap-default\">\n\t\t\t\t\t<div class=\"elementor-column elementor-col-16 elementor-inner-column elementor-element elementor-element-100a83e9 sc_inner_width_none sc_content_align_inherit sc_layouts_column_icons_position_left sc_fly_static\" data-id=\"100a83e9\" data-element_type=\"column\" data-e-type=\"column\">\n\t\t\t<div class=\"elementor-widget-wrap\">\n\t\t\t\t\t\t\t<\/div>\n\t\t<\/div>\n\t\t\t\t<div class=\"elementor-column elementor-col-66 elementor-inner-column elementor-element elementor-element-5a24568a sc_inner_width_none sc_content_align_inherit sc_layouts_column_icons_position_left sc_fly_static\" data-id=\"5a24568a\" data-element_type=\"column\" data-e-type=\"column\">\n\t\t\t<div class=\"elementor-widget-wrap elementor-element-populated\">\n\t\t\t\t\t\t<div class=\"elementor-element elementor-element-d946a58 animation_type_block sc_fly_static elementor-widget elementor-widget-trx_sc_title\" data-id=\"d946a58\" data-element_type=\"widget\" data-e-type=\"widget\" data-widget_type=\"trx_sc_title.default\">\n\t\t\t\t<div class=\"elementor-widget-container\">\n\t\t\t\t\t<div\t\tclass=\"sc_title color_style_dark sc_title_default\" ><h1 class=\"sc_item_title sc_title_title sc_align_center sc_item_title_style_default sc_item_title_tag\"\n\t\t\t><span class=\"sc_item_title_text\">Gesti\u00f3n de campa\u00f1as Bing<\/span><\/h1><\/div>\t\t\t\t<\/div>\n\t\t\t\t<\/div>\n\t\t\t\t\t<\/div>\n\t\t<\/div>\n\t\t\t\t<div class=\"elementor-column elementor-col-16 elementor-inner-column elementor-element elementor-element-31e1c06c sc_inner_width_none sc_content_align_inherit sc_layouts_column_icons_position_left sc_fly_static\" data-id=\"31e1c06c\" data-element_type=\"column\" data-e-type=\"column\">\n\t\t\t<div class=\"elementor-widget-wrap\">\n\t\t\t\t\t\t\t<\/div>\n\t\t<\/div>\n\t\t\t\t\t<\/div>\n\t\t<\/section>\n\t\t\t\t<div class=\"elementor-element elementor-element-74c89731 animation_type_block sc_fly_static elementor-widget elementor-widget-spacer\" data-id=\"74c89731\" data-element_type=\"widget\" data-e-type=\"widget\" data-widget_type=\"spacer.default\">\n\t\t\t\t<div class=\"elementor-widget-container\">\n\t\t\t\t\t\t\t<div class=\"elementor-spacer\">\n\t\t\t<div class=\"elementor-spacer-inner\"><\/div>\n\t\t<\/div>\n\t\t\t\t\t\t<\/div>\n\t\t\t\t<\/div>\n\t\t\t\t\t<\/div>\n\t\t<\/div>\n\t\t\t\t\t<\/div>\n\t\t<\/section>\n\t\t\t\t<section class=\"elementor-section elementor-top-section elementor-element elementor-element-610dca91 scheme_default elementor-section-boxed elementor-section-height-default elementor-section-height-default sc_fly_static\" data-id=\"610dca91\" data-element_type=\"section\" data-e-type=\"section\" data-settings=\"{&quot;background_background&quot;:&quot;classic&quot;}\">\n\t\t\t\t\t\t<div class=\"elementor-container elementor-column-gap-default\">\n\t\t\t\t\t<div class=\"elementor-column elementor-col-100 elementor-top-column elementor-element elementor-element-22d31ce0 sc_inner_width_none sc_content_align_inherit sc_layouts_column_icons_position_left sc_fly_static\" data-id=\"22d31ce0\" data-element_type=\"column\" data-e-type=\"column\">\n\t\t\t<div class=\"elementor-widget-wrap elementor-element-populated\">\n\t\t\t\t\t\t<div class=\"elementor-element elementor-element-2de9dd04 animation_type_block sc_fly_static elementor-widget elementor-widget-spacer\" data-id=\"2de9dd04\" data-element_type=\"widget\" data-e-type=\"widget\" data-widget_type=\"spacer.default\">\n\t\t\t\t<div class=\"elementor-widget-container\">\n\t\t\t\t\t\t\t<div class=\"elementor-spacer\">\n\t\t\t<div class=\"elementor-spacer-inner\"><\/div>\n\t\t<\/div>\n\t\t\t\t\t\t<\/div>\n\t\t\t\t<\/div>\n\t\t\t\t<div class=\"elementor-element elementor-element-6738f89b sc_layouts_hide_on_notebook sc_layouts_hide_on_tablet sc_layouts_hide_on_mobile animation_type_block sc_fly_static elementor-widget elementor-widget-spacer\" data-id=\"6738f89b\" data-element_type=\"widget\" data-e-type=\"widget\" data-widget_type=\"spacer.default\">\n\t\t\t\t<div class=\"elementor-widget-container\">\n\t\t\t\t\t\t\t<div class=\"elementor-spacer\">\n\t\t\t<div class=\"elementor-spacer-inner\"><\/div>\n\t\t<\/div>\n\t\t\t\t\t\t<\/div>\n\t\t\t\t<\/div>\n\t\t\t\t<section class=\"elementor-section-with-custom-width elementor-section elementor-inner-section elementor-element elementor-element-4e1c2da2 elementor-section-boxed elementor-section-height-default elementor-section-height-default sc_fly_static\" data-id=\"4e1c2da2\" data-element_type=\"section\" data-e-type=\"section\">\n\t\t\t\t\t\t<div class=\"elementor-container elementor-column-gap-default\">\n\t\t\t\t\t<div class=\"elementor-column elementor-col-100 elementor-inner-column elementor-element elementor-element-28937634 sc_inner_width_none sc_content_align_inherit sc_layouts_column_icons_position_left sc_fly_static\" data-id=\"28937634\" data-element_type=\"column\" data-e-type=\"column\">\n\t\t\t<div class=\"elementor-widget-wrap elementor-element-populated\">\n\t\t\t\t\t\t<div class=\"elementor-element elementor-element-669df524 animation_type_block sc_fly_static elementor-widget elementor-widget-trx_sc_title\" data-id=\"669df524\" data-element_type=\"widget\" data-e-type=\"widget\" data-widget_type=\"trx_sc_title.default\">\n\t\t\t\t<div class=\"elementor-widget-container\">\n\t\t\t\t\t<div\t\tclass=\"sc_title sc_title_default\" ><h1 class=\"sc_item_title sc_title_title sc_align_left sc_item_title_style_default sc_item_title_tag\"\n\t\t\t><span class=\"sc_item_title_text\">Gesti\u00f3n de campa\u00f1as Bing Ads: \u00bfPor d\u00f3nde empezar?<\/span><\/h1><div class=\"sc_item_descr sc_title_descr sc_align_left\"><p>\u00bfUsted est\u00e1 a punto que querer anunciar en Bing Ads? \u00a1Que buena idea! Como ya se imaginar\u00e1, Bing Ads funciona de manera similar a Google Ads, as\u00ed que si no ha le\u00eddo todav\u00eda nuestra p\u00e1gina dedicada a esta plataforma, \u00e9chele un ojo lo antes posible, le resultar\u00e1 \u00fatil. <\/p>\n<p>Invertir dinero en Bing Ads puede resultar muy eficiente para su estrategia SEA, ya que no todo el mundo la usa y es por eso que resulta muy interesante justamente. De cada 10 usuarios, 8 usan Google y 1 usa Bing. Es poco, pero sin embargo, a la esquela de un pa\u00eds, no deja de ser un publico importante al cual le podr\u00eda llegar sus mensajes publicitarios.<\/p>\n<p>Bing viene de fabrica con Windows, y tambi\u00e9n con el navegador de Microsoft, que se llama Edge. Cada vez m\u00e1s usuarios huyen Google tambi\u00e9n para intentar de proteger sus datos personales. As\u00ed que mejor no menospreciar esta plataforma, van a ver con nosotros que puede resultar muy buena y eficaz.<\/p>\n<\/div><\/div>\t\t\t\t<\/div>\n\t\t\t\t<\/div>\n\t\t\t\t<div class=\"elementor-element elementor-element-5da09d94 animation_type_block sc_fly_static elementor-widget elementor-widget-spacer\" data-id=\"5da09d94\" data-element_type=\"widget\" data-e-type=\"widget\" data-widget_type=\"spacer.default\">\n\t\t\t\t<div class=\"elementor-widget-container\">\n\t\t\t\t\t\t\t<div class=\"elementor-spacer\">\n\t\t\t<div class=\"elementor-spacer-inner\"><\/div>\n\t\t<\/div>\n\t\t\t\t\t\t<\/div>\n\t\t\t\t<\/div>\n\t\t\t\t<div class=\"elementor-element elementor-element-c475628 animation_type_block sc_fly_static elementor-widget elementor-widget-image\" data-id=\"c475628\" data-element_type=\"widget\" data-e-type=\"widget\" data-widget_type=\"image.default\">\n\t\t\t\t<div class=\"elementor-widget-container\">\n\t\t\t\t\t\t\t\t\t\t\t\t\t\t\t<img fetchpriority=\"high\" decoding=\"async\" width=\"1024\" height=\"400\" src=\"https:\/\/estudio-dokidoki.com\/es\/wp-content\/uploads\/2021\/11\/bing-ads-dokidoki.jpg\" class=\"attachment-large size-large wp-image-18047\" alt=\"\" srcset=\"https:\/\/estudio-dokidoki.com\/es\/wp-content\/uploads\/2021\/11\/bing-ads-dokidoki.jpg 1024w, https:\/\/estudio-dokidoki.com\/es\/wp-content\/uploads\/2021\/11\/bing-ads-dokidoki-300x117.jpg 300w, https:\/\/estudio-dokidoki.com\/es\/wp-content\/uploads\/2021\/11\/bing-ads-dokidoki-768x300.jpg 768w, https:\/\/estudio-dokidoki.com\/es\/wp-content\/uploads\/2021\/11\/bing-ads-dokidoki-370x145.jpg 370w, https:\/\/estudio-dokidoki.com\/es\/wp-content\/uploads\/2021\/11\/bing-ads-dokidoki-840x328.jpg 840w, https:\/\/estudio-dokidoki.com\/es\/wp-content\/uploads\/2021\/11\/bing-ads-dokidoki-410x160.jpg 410w\" sizes=\"(max-width: 1024px) 100vw, 1024px\" \/>\t\t\t\t\t\t\t\t\t\t\t\t\t\t\t<\/div>\n\t\t\t\t<\/div>\n\t\t\t\t<div class=\"elementor-element elementor-element-5488f63 animation_type_block sc_fly_static elementor-widget elementor-widget-spacer\" data-id=\"5488f63\" data-element_type=\"widget\" data-e-type=\"widget\" data-widget_type=\"spacer.default\">\n\t\t\t\t<div class=\"elementor-widget-container\">\n\t\t\t\t\t\t\t<div class=\"elementor-spacer\">\n\t\t\t<div class=\"elementor-spacer-inner\"><\/div>\n\t\t<\/div>\n\t\t\t\t\t\t<\/div>\n\t\t\t\t<\/div>\n\t\t\t\t\t<\/div>\n\t\t<\/div>\n\t\t\t\t\t<\/div>\n\t\t<\/section>\n\t\t\t\t<section class=\"elementor-section-with-custom-width elementor-section elementor-inner-section elementor-element elementor-element-2c30cf02 elementor-section-boxed elementor-section-height-default elementor-section-height-default sc_fly_static\" data-id=\"2c30cf02\" data-element_type=\"section\" data-e-type=\"section\">\n\t\t\t\t\t\t<div class=\"elementor-container elementor-column-gap-default\">\n\t\t\t\t\t<div class=\"elementor-column elementor-col-100 elementor-inner-column elementor-element elementor-element-4c32fda0 sc_inner_width_none sc_content_align_inherit sc_layouts_column_icons_position_left sc_fly_static\" data-id=\"4c32fda0\" data-element_type=\"column\" data-e-type=\"column\">\n\t\t\t<div class=\"elementor-widget-wrap elementor-element-populated\">\n\t\t\t\t\t\t<div class=\"elementor-element elementor-element-419c8846 animation_type_block sc_fly_static elementor-widget elementor-widget-trx_sc_title\" data-id=\"419c8846\" data-element_type=\"widget\" data-e-type=\"widget\" data-widget_type=\"trx_sc_title.default\">\n\t\t\t\t<div class=\"elementor-widget-container\">\n\t\t\t\t\t<div\t\tclass=\"sc_title sc_title_default\" ><h2 class=\"sc_item_title sc_title_title sc_align_left sc_item_title_style_default sc_item_title_tag\"\n\t\t\t><span class=\"sc_item_title_text\">\u00bfCuales son los requisitos y lo que tendr\u00eda que saber?<\/span><\/h2><div class=\"sc_item_descr sc_title_descr sc_align_left\"><p>Bing Ads funciona de la misma manera que Google Ads. Es decir usa anuncios, palabras claves y un sistema de pujas que determina el pago por clic. Adem\u00e1s, tiene una herramienta que le permite importar sus campa\u00f1as desde Google Ads, la cual resulta muy practico.<\/p>\n<p>Para Bing Ads, nuestros consejos de optimizaci\u00f3n ser\u00e1n los mismo que para Google Ads : controle a su CPC (costo por clic), CTR (tasa de clic), Conversion rate (tasa de conversi\u00f3n) y UX (experiencia del usuario). \u00a1Record\u00e9 que cada etapa de su embudo de conversi\u00f3n es importante ! Si usted descuida una, terminar\u00e1 perdiendo plata o clientes, lo cu\u00e1l en fin es lo mismo\u2026<\/p>\n<\/div><\/div>\t\t\t\t<\/div>\n\t\t\t\t<\/div>\n\t\t\t\t<div class=\"elementor-element elementor-element-4d5aadad animation_type_block sc_fly_static elementor-widget elementor-widget-spacer\" data-id=\"4d5aadad\" data-element_type=\"widget\" data-e-type=\"widget\" data-widget_type=\"spacer.default\">\n\t\t\t\t<div class=\"elementor-widget-container\">\n\t\t\t\t\t\t\t<div class=\"elementor-spacer\">\n\t\t\t<div class=\"elementor-spacer-inner\"><\/div>\n\t\t<\/div>\n\t\t\t\t\t\t<\/div>\n\t\t\t\t<\/div>\n\t\t\t\t\t<\/div>\n\t\t<\/div>\n\t\t\t\t\t<\/div>\n\t\t<\/section>\n\t\t\t\t<section class=\"elementor-section-with-custom-width elementor-section elementor-inner-section elementor-element elementor-element-3462474e elementor-section-boxed elementor-section-height-default elementor-section-height-default sc_fly_static\" data-id=\"3462474e\" data-element_type=\"section\" data-e-type=\"section\">\n\t\t\t\t\t\t<div class=\"elementor-container elementor-column-gap-default\">\n\t\t\t\t\t<div class=\"elementor-column elementor-col-100 elementor-inner-column elementor-element elementor-element-67e9e9eb sc_inner_width_none sc_content_align_inherit sc_layouts_column_icons_position_left sc_fly_static\" data-id=\"67e9e9eb\" data-element_type=\"column\" data-e-type=\"column\">\n\t\t\t<div class=\"elementor-widget-wrap elementor-element-populated\">\n\t\t\t\t\t\t<div class=\"elementor-element elementor-element-252d92fc animation_type_block sc_fly_static elementor-widget elementor-widget-trx_sc_title\" data-id=\"252d92fc\" data-element_type=\"widget\" data-e-type=\"widget\" data-widget_type=\"trx_sc_title.default\">\n\t\t\t\t<div class=\"elementor-widget-container\">\n\t\t\t\t\t<div\t\tclass=\"sc_title sc_title_default\" ><h2 class=\"sc_item_title sc_title_title sc_align_left sc_item_title_style_default sc_item_title_tag\"\n\t\t\t><span class=\"sc_item_title_text\">\u00bfQue diferencia Bing Ads de Google Ads?<\/span><\/h2><div class=\"sc_item_descr sc_title_descr sc_align_left\"><p>Bing y Bing Ads son un poco considerados como los hermanos menores de Google y Google ads. Tienen menos audiencias, tecnolog\u00eda menos avanzada, menos anunciantes etc. As\u00ed que por un lado, al querer usar Bing Ads, va a enfrentarse a ventajas y desventajas en comparaci\u00f3n a Google Ads.<\/p>\n<p>Que haya menos usuarios, significa tambi\u00e9n que habr\u00e1 menos anunciantes y que por ende, el costo por clic podr\u00eda ser m\u00e1s econ\u00f3mico. \u00a1Y eso es verdad ! En Bing Ads usted descubrir\u00e1 que hay menos oportunidades para aparecer, pero que tambi\u00e9n el costo por clic es m\u00e1s econ\u00f3mico, que la ergon\u00f3mica de la plataforma es un poco m\u00e1s r\u00edgida, que el soporte es m\u00e1s eficiente y que las estad\u00edsticas no son tan detalladas como en Google Ads.<\/p>\n<p>Como se habra dado cuenta, es un mundo un poco diferente y aunque encontramos los mismos \u00abconceptos\u00bb observamos tambi\u00e9n resultados diferentes. As\u00ed que si dio la vuelta a Google Ads, quiere probar algo nuevo con un presupuesto complementario o desea simplemente tener una ventaja adicionar para captar nuevos clientes\u2026 \u00a1No dude en lanzar nuevas campa\u00f1as SEA all\u00ed!<\/p>\n<\/div><\/div>\t\t\t\t<\/div>\n\t\t\t\t<\/div>\n\t\t\t\t<div class=\"elementor-element elementor-element-2cd7046 animation_type_block sc_fly_static elementor-widget elementor-widget-spacer\" data-id=\"2cd7046\" data-element_type=\"widget\" data-e-type=\"widget\" data-widget_type=\"spacer.default\">\n\t\t\t\t<div class=\"elementor-widget-container\">\n\t\t\t\t\t\t\t<div class=\"elementor-spacer\">\n\t\t\t<div class=\"elementor-spacer-inner\"><\/div>\n\t\t<\/div>\n\t\t\t\t\t\t<\/div>\n\t\t\t\t<\/div>\n\t\t\t\t\t<\/div>\n\t\t<\/div>\n\t\t\t\t\t<\/div>\n\t\t<\/section>\n\t\t\t\t<section class=\"elementor-section-with-custom-width elementor-section elementor-inner-section elementor-element elementor-element-13cc2f62 elementor-section-boxed elementor-section-height-default elementor-section-height-default sc_fly_static\" data-id=\"13cc2f62\" data-element_type=\"section\" data-e-type=\"section\">\n\t\t\t\t\t\t<div class=\"elementor-container elementor-column-gap-default\">\n\t\t\t\t\t<div class=\"elementor-column elementor-col-100 elementor-inner-column elementor-element elementor-element-30293e86 sc_inner_width_none sc_content_align_inherit sc_layouts_column_icons_position_left sc_fly_static\" data-id=\"30293e86\" data-element_type=\"column\" data-e-type=\"column\">\n\t\t\t<div class=\"elementor-widget-wrap elementor-element-populated\">\n\t\t\t\t\t\t<div class=\"elementor-element elementor-element-4774c6aa animation_type_block sc_fly_static elementor-widget elementor-widget-trx_sc_title\" data-id=\"4774c6aa\" data-element_type=\"widget\" data-e-type=\"widget\" data-widget_type=\"trx_sc_title.default\">\n\t\t\t\t<div class=\"elementor-widget-container\">\n\t\t\t\t\t<div\t\tclass=\"sc_title sc_title_default\" ><h2 class=\"sc_item_title sc_title_title sc_align_left sc_item_title_style_default sc_item_title_tag\"\n\t\t\t><span class=\"sc_item_title_text\">\u00bfPodr\u00edan crear y lanzar campa\u00f1as en Bing para nosotros?<\/span><\/h2><div class=\"sc_item_descr sc_title_descr sc_align_left\"><p>\u00a1Claro que si! Nuestros expertos saben mostrarse talentosos y polivalentes a lo hora de querer desarrollar una estrategia SEA completa y diversificada. \ud83d\ude09<\/p>\n<\/div><\/div>\t\t\t\t<\/div>\n\t\t\t\t<\/div>\n\t\t\t\t<div class=\"elementor-element elementor-element-7f784ea9 animation_type_block sc_fly_static elementor-widget elementor-widget-spacer\" data-id=\"7f784ea9\" data-element_type=\"widget\" data-e-type=\"widget\" data-widget_type=\"spacer.default\">\n\t\t\t\t<div class=\"elementor-widget-container\">\n\t\t\t\t\t\t\t<div class=\"elementor-spacer\">\n\t\t\t<div class=\"elementor-spacer-inner\"><\/div>\n\t\t<\/div>\n\t\t\t\t\t\t<\/div>\n\t\t\t\t<\/div>\n\t\t\t\t\t<\/div>\n\t\t<\/div>\n\t\t\t\t\t<\/div>\n\t\t<\/section>\n\t\t\t\t\t<\/div>\n\t\t<\/div>\n\t\t\t\t\t<\/div>\n\t\t<\/section>\n\t\t\t\t<section class=\"elementor-section-with-custom-width elementor-section elementor-top-section elementor-element elementor-element-53fb1a7f elementor-section-height-min-height elementor-section-stretched elementor-section-boxed elementor-section-height-default elementor-section-items-middle sc_fly_static\" data-id=\"53fb1a7f\" data-element_type=\"section\" data-e-type=\"section\" data-settings=\"{&quot;stretch_section&quot;:&quot;section-stretched&quot;,&quot;background_background&quot;:&quot;classic&quot;}\">\n\t\t\t\t\t\t<div class=\"elementor-container elementor-column-gap-default\">\n\t\t\t\t\t<div class=\"elementor-column elementor-col-66 elementor-top-column elementor-element elementor-element-49c99750 sc_inner_width_none sc_content_align_inherit sc_layouts_column_icons_position_left sc_fly_static\" data-id=\"49c99750\" data-element_type=\"column\" data-e-type=\"column\">\n\t\t\t<div class=\"elementor-widget-wrap elementor-element-populated\">\n\t\t\t\t\t\t<div class=\"elementor-element elementor-element-2e67bf1e animation_type_block sc_fly_static elementor-widget elementor-widget-heading\" data-id=\"2e67bf1e\" data-element_type=\"widget\" data-e-type=\"widget\" data-widget_type=\"heading.default\">\n\t\t\t\t<div class=\"elementor-widget-container\">\n\t\t\t\t\t<h5 class=\"elementor-heading-title elementor-size-default\">\"Nuestros expertos pueden ayudarle a determinar qu\u00e9 estrategia adoptar, y qu\u00e9 decisiones tomar\"<\/h5>\t\t\t\t<\/div>\n\t\t\t\t<\/div>\n\t\t\t\t\t<\/div>\n\t\t<\/div>\n\t\t\t\t<div class=\"elementor-column elementor-col-33 elementor-top-column elementor-element elementor-element-6c29f23f sc_inner_width_none sc_content_align_inherit sc_layouts_column_icons_position_left sc_fly_static\" data-id=\"6c29f23f\" data-element_type=\"column\" data-e-type=\"column\">\n\t\t\t<div class=\"elementor-widget-wrap elementor-element-populated\">\n\t\t\t\t\t\t<div class=\"elementor-element elementor-element-710baf3a elementor-align-center animation_type_block sc_fly_static elementor-widget elementor-widget-button\" data-id=\"710baf3a\" data-element_type=\"widget\" data-e-type=\"widget\" data-widget_type=\"button.default\">\n\t\t\t\t<div class=\"elementor-widget-container\">\n\t\t\t\t\t\t\t\t\t<div class=\"elementor-button-wrapper\">\n\t\t\t\t\t<a class=\"elementor-button elementor-button-link elementor-size-sm\" href=\"https:\/\/estudio-dokidoki.com\/contacto\/\">\n\t\t\t\t\t\t<span class=\"elementor-button-content-wrapper\">\n\t\t\t\t\t\t\t\t\t<span class=\"elementor-button-text\">\u00a1Cont\u00e1ctenos!<\/span>\n\t\t\t\t\t<\/span>\n\t\t\t\t\t<\/a>\n\t\t\t\t<\/div>\n\t\t\t\t\t\t\t\t<\/div>\n\t\t\t\t<\/div>\n\t\t\t\t\t<\/div>\n\t\t<\/div>\n\t\t\t\t\t<\/div>\n\t\t<\/section>\n\t\t\t\t<\/div>\n\t\t","protected":false},"excerpt":{"rendered":"<p>Gesti\u00f3n de campa\u00f1as Bing Gesti\u00f3n de campa\u00f1as Bing Ads: \u00bfPor d\u00f3nde empezar? \u00bfUsted est\u00e1 a punto que querer anunciar en Bing Ads? \u00a1Que buena idea! Como ya se imaginar\u00e1, Bing&hellip;<\/p>\n","protected":false},"author":1,"featured_media":0,"parent":0,"menu_order":0,"comment_status":"closed","ping_status":"closed","template":"","meta":{"footnotes":""},"class_list":["post-17666","page","type-page","status-publish","hentry"],"_links":{"self":[{"href":"https:\/\/estudio-dokidoki.com\/es\/wp-json\/wp\/v2\/pages\/17666","targetHints":{"allow":["GET"]}}],"collection":[{"href":"https:\/\/estudio-dokidoki.com\/es\/wp-json\/wp\/v2\/pages"}],"about":[{"href":"https:\/\/estudio-dokidoki.com\/es\/wp-json\/wp\/v2\/types\/page"}],"author":[{"embeddable":true,"href":"https:\/\/estudio-dokidoki.com\/es\/wp-json\/wp\/v2\/users\/1"}],"replies":[{"embeddable":true,"href":"https:\/\/estudio-dokidoki.com\/es\/wp-json\/wp\/v2\/comments?post=17666"}],"version-history":[{"count":0,"href":"https:\/\/estudio-dokidoki.com\/es\/wp-json\/wp\/v2\/pages\/17666\/revisions"}],"wp:attachment":[{"href":"https:\/\/estudio-dokidoki.com\/es\/wp-json\/wp\/v2\/media?parent=17666"}],"curies":[{"name":"wp","href":"https:\/\/api.w.org\/{rel}","templated":true}]}}