{"id":17570,"date":"2021-10-27T21:32:18","date_gmt":"2021-10-28T02:32:18","guid":{"rendered":"http:\/\/doki.weowndesign.com\/?page_id=17570"},"modified":"2022-05-06T15:18:08","modified_gmt":"2022-05-06T20:18:08","slug":"estrategia-sea","status":"publish","type":"page","link":"https:\/\/estudio-dokidoki.com\/es\/estrategia-sea\/","title":{"rendered":"Estrategia SEA"},"content":{"rendered":"\t\t<div data-elementor-type=\"wp-page\" data-elementor-id=\"17570\" class=\"elementor elementor-17570\">\n\t\t\t\t\t\t<section class=\"elementor-section elementor-top-section elementor-element elementor-element-71d2cb0d elementor-section-full_width scheme_dark elementor-section-height-min-height elementor-section-height-default elementor-section-items-middle sc_fly_static\" data-id=\"71d2cb0d\" data-element_type=\"section\" data-e-type=\"section\" data-settings=\"{&quot;background_background&quot;:&quot;classic&quot;}\">\n\t\t\t\t\t\t\t<div class=\"elementor-background-overlay\"><\/div>\n\t\t\t\t\t\t\t<div class=\"elementor-container elementor-column-gap-default\">\n\t\t\t\t\t<div class=\"elementor-column elementor-col-100 elementor-top-column elementor-element elementor-element-36dad257 sc_inner_width_none sc_content_align_inherit sc_layouts_column_icons_position_left sc_fly_static\" data-id=\"36dad257\" data-element_type=\"column\" data-e-type=\"column\">\n\t\t\t<div class=\"elementor-widget-wrap elementor-element-populated\">\n\t\t\t\t\t\t<div class=\"elementor-element elementor-element-4c2490a7 animation_type_block sc_fly_static elementor-widget elementor-widget-spacer\" data-id=\"4c2490a7\" data-element_type=\"widget\" data-e-type=\"widget\" data-widget_type=\"spacer.default\">\n\t\t\t\t<div class=\"elementor-widget-container\">\n\t\t\t\t\t\t\t<div class=\"elementor-spacer\">\n\t\t\t<div class=\"elementor-spacer-inner\"><\/div>\n\t\t<\/div>\n\t\t\t\t\t\t<\/div>\n\t\t\t\t<\/div>\n\t\t\t\t<section class=\"elementor-section elementor-inner-section elementor-element elementor-element-12c7e0d6 elementor-section-boxed elementor-section-height-default elementor-section-height-default sc_fly_static\" data-id=\"12c7e0d6\" data-element_type=\"section\" data-e-type=\"section\">\n\t\t\t\t\t\t<div class=\"elementor-container elementor-column-gap-default\">\n\t\t\t\t\t<div class=\"elementor-column elementor-col-16 elementor-inner-column elementor-element elementor-element-4e95ae6c sc_inner_width_none sc_content_align_inherit sc_layouts_column_icons_position_left sc_fly_static\" data-id=\"4e95ae6c\" data-element_type=\"column\" data-e-type=\"column\">\n\t\t\t<div class=\"elementor-widget-wrap\">\n\t\t\t\t\t\t\t<\/div>\n\t\t<\/div>\n\t\t\t\t<div class=\"elementor-column elementor-col-66 elementor-inner-column elementor-element elementor-element-11051e0a sc_inner_width_none sc_content_align_inherit sc_layouts_column_icons_position_left sc_fly_static\" data-id=\"11051e0a\" data-element_type=\"column\" data-e-type=\"column\">\n\t\t\t<div class=\"elementor-widget-wrap elementor-element-populated\">\n\t\t\t\t\t\t<div class=\"elementor-element elementor-element-4819dd16 animation_type_block sc_fly_static elementor-widget elementor-widget-trx_sc_title\" data-id=\"4819dd16\" data-element_type=\"widget\" data-e-type=\"widget\" data-widget_type=\"trx_sc_title.default\">\n\t\t\t\t<div class=\"elementor-widget-container\">\n\t\t\t\t\t<div\t\tclass=\"sc_title color_style_dark sc_title_default\" ><h1 class=\"sc_item_title sc_title_title sc_align_center sc_item_title_style_default sc_item_title_tag\"\n\t\t\t><span class=\"sc_item_title_text\">Estrategia SEA<\/span><\/h1><\/div>\t\t\t\t<\/div>\n\t\t\t\t<\/div>\n\t\t\t\t\t<\/div>\n\t\t<\/div>\n\t\t\t\t<div class=\"elementor-column elementor-col-16 elementor-inner-column elementor-element elementor-element-4b68c4a9 sc_inner_width_none sc_content_align_inherit sc_layouts_column_icons_position_left sc_fly_static\" data-id=\"4b68c4a9\" data-element_type=\"column\" data-e-type=\"column\">\n\t\t\t<div class=\"elementor-widget-wrap\">\n\t\t\t\t\t\t\t<\/div>\n\t\t<\/div>\n\t\t\t\t\t<\/div>\n\t\t<\/section>\n\t\t\t\t<div class=\"elementor-element elementor-element-747f6499 animation_type_block sc_fly_static elementor-widget elementor-widget-spacer\" data-id=\"747f6499\" data-element_type=\"widget\" data-e-type=\"widget\" data-widget_type=\"spacer.default\">\n\t\t\t\t<div class=\"elementor-widget-container\">\n\t\t\t\t\t\t\t<div class=\"elementor-spacer\">\n\t\t\t<div class=\"elementor-spacer-inner\"><\/div>\n\t\t<\/div>\n\t\t\t\t\t\t<\/div>\n\t\t\t\t<\/div>\n\t\t\t\t\t<\/div>\n\t\t<\/div>\n\t\t\t\t\t<\/div>\n\t\t<\/section>\n\t\t\t\t<section class=\"elementor-section elementor-top-section elementor-element elementor-element-5afa8a64 scheme_default elementor-section-boxed elementor-section-height-default elementor-section-height-default sc_fly_static\" data-id=\"5afa8a64\" data-element_type=\"section\" data-e-type=\"section\" data-settings=\"{&quot;background_background&quot;:&quot;classic&quot;}\">\n\t\t\t\t\t\t<div class=\"elementor-container elementor-column-gap-default\">\n\t\t\t\t\t<div class=\"elementor-column elementor-col-100 elementor-top-column elementor-element elementor-element-60194243 sc_inner_width_none sc_content_align_inherit sc_layouts_column_icons_position_left sc_fly_static\" data-id=\"60194243\" data-element_type=\"column\" data-e-type=\"column\">\n\t\t\t<div class=\"elementor-widget-wrap elementor-element-populated\">\n\t\t\t\t\t\t<div class=\"elementor-element elementor-element-2699f083 animation_type_block sc_fly_static elementor-widget elementor-widget-spacer\" data-id=\"2699f083\" data-element_type=\"widget\" data-e-type=\"widget\" data-widget_type=\"spacer.default\">\n\t\t\t\t<div class=\"elementor-widget-container\">\n\t\t\t\t\t\t\t<div class=\"elementor-spacer\">\n\t\t\t<div class=\"elementor-spacer-inner\"><\/div>\n\t\t<\/div>\n\t\t\t\t\t\t<\/div>\n\t\t\t\t<\/div>\n\t\t\t\t<div class=\"elementor-element elementor-element-a88fb2c sc_layouts_hide_on_notebook sc_layouts_hide_on_tablet sc_layouts_hide_on_mobile animation_type_block sc_fly_static elementor-widget elementor-widget-spacer\" data-id=\"a88fb2c\" data-element_type=\"widget\" data-e-type=\"widget\" data-widget_type=\"spacer.default\">\n\t\t\t\t<div class=\"elementor-widget-container\">\n\t\t\t\t\t\t\t<div class=\"elementor-spacer\">\n\t\t\t<div class=\"elementor-spacer-inner\"><\/div>\n\t\t<\/div>\n\t\t\t\t\t\t<\/div>\n\t\t\t\t<\/div>\n\t\t\t\t<section class=\"elementor-section-with-custom-width elementor-section elementor-inner-section elementor-element elementor-element-7425e586 elementor-section-boxed elementor-section-height-default elementor-section-height-default sc_fly_static\" data-id=\"7425e586\" data-element_type=\"section\" data-e-type=\"section\">\n\t\t\t\t\t\t<div class=\"elementor-container elementor-column-gap-default\">\n\t\t\t\t\t<div class=\"elementor-column elementor-col-100 elementor-inner-column elementor-element elementor-element-11dd8deb sc_inner_width_none sc_content_align_inherit sc_layouts_column_icons_position_left sc_fly_static\" data-id=\"11dd8deb\" data-element_type=\"column\" data-e-type=\"column\">\n\t\t\t<div class=\"elementor-widget-wrap elementor-element-populated\">\n\t\t\t\t\t\t<div class=\"elementor-element elementor-element-64638c7d animation_type_block sc_fly_static elementor-widget elementor-widget-trx_sc_title\" data-id=\"64638c7d\" data-element_type=\"widget\" data-e-type=\"widget\" data-widget_type=\"trx_sc_title.default\">\n\t\t\t\t<div class=\"elementor-widget-container\">\n\t\t\t\t\t<div\t\tclass=\"sc_title sc_title_default\" ><h1 class=\"sc_item_title sc_title_title sc_align_left sc_item_title_style_default sc_item_title_tag\"\n\t\t\t><span class=\"sc_item_title_text\">Estrategia SEA para empresas y organizaciones<\/span><\/h1><div class=\"sc_item_descr sc_title_descr sc_align_left\"><p>Su sitio web est\u00e1 online pero no tiene mucho trafico? No logra captar gente y convertirles en clientes? Bueno, yo le dir\u00eda que es normal si es que en ning\u00fan momento usted ha implementado y desarrollado una estrategia SEA, SEO o ambas. <\/p>\n<p>Porque? Buena pregunta \ud83d\ude00<\/p>\n<p>Vamos a intentar de explicarle de manera sencilla. Lanzar un sitio web en internet es un poco parecido al hecho de abrir un local comercial, en un calle poco transitada. Nos gusta mucho esta met\u00e1fora, porque la similitudes son importantes pero tambi\u00e9n l\u00f3gicas. Para su local buscar\u00eda la manera de distribuir flyers en avenidas m\u00e1s importantes cercanas verdad? Tal vez buscar\u00eda la manera de hacer alianzas con otros locales del sector para realizar ventas cruzadas, no?<\/p>\n<p>Bueno, para su sitio web, tiene que hacer exactamente lo mismo, pero en ves de adquirir visibilidad en su ciudad debe lograr conseguirlo en los buscadores de internet: Google, Bing, Yahoo etc.<\/p>\n<p>Para aparecer primero en las b\u00fasquedas que est\u00e1n relacionadas a su actividad, usted tiene principalmente dos opciones, que son ambas consideradas como posibles canales de adquisici\u00f3n de trafico para su sitio web : Aparecer gracias a acciones realizadas en posicionamiento org\u00e1nico (SEO) o mediante el lanzamiento de campa\u00f1as en esos mismos buscadores (SEA).<\/p>\n<\/div><\/div>\t\t\t\t<\/div>\n\t\t\t\t<\/div>\n\t\t\t\t<div class=\"elementor-element elementor-element-1c1ae36 animation_type_block sc_fly_static elementor-widget elementor-widget-spacer\" data-id=\"1c1ae36\" data-element_type=\"widget\" data-e-type=\"widget\" data-widget_type=\"spacer.default\">\n\t\t\t\t<div class=\"elementor-widget-container\">\n\t\t\t\t\t\t\t<div class=\"elementor-spacer\">\n\t\t\t<div class=\"elementor-spacer-inner\"><\/div>\n\t\t<\/div>\n\t\t\t\t\t\t<\/div>\n\t\t\t\t<\/div>\n\t\t\t\t<div class=\"elementor-element elementor-element-c7380a7 animation_type_block sc_fly_static elementor-widget elementor-widget-image\" data-id=\"c7380a7\" data-element_type=\"widget\" data-e-type=\"widget\" data-widget_type=\"image.default\">\n\t\t\t\t<div class=\"elementor-widget-container\">\n\t\t\t\t\t\t\t\t\t\t\t\t\t\t\t<img fetchpriority=\"high\" decoding=\"async\" width=\"1024\" height=\"400\" src=\"https:\/\/estudio-dokidoki.com\/es\/wp-content\/uploads\/2021\/11\/search-dokidoki.jpg\" class=\"attachment-large size-large wp-image-18006\" alt=\"\" srcset=\"https:\/\/estudio-dokidoki.com\/es\/wp-content\/uploads\/2021\/11\/search-dokidoki.jpg 1024w, https:\/\/estudio-dokidoki.com\/es\/wp-content\/uploads\/2021\/11\/search-dokidoki-300x117.jpg 300w, https:\/\/estudio-dokidoki.com\/es\/wp-content\/uploads\/2021\/11\/search-dokidoki-768x300.jpg 768w, https:\/\/estudio-dokidoki.com\/es\/wp-content\/uploads\/2021\/11\/search-dokidoki-370x145.jpg 370w, https:\/\/estudio-dokidoki.com\/es\/wp-content\/uploads\/2021\/11\/search-dokidoki-840x328.jpg 840w, https:\/\/estudio-dokidoki.com\/es\/wp-content\/uploads\/2021\/11\/search-dokidoki-410x160.jpg 410w\" sizes=\"(max-width: 1024px) 100vw, 1024px\" \/>\t\t\t\t\t\t\t\t\t\t\t\t\t\t\t<\/div>\n\t\t\t\t<\/div>\n\t\t\t\t<div class=\"elementor-element elementor-element-bba4e1e animation_type_block sc_fly_static elementor-widget elementor-widget-spacer\" data-id=\"bba4e1e\" data-element_type=\"widget\" data-e-type=\"widget\" data-widget_type=\"spacer.default\">\n\t\t\t\t<div class=\"elementor-widget-container\">\n\t\t\t\t\t\t\t<div class=\"elementor-spacer\">\n\t\t\t<div class=\"elementor-spacer-inner\"><\/div>\n\t\t<\/div>\n\t\t\t\t\t\t<\/div>\n\t\t\t\t<\/div>\n\t\t\t\t\t<\/div>\n\t\t<\/div>\n\t\t\t\t\t<\/div>\n\t\t<\/section>\n\t\t\t\t<section class=\"elementor-section-with-custom-width elementor-section elementor-inner-section elementor-element elementor-element-7f59da7 elementor-section-boxed elementor-section-height-default elementor-section-height-default sc_fly_static\" data-id=\"7f59da7\" data-element_type=\"section\" data-e-type=\"section\">\n\t\t\t\t\t\t<div class=\"elementor-container elementor-column-gap-default\">\n\t\t\t\t\t<div class=\"elementor-column elementor-col-100 elementor-inner-column elementor-element elementor-element-b2088fc sc_inner_width_none sc_content_align_inherit sc_layouts_column_icons_position_left sc_fly_static\" data-id=\"b2088fc\" data-element_type=\"column\" data-e-type=\"column\">\n\t\t\t<div class=\"elementor-widget-wrap elementor-element-populated\">\n\t\t\t\t\t\t<div class=\"elementor-element elementor-element-ec97ded animation_type_block sc_fly_static elementor-widget elementor-widget-trx_sc_title\" data-id=\"ec97ded\" data-element_type=\"widget\" data-e-type=\"widget\" data-widget_type=\"trx_sc_title.default\">\n\t\t\t\t<div class=\"elementor-widget-container\">\n\t\t\t\t\t<div\t\tclass=\"sc_title sc_title_default\" ><h2 class=\"sc_item_title sc_title_title sc_align_left sc_item_title_style_default sc_item_title_tag\"\n\t\t\t><span class=\"sc_item_title_text\">\u00bfQue es una estrategia SEA y porque deber\u00eda implementarla para su negocio?<\/span><\/h2><div class=\"sc_item_descr sc_title_descr sc_align_left\"><p>SEA significa Search Engine Advertising (Publicidad en buscadores).<\/p>\n<p>Ha visto en Google unos enlaces patrocinados dentro de los primeros resultados ? Bueno, de eso se trata. Los buscadores proponen, mediante el uso de sus plataformas respectivas (Google Ads para Google, Bing Ads para Bing etc.) la posibilidad de anunciar all\u00ed. Cada clic realizado en sus anuncios le costar\u00e1 algo (PPC), y al final del mes el buscador le enviar\u00e1 una factura. As\u00ed es la l\u00f3gica.<\/p>\n<p>Si usted vende autos en Quito y logra posicionarse primero sobre las b\u00fasquedas de tipo \u00abcompra de auto en Quito\u00bb, entonces tendr\u00e1 m\u00e1s ventas, si es que lo gestiona bien. Es as\u00ed de simple.<\/p>\n<\/div><\/div>\t\t\t\t<\/div>\n\t\t\t\t<\/div>\n\t\t\t\t<div class=\"elementor-element elementor-element-ab7e8dc animation_type_block sc_fly_static elementor-widget elementor-widget-spacer\" data-id=\"ab7e8dc\" data-element_type=\"widget\" data-e-type=\"widget\" data-widget_type=\"spacer.default\">\n\t\t\t\t<div class=\"elementor-widget-container\">\n\t\t\t\t\t\t\t<div class=\"elementor-spacer\">\n\t\t\t<div class=\"elementor-spacer-inner\"><\/div>\n\t\t<\/div>\n\t\t\t\t\t\t<\/div>\n\t\t\t\t<\/div>\n\t\t\t\t\t<\/div>\n\t\t<\/div>\n\t\t\t\t\t<\/div>\n\t\t<\/section>\n\t\t\t\t<section class=\"elementor-section-with-custom-width elementor-section elementor-inner-section elementor-element elementor-element-3972ce1 elementor-section-boxed elementor-section-height-default elementor-section-height-default sc_fly_static\" data-id=\"3972ce1\" data-element_type=\"section\" data-e-type=\"section\">\n\t\t\t\t\t\t<div class=\"elementor-container elementor-column-gap-default\">\n\t\t\t\t\t<div class=\"elementor-column elementor-col-100 elementor-inner-column elementor-element elementor-element-23a8cd1 sc_inner_width_none sc_content_align_inherit sc_layouts_column_icons_position_left sc_fly_static\" data-id=\"23a8cd1\" data-element_type=\"column\" data-e-type=\"column\">\n\t\t\t<div class=\"elementor-widget-wrap elementor-element-populated\">\n\t\t\t\t\t\t<div class=\"elementor-element elementor-element-b8ecdc4 animation_type_block sc_fly_static elementor-widget elementor-widget-trx_sc_title\" data-id=\"b8ecdc4\" data-element_type=\"widget\" data-e-type=\"widget\" data-widget_type=\"trx_sc_title.default\">\n\t\t\t\t<div class=\"elementor-widget-container\">\n\t\t\t\t\t<div\t\tclass=\"sc_title sc_title_default\" ><h2 class=\"sc_item_title sc_title_title sc_align_left sc_item_title_style_default sc_item_title_tag\"\n\t\t\t><span class=\"sc_item_title_text\">\u00bfInvertir en SEA, una estrategia de corto plazo?<\/span><\/h2><div class=\"sc_item_descr sc_title_descr sc_align_left\"><p>Si Usted paga, aparece\u2026 \ud83d\ude0e Si deja de pagar, desaparece\u2026 \ud83d\ude25<\/p>\n<p>Invertir en SEA da resultados inmediatos, as\u00ed que resulta ser una estrategia sumamente interesante a la hora de conseguir su primer trafico si es que su sitio web fue reci\u00e9n lanzado por ejemplo. Las campa\u00f1as de publicidad en buscadores pueden, indirectamente, ayudarlo a mejor su posicionamiento org\u00e1nico tambi\u00e9n, gracias a un efecto de tipo \u00abcirculo virtuoso\u00bb. Es un poco t\u00e9cnico esta parte, pero nuestros expertos podr\u00eda explicarle eso con much\u00edsima pedagog\u00eda, no se preocupe.<\/p>\n<p>En caso de tener muchos competidores en su mercado o muchos actores que evolucionan en su tem\u00e1tica, es muy probable que tenga que recurrir a inversiones en SEA para lograr aparecer. Mas competitividad hay y m\u00e1s dif\u00edcil ser\u00e1 su cruzada del desierto hacia la primera oasis ! En todo caso, le recomendar\u00edamos realizar un estudio de mercado antes de lanzarse, para conocer los costos promedios de clic y los posible retornos sobre conversi\u00f3n alcanzables.<\/p>\n<\/div><\/div>\t\t\t\t<\/div>\n\t\t\t\t<\/div>\n\t\t\t\t<div class=\"elementor-element elementor-element-fea3a8c animation_type_block sc_fly_static elementor-widget elementor-widget-spacer\" data-id=\"fea3a8c\" data-element_type=\"widget\" data-e-type=\"widget\" data-widget_type=\"spacer.default\">\n\t\t\t\t<div class=\"elementor-widget-container\">\n\t\t\t\t\t\t\t<div class=\"elementor-spacer\">\n\t\t\t<div class=\"elementor-spacer-inner\"><\/div>\n\t\t<\/div>\n\t\t\t\t\t\t<\/div>\n\t\t\t\t<\/div>\n\t\t\t\t\t<\/div>\n\t\t<\/div>\n\t\t\t\t\t<\/div>\n\t\t<\/section>\n\t\t\t\t<section class=\"elementor-section-with-custom-width elementor-section elementor-inner-section elementor-element elementor-element-dca317f elementor-section-boxed elementor-section-height-default elementor-section-height-default sc_fly_static\" data-id=\"dca317f\" data-element_type=\"section\" data-e-type=\"section\">\n\t\t\t\t\t\t<div class=\"elementor-container elementor-column-gap-default\">\n\t\t\t\t\t<div class=\"elementor-column elementor-col-100 elementor-inner-column elementor-element elementor-element-a211960 sc_inner_width_none sc_content_align_inherit sc_layouts_column_icons_position_left sc_fly_static\" data-id=\"a211960\" data-element_type=\"column\" data-e-type=\"column\">\n\t\t\t<div class=\"elementor-widget-wrap elementor-element-populated\">\n\t\t\t\t\t\t<div class=\"elementor-element elementor-element-c1105f7 animation_type_block sc_fly_static elementor-widget elementor-widget-trx_sc_title\" data-id=\"c1105f7\" data-element_type=\"widget\" data-e-type=\"widget\" data-widget_type=\"trx_sc_title.default\">\n\t\t\t\t<div class=\"elementor-widget-container\">\n\t\t\t\t\t<div\t\tclass=\"sc_title sc_title_default\" ><h2 class=\"sc_item_title sc_title_title sc_align_left sc_item_title_style_default sc_item_title_tag\"\n\t\t\t><span class=\"sc_item_title_text\">\u00bfComo lanzar campa\u00f1as exitosas en Google Ads y Bing?<\/span><\/h2><div class=\"sc_item_descr sc_title_descr sc_align_left\"><p>Una campa\u00f1a exitosa siempre se logra con estrategia, sentido com\u00fan y cuidado de los detalles.<\/p>\n<p>Una campa\u00f1a Google Ads o Bing Ads siempre presentan los mismos elementos : una selecci\u00f3n de palabras claves en las cuales queremos aparecer, unos mensajes a car\u00e1cter publicitario y por fin una reglas de uso de presupuesto seg\u00fan lo que estamos dispuesto a pagar o no.<\/p>\n<p> Si usted cuida muy bien cada etapa de esas etapas, entonces lograr\u00e1 conseguir visitantes que podr\u00e1 convertir a clientes, caso contrario podr\u00eda gastar mucho dinero sin tener ning\u00fan resultado cualitativo, as\u00ed que tengan mucho cuidado con eso.<\/p>\n<p>Si usted los desea, puede seguir aprendiendo m\u00e1s sobre el tema leyendo nuestras secciones del sitio dedicada a eso. \ud83d\ude09<\/p>\n<\/div><\/div>\t\t\t\t<\/div>\n\t\t\t\t<\/div>\n\t\t\t\t<div class=\"elementor-element elementor-element-711d222 animation_type_block sc_fly_static elementor-widget elementor-widget-spacer\" data-id=\"711d222\" data-element_type=\"widget\" data-e-type=\"widget\" data-widget_type=\"spacer.default\">\n\t\t\t\t<div class=\"elementor-widget-container\">\n\t\t\t\t\t\t\t<div class=\"elementor-spacer\">\n\t\t\t<div class=\"elementor-spacer-inner\"><\/div>\n\t\t<\/div>\n\t\t\t\t\t\t<\/div>\n\t\t\t\t<\/div>\n\t\t\t\t<div class=\"elementor-element elementor-element-142e737 animation_type_block sc_fly_static elementor-widget elementor-widget-image\" data-id=\"142e737\" data-element_type=\"widget\" data-e-type=\"widget\" data-widget_type=\"image.default\">\n\t\t\t\t<div class=\"elementor-widget-container\">\n\t\t\t\t\t\t\t\t\t\t\t\t\t\t\t<img decoding=\"async\" width=\"1024\" height=\"400\" src=\"https:\/\/estudio-dokidoki.com\/es\/wp-content\/uploads\/2021\/11\/ads-dokidoki.jpg\" class=\"attachment-large size-large wp-image-18005\" alt=\"\" srcset=\"https:\/\/estudio-dokidoki.com\/es\/wp-content\/uploads\/2021\/11\/ads-dokidoki.jpg 1024w, https:\/\/estudio-dokidoki.com\/es\/wp-content\/uploads\/2021\/11\/ads-dokidoki-300x117.jpg 300w, https:\/\/estudio-dokidoki.com\/es\/wp-content\/uploads\/2021\/11\/ads-dokidoki-768x300.jpg 768w, https:\/\/estudio-dokidoki.com\/es\/wp-content\/uploads\/2021\/11\/ads-dokidoki-370x145.jpg 370w, https:\/\/estudio-dokidoki.com\/es\/wp-content\/uploads\/2021\/11\/ads-dokidoki-840x328.jpg 840w, https:\/\/estudio-dokidoki.com\/es\/wp-content\/uploads\/2021\/11\/ads-dokidoki-410x160.jpg 410w\" sizes=\"(max-width: 1024px) 100vw, 1024px\" \/>\t\t\t\t\t\t\t\t\t\t\t\t\t\t\t<\/div>\n\t\t\t\t<\/div>\n\t\t\t\t<div class=\"elementor-element elementor-element-2263ac8 animation_type_block sc_fly_static elementor-widget elementor-widget-spacer\" data-id=\"2263ac8\" data-element_type=\"widget\" data-e-type=\"widget\" data-widget_type=\"spacer.default\">\n\t\t\t\t<div class=\"elementor-widget-container\">\n\t\t\t\t\t\t\t<div class=\"elementor-spacer\">\n\t\t\t<div class=\"elementor-spacer-inner\"><\/div>\n\t\t<\/div>\n\t\t\t\t\t\t<\/div>\n\t\t\t\t<\/div>\n\t\t\t\t\t<\/div>\n\t\t<\/div>\n\t\t\t\t\t<\/div>\n\t\t<\/section>\n\t\t\t\t\t<\/div>\n\t\t<\/div>\n\t\t\t\t\t<\/div>\n\t\t<\/section>\n\t\t\t\t<section class=\"elementor-section-with-custom-width elementor-section elementor-top-section elementor-element elementor-element-67c78b02 elementor-section-height-min-height elementor-section-stretched elementor-section-boxed elementor-section-height-default elementor-section-items-middle sc_fly_static\" data-id=\"67c78b02\" data-element_type=\"section\" data-e-type=\"section\" data-settings=\"{&quot;stretch_section&quot;:&quot;section-stretched&quot;,&quot;background_background&quot;:&quot;classic&quot;}\">\n\t\t\t\t\t\t<div class=\"elementor-container elementor-column-gap-default\">\n\t\t\t\t\t<div class=\"elementor-column elementor-col-66 elementor-top-column elementor-element elementor-element-714d641a sc_inner_width_none sc_content_align_inherit sc_layouts_column_icons_position_left sc_fly_static\" data-id=\"714d641a\" data-element_type=\"column\" data-e-type=\"column\">\n\t\t\t<div class=\"elementor-widget-wrap elementor-element-populated\">\n\t\t\t\t\t\t<div class=\"elementor-element elementor-element-4b624b5f animation_type_block sc_fly_static elementor-widget elementor-widget-heading\" data-id=\"4b624b5f\" data-element_type=\"widget\" data-e-type=\"widget\" data-widget_type=\"heading.default\">\n\t\t\t\t<div class=\"elementor-widget-container\">\n\t\t\t\t\t<h5 class=\"elementor-heading-title elementor-size-default\">\"Nuestros expertos pueden ayudarle a determinar qu\u00e9 estrategia adoptar, y qu\u00e9 decisiones tomar\"<\/h5>\t\t\t\t<\/div>\n\t\t\t\t<\/div>\n\t\t\t\t\t<\/div>\n\t\t<\/div>\n\t\t\t\t<div class=\"elementor-column elementor-col-33 elementor-top-column elementor-element elementor-element-37b01956 sc_inner_width_none sc_content_align_inherit sc_layouts_column_icons_position_left sc_fly_static\" data-id=\"37b01956\" data-element_type=\"column\" data-e-type=\"column\">\n\t\t\t<div class=\"elementor-widget-wrap elementor-element-populated\">\n\t\t\t\t\t\t<div class=\"elementor-element elementor-element-27cdb666 elementor-align-center animation_type_block sc_fly_static elementor-widget elementor-widget-button\" data-id=\"27cdb666\" data-element_type=\"widget\" data-e-type=\"widget\" data-widget_type=\"button.default\">\n\t\t\t\t<div class=\"elementor-widget-container\">\n\t\t\t\t\t\t\t\t\t<div class=\"elementor-button-wrapper\">\n\t\t\t\t\t<a class=\"elementor-button elementor-button-link elementor-size-sm\" href=\"https:\/\/estudio-dokidoki.com\/contacto\/\">\n\t\t\t\t\t\t<span class=\"elementor-button-content-wrapper\">\n\t\t\t\t\t\t\t\t\t<span class=\"elementor-button-text\">\u00a1Cont\u00e1ctenos!<\/span>\n\t\t\t\t\t<\/span>\n\t\t\t\t\t<\/a>\n\t\t\t\t<\/div>\n\t\t\t\t\t\t\t\t<\/div>\n\t\t\t\t<\/div>\n\t\t\t\t\t<\/div>\n\t\t<\/div>\n\t\t\t\t\t<\/div>\n\t\t<\/section>\n\t\t\t\t<\/div>\n\t\t","protected":false},"excerpt":{"rendered":"<p>Estrategia SEA Estrategia SEA para empresas y organizaciones Su sitio web est\u00e1 online pero no tiene mucho trafico? No logra captar gente y convertirles en clientes? Bueno, yo le dir\u00eda&hellip;<\/p>\n","protected":false},"author":1,"featured_media":0,"parent":0,"menu_order":0,"comment_status":"closed","ping_status":"closed","template":"","meta":{"footnotes":""},"class_list":["post-17570","page","type-page","status-publish","hentry"],"_links":{"self":[{"href":"https:\/\/estudio-dokidoki.com\/es\/wp-json\/wp\/v2\/pages\/17570","targetHints":{"allow":["GET"]}}],"collection":[{"href":"https:\/\/estudio-dokidoki.com\/es\/wp-json\/wp\/v2\/pages"}],"about":[{"href":"https:\/\/estudio-dokidoki.com\/es\/wp-json\/wp\/v2\/types\/page"}],"author":[{"embeddable":true,"href":"https:\/\/estudio-dokidoki.com\/es\/wp-json\/wp\/v2\/users\/1"}],"replies":[{"embeddable":true,"href":"https:\/\/estudio-dokidoki.com\/es\/wp-json\/wp\/v2\/comments?post=17570"}],"version-history":[{"count":0,"href":"https:\/\/estudio-dokidoki.com\/es\/wp-json\/wp\/v2\/pages\/17570\/revisions"}],"wp:attachment":[{"href":"https:\/\/estudio-dokidoki.com\/es\/wp-json\/wp\/v2\/media?parent=17570"}],"curies":[{"name":"wp","href":"https:\/\/api.w.org\/{rel}","templated":true}]}}